{"id":8981,"date":"2023-03-04T19:38:39","date_gmt":"2023-03-04T18:38:39","guid":{"rendered":"https:\/\/www.drphotgraph.de\/?page_id=8981"},"modified":"2025-09-15T14:29:30","modified_gmt":"2025-09-15T12:29:30","slug":"portrait-nachts-in-paris","status":"publish","type":"page","link":"https:\/\/www.drphotgraph.de\/?page_id=8981","title":{"rendered":"Portrait: Nachts in Paris"},"content":{"rendered":"\t\t<div data-elementor-type=\"wp-page\" data-elementor-id=\"8981\" class=\"elementor elementor-8981\">\n\t\t\t\t\t\t<section class=\"elementor-section elementor-top-section elementor-element elementor-element-57e650bf elementor-section-full_width elementor-hidden-desktop elementor-hidden-tablet elementor-section-height-default elementor-section-height-default\" data-id=\"57e650bf\" data-element_type=\"section\" data-e-type=\"section\">\n\t\t\t\t\t\t<div class=\"elementor-container elementor-column-gap-default\">\n\t\t\t\t\t<div class=\"elementor-column elementor-col-50 elementor-top-column elementor-element elementor-element-46995d7b\" data-id=\"46995d7b\" data-element_type=\"column\" data-e-type=\"column\">\n\t\t\t<div class=\"elementor-widget-wrap elementor-element-populated\">\n\t\t\t\t\t\t<div class=\"elementor-element elementor-element-509aff5d elementor-widget elementor-widget-heading\" data-id=\"509aff5d\" data-element_type=\"widget\" data-e-type=\"widget\" data-widget_type=\"heading.default\">\n\t\t\t\t<div class=\"elementor-widget-container\">\n\t\t\t\t\t<h2 class=\"elementor-heading-title elementor-size-default\">Portrait: Nachts in Paris<\/h2>\t\t\t\t<\/div>\n\t\t\t\t<\/div>\n\t\t\t\t\t<\/div>\n\t\t<\/div>\n\t\t\t\t<div class=\"elementor-column elementor-col-50 elementor-top-column elementor-element elementor-element-3aa91c7\" data-id=\"3aa91c7\" data-element_type=\"column\" data-e-type=\"column\" data-settings=\"{&quot;background_background&quot;:&quot;classic&quot;}\">\n\t\t\t<div class=\"elementor-widget-wrap elementor-element-populated\">\n\t\t\t\t\t\t<div class=\"elementor-element elementor-element-78ad6de0 elementor-position-right elementor-vertical-align-top elementor-widget elementor-widget-image-box\" data-id=\"78ad6de0\" data-element_type=\"widget\" data-e-type=\"widget\" data-widget_type=\"image-box.default\">\n\t\t\t\t<div class=\"elementor-widget-container\">\n\t\t\t\t\t<div class=\"elementor-image-box-wrapper\"><figure class=\"elementor-image-box-img\"><a href=\"https:\/\/www.drphotgraph.de\/?page_id=6020\" tabindex=\"-1\"><img fetchpriority=\"high\" decoding=\"async\" width=\"300\" height=\"191\" src=\"https:\/\/www.drphotgraph.de\/wp-content\/uploads\/2023\/01\/bbt-220325-162711-D3851-o03.webp\" class=\"attachment-full size-full wp-image-8111\" alt=\"Fotograf Dresden Zylinder Zylinderhur Schwarzes Kleid Portraitfotograf Hochzeitsfotograf\" \/><\/a><\/figure><\/div>\t\t\t\t<\/div>\n\t\t\t\t<\/div>\n\t\t\t\t\t<\/div>\n\t\t<\/div>\n\t\t\t\t\t<\/div>\n\t\t<\/section>\n\t\t\t\t<section class=\"elementor-section elementor-top-section elementor-element elementor-element-21827b0b elementor-section-full_width elementor-hidden-tablet elementor-hidden-mobile elementor-section-height-default elementor-section-height-default\" data-id=\"21827b0b\" data-element_type=\"section\" data-e-type=\"section\">\n\t\t\t\t\t\t<div class=\"elementor-container elementor-column-gap-default\">\n\t\t\t\t\t<div class=\"elementor-column elementor-col-33 elementor-top-column elementor-element elementor-element-5c7ce816\" data-id=\"5c7ce816\" data-element_type=\"column\" data-e-type=\"column\">\n\t\t\t<div class=\"elementor-widget-wrap\">\n\t\t\t\t\t\t\t<\/div>\n\t\t<\/div>\n\t\t\t\t<div class=\"elementor-column elementor-col-33 elementor-top-column elementor-element elementor-element-6ce219d1\" data-id=\"6ce219d1\" data-element_type=\"column\" data-e-type=\"column\">\n\t\t\t<div class=\"elementor-widget-wrap elementor-element-populated\">\n\t\t\t\t\t\t<div class=\"elementor-element elementor-element-1672f005 elementor-widget elementor-widget-heading\" data-id=\"1672f005\" data-element_type=\"widget\" data-e-type=\"widget\" data-widget_type=\"heading.default\">\n\t\t\t\t<div class=\"elementor-widget-container\">\n\t\t\t\t\t<h2 class=\"elementor-heading-title elementor-size-default\">Portrait: Nachts in Paris<\/h2>\t\t\t\t<\/div>\n\t\t\t\t<\/div>\n\t\t\t\t\t<\/div>\n\t\t<\/div>\n\t\t\t\t<div class=\"elementor-column elementor-col-33 elementor-top-column elementor-element elementor-element-3d8b52f9\" data-id=\"3d8b52f9\" data-element_type=\"column\" data-e-type=\"column\" data-settings=\"{&quot;background_background&quot;:&quot;classic&quot;}\">\n\t\t\t<div class=\"elementor-widget-wrap elementor-element-populated\">\n\t\t\t\t\t\t<div class=\"elementor-element elementor-element-6c389749 elementor-position-right elementor-vertical-align-top elementor-widget elementor-widget-image-box\" data-id=\"6c389749\" data-element_type=\"widget\" data-e-type=\"widget\" data-widget_type=\"image-box.default\">\n\t\t\t\t<div class=\"elementor-widget-container\">\n\t\t\t\t\t<div class=\"elementor-image-box-wrapper\"><figure class=\"elementor-image-box-img\"><a href=\"https:\/\/www.drphotgraph.de\/?page_id=6020\" tabindex=\"-1\"><img fetchpriority=\"high\" decoding=\"async\" width=\"300\" height=\"191\" src=\"https:\/\/www.drphotgraph.de\/wp-content\/uploads\/2023\/01\/bbt-220325-162711-D3851-o03.webp\" class=\"attachment-full size-full wp-image-8111\" alt=\"Fotograf Dresden Zylinder Zylinderhur Schwarzes Kleid Portraitfotograf Hochzeitsfotograf\" \/><\/a><\/figure><\/div>\t\t\t\t<\/div>\n\t\t\t\t<\/div>\n\t\t\t\t\t<\/div>\n\t\t<\/div>\n\t\t\t\t\t<\/div>\n\t\t<\/section>\n\t\t\t\t<section class=\"elementor-section elementor-top-section elementor-element elementor-element-7ff33e56 elementor-section-boxed elementor-section-height-default elementor-section-height-default\" data-id=\"7ff33e56\" data-element_type=\"section\" data-e-type=\"section\">\n\t\t\t\t\t\t<div class=\"elementor-container elementor-column-gap-default\">\n\t\t\t\t\t<div class=\"elementor-column elementor-col-100 elementor-top-column elementor-element elementor-element-c39fe48\" data-id=\"c39fe48\" data-element_type=\"column\" data-e-type=\"column\">\n\t\t\t<div class=\"elementor-widget-wrap elementor-element-populated\">\n\t\t\t\t\t\t<div class=\"elementor-element elementor-element-6af65d73 elementor-widget elementor-widget-text-editor\" data-id=\"6af65d73\" data-element_type=\"widget\" data-e-type=\"widget\" data-widget_type=\"text-editor.default\">\n\t\t\t\t<div class=\"elementor-widget-container\">\n\t\t\t\t\t\t\t\t\t<p>Ich bin recht sp\u00e4t in Paris angekommen und erreichte gerade noch die letzte Metro zu meinem Hotel am alten Bureau de Sel im 7. Arrondissement. Dann war auch noch die dortige Station gesperrt und ich musste mit dem gesamten Gep\u00e4ck fr\u00fcher aussteigen. <div class=\"bg-margin-for-link\"><input type='hidden' bg_collapse_expand='69fc7fa7183ab3077256724' value='69fc7fa7183ab3077256724'><input type='hidden' id='bg-show-more-text-69fc7fa7183ab3077256724' value='Ganzen Text anzeigen.'><input type='hidden' id='bg-show-less-text-69fc7fa7183ab3077256724' value='Text ausblenden.'><a id='bg-showmore-action-69fc7fa7183ab3077256724' class='bg-showmore-plg-link bg-eye '  style=\" color:LightBlue;;\" href='#'>Ganzen Text anzeigen.<\/a><div id='bg-showmore-hidden-69fc7fa7183ab3077256724' > Beim Verlassen der Metrostation bot sich ein ungew\u00f6hnlich tristes Bild: In einem f\u00fcr Frankreich so markanten roten Tabac-Zeichen flackerte eine defekte Lampe. Schlie\u00dflich stellte ich ern\u00fcchtert fest, dass Lebogue&apos;s alter Kiosk den Lock-Down nicht \u00fcberstanden hat und trotz seines bemitleidenswert verfallenen Zustands verzweifelt auf einen neuen Mieter hofft. Ein St\u00fcck weiter sah ich schlie\u00dflich Lebogue&apos;s alten Lieferwagen. Eine leere Rotweinflasche lag auf dem Gehweg. Eine fast umgest\u00fcrzte, aber intakt leuchtende Stra\u00dfenlaterne zeichnete aus ihrer ungewohnten Lage gespenstische Schatten an die Fassade.<\/p><p>Mitten in diesem trostlosen, ansonsten menschenleeren Ensemble aus dem flackernden Tabac-Zeichen, dem verfallenen Kiosk und der leeren Weinflasche sah ich fast schon am Rande des Lichtkegels der nahezu umgebrochenden Laterne eine junge Dame, die im Nachtleben der Millionenstadt irgendwie gestrandet war und nun in Gedanken versunken, fast eingeschlafen an der Fassade lehnte. Es war eine der Situationen, in denen man als Fotograf nicht einfach vorbeigehen kann.<\/p><p>Ich schlich mich in sichere Entfernung und fluchte erstmal, weil ich keine Vollformatausr\u00fcstung dabei hatte. Dann \u00f6ffnete ich ganz leise den Koffer, holte die 70D heraus, montierte das EF 50mm\/1.8 und stellte ISO und Blende bis zum Anschlag. Langsam suchte ich die beste Perspektive und fokussierte. Bei rasendem Puls hielt ich die Luft an und dr\u00fcckte den Ausl\u00f6ser&#8230; Beim Klacken der Kamera bemerkte sie mich. Ich machte mich auf ein Donnerwetter gefasst. Mit dem ganzen Gep\u00e4ck h\u00e4tte ich noch nicht einmal wegrennen k\u00f6nnen. Doch mit gro\u00dfer Verwunderung sah ich durch den Sucher, wie sie sich aufrichtete, durch ihr Haar strich, und mir l\u00e4chelnd ein weiteres Foto gestattete.<\/p><p>Im Nachhinein sieht man an den Bildern sehr deutlich, dass Paris auch an den heruntergekommensten und verwahrlosesten Stellen Flair und Charme wie keine zweite Stadt hat.<\/div><\/div><\/p>\t\t\t\t\t\t\t\t<\/div>\n\t\t\t\t<\/div>\n\t\t\t\t\t<\/div>\n\t\t<\/div>\n\t\t\t\t\t<\/div>\n\t\t<\/section>\n\t\t\t\t<section class=\"elementor-section elementor-top-section elementor-element elementor-element-6cfb30a7 elementor-section-boxed elementor-section-height-default elementor-section-height-default\" data-id=\"6cfb30a7\" data-element_type=\"section\" data-e-type=\"section\">\n\t\t\t\t\t\t<div class=\"elementor-container elementor-column-gap-default\">\n\t\t\t\t\t<div class=\"elementor-column elementor-col-100 elementor-top-column elementor-element elementor-element-140dc95\" data-id=\"140dc95\" data-element_type=\"column\" data-e-type=\"column\">\n\t\t\t<div class=\"elementor-widget-wrap elementor-element-populated\">\n\t\t\t\t\t\t<div class=\"elementor-element elementor-element-2cc16965 elementor-widget elementor-widget-shortcode\" data-id=\"2cc16965\" data-element_type=\"widget\" data-e-type=\"widget\" data-widget_type=\"shortcode.default\">\n\t\t\t\t<div class=\"elementor-widget-container\">\n\t\t\t\t\t\t\t<div class=\"elementor-shortcode\"><div class=\"gallery-post\"><style type=\"text\/css\">\n#foogallery-gallery-8979.fg-justified .fg-item { margin-right: 1px; margin-bottom: 1px; }\n#foogallery-gallery-8979.fg-justified .fg-image { height: 150px; }<\/style>\n\t\t\t<style type=\"text\/css\">\n#foogallery-gallery-8979_1.fg-justified .fg-item { margin-right: 1px; margin-bottom: 1px; }\n#foogallery-gallery-8979_1.fg-justified .fg-image { height: 150px; }<\/style>\n\t\t\t<div class=\"foogallery foogallery-container foogallery-justified foogallery-lightbox-none fg-justified fg-ready fg-dark fg-loading-default fg-loaded-fade-in fg-caption-hover fg-hover-fade fg-hover-plus\" id=\"foogallery-gallery-8979_1\" data-foogallery=\"{&quot;item&quot;:{&quot;showCaptionTitle&quot;:true,&quot;showCaptionDescription&quot;:true},&quot;lazy&quot;:true,&quot;template&quot;:{&quot;rowHeight&quot;:150,&quot;maxRowHeight&quot;:250,&quot;margins&quot;:1,&quot;align&quot;:&quot;center&quot;,&quot;lastRow&quot;:&quot;smart&quot;}}\" style=\"--fg-title-line-clamp: 0; --fg-description-line-clamp: 0;\" >\n\t<div class=\"fg-item fg-type-image fg-idle\"><figure class=\"fg-item-inner\"><a href=\"https:\/\/www.drphotgraph.de\/wp-content\/uploads\/2023\/03\/1066-gal-230218-200434-C8677-o09.webp\" data-attachment-id=\"8975\" data-e-disable-page-transition=\"true\" data-type=\"image\" class=\"fg-thumb\"><span class=\"fg-image-wrap\"><img decoding=\"async\" alt=\"Paris Rue du Bac Montagne de l&#039;Apothicaire Fotograf Streetview Laurent Lebogue\" height=\"250\" width=\"308\" class=\"skip-lazy fg-image\" data-src-fg=\"https:\/\/www.drphotgraph.de\/wp-content\/uploads\/cache\/2023\/03\/1066-gal-230218-200434-C8677-o09\/1603873316.webp\" src=\"data:image\/svg+xml,%3Csvg%20xmlns%3D%22http%3A%2F%2Fwww.w3.org%2F2000%2Fsvg%22%20width%3D%22308%22%20height%3D%22250%22%20viewBox%3D%220%200%20308%20250%22%3E%3C%2Fsvg%3E\" loading=\"eager\"><\/span><span class=\"fg-image-overlay\"><\/span><\/a><\/figure><div class=\"fg-loader\"><\/div><\/div><div class=\"fg-item fg-type-image fg-idle\"><figure class=\"fg-item-inner\"><a href=\"https:\/\/www.drphotgraph.de\/wp-content\/uploads\/2023\/03\/1066-gal-230218-200434-C8677-o10.webp\" data-attachment-id=\"8976\" data-e-disable-page-transition=\"true\" data-type=\"image\" class=\"fg-thumb\"><span class=\"fg-image-wrap\"><img decoding=\"async\" alt=\"Paris Rue du Bac Montagne de l&#039;Apothicaire Fotografie Streetview\" height=\"250\" width=\"308\" class=\"skip-lazy fg-image\" data-src-fg=\"https:\/\/www.drphotgraph.de\/wp-content\/uploads\/cache\/2023\/03\/1066-gal-230218-200434-C8677-o10\/1460490136.webp\" src=\"data:image\/svg+xml,%3Csvg%20xmlns%3D%22http%3A%2F%2Fwww.w3.org%2F2000%2Fsvg%22%20width%3D%22308%22%20height%3D%22250%22%20viewBox%3D%220%200%20308%20250%22%3E%3C%2Fsvg%3E\" loading=\"eager\"><\/span><span class=\"fg-image-overlay\"><\/span><\/a><\/figure><div class=\"fg-loader\"><\/div><\/div><div class=\"fg-item fg-type-image fg-idle\"><figure class=\"fg-item-inner\"><a href=\"https:\/\/www.drphotgraph.de\/wp-content\/uploads\/2025\/09\/1066-gal-250829-011526-D7437-o04.webp\" data-attachment-id=\"14270\" data-e-disable-page-transition=\"true\" data-type=\"image\" class=\"fg-thumb\"><span class=\"fg-image-wrap\"><img decoding=\"async\" alt=\"Paris Rue du Bac Montagne de l&#039;Apothicaire Tessar\" height=\"250\" width=\"330\" class=\"skip-lazy fg-image\" data-src-fg=\"https:\/\/www.drphotgraph.de\/wp-content\/uploads\/cache\/2025\/09\/1066-gal-250829-011526-D7437-o04\/4240677577.webp\" src=\"data:image\/svg+xml,%3Csvg%20xmlns%3D%22http%3A%2F%2Fwww.w3.org%2F2000%2Fsvg%22%20width%3D%22330%22%20height%3D%22250%22%20viewBox%3D%220%200%20330%20250%22%3E%3C%2Fsvg%3E\" loading=\"eager\"><\/span><span class=\"fg-image-overlay\"><\/span><\/a><\/figure><div class=\"fg-loader\"><\/div><\/div><div class=\"fg-item fg-type-image fg-idle\"><figure class=\"fg-item-inner\"><a href=\"https:\/\/www.drphotgraph.de\/wp-content\/uploads\/2023\/03\/1066-gal-230218-200434-C8677-p09.webp\" data-attachment-id=\"8977\" data-e-disable-page-transition=\"true\" data-type=\"image\" class=\"fg-thumb\"><span class=\"fg-image-wrap\"><img decoding=\"async\" alt=\"Bad D\u00fcrrenberg Apothekerberg F\u00e4hrstra\u00dfe Laterne Fotografie Streetview Laurent Lebogue\" height=\"250\" width=\"308\" class=\"skip-lazy fg-image\" data-src-fg=\"https:\/\/www.drphotgraph.de\/wp-content\/uploads\/cache\/2023\/03\/1066-gal-230218-200434-C8677-p09\/2799777656.webp\" src=\"data:image\/svg+xml,%3Csvg%20xmlns%3D%22http%3A%2F%2Fwww.w3.org%2F2000%2Fsvg%22%20width%3D%22308%22%20height%3D%22250%22%20viewBox%3D%220%200%20308%20250%22%3E%3C%2Fsvg%3E\" loading=\"eager\"><\/span><span class=\"fg-image-overlay\"><\/span><\/a><\/figure><div class=\"fg-loader\"><\/div><\/div><div class=\"fg-item fg-type-image fg-idle\"><figure class=\"fg-item-inner\"><a href=\"https:\/\/www.drphotgraph.de\/wp-content\/uploads\/2023\/03\/1066-gal-230218-200434-C8677-p10.webp\" data-attachment-id=\"8978\" data-e-disable-page-transition=\"true\" data-type=\"image\" class=\"fg-thumb\"><span class=\"fg-image-wrap\"><img decoding=\"async\" alt=\"Bad D\u00fcrrenberg Apothekerberg F\u00e4hrstra\u00dfe Laterne Fotograf Streetview Kirsten\" height=\"250\" width=\"308\" class=\"skip-lazy fg-image\" data-src-fg=\"https:\/\/www.drphotgraph.de\/wp-content\/uploads\/cache\/2023\/03\/1066-gal-230218-200434-C8677-p10\/1523759073.webp\" src=\"data:image\/svg+xml,%3Csvg%20xmlns%3D%22http%3A%2F%2Fwww.w3.org%2F2000%2Fsvg%22%20width%3D%22308%22%20height%3D%22250%22%20viewBox%3D%220%200%20308%20250%22%3E%3C%2Fsvg%3E\" loading=\"eager\"><\/span><span class=\"fg-image-overlay\"><\/span><\/a><\/figure><div class=\"fg-loader\"><\/div><\/div><div class=\"fg-item fg-type-image fg-idle\"><figure class=\"fg-item-inner\"><a href=\"https:\/\/www.drphotgraph.de\/wp-content\/uploads\/2023\/03\/1066-gal-230218-200126-C8671-o03.webp\" data-attachment-id=\"8974\" data-e-disable-page-transition=\"true\" data-type=\"image\" class=\"fg-thumb\"><span class=\"fg-image-wrap\"><img decoding=\"async\" alt=\"Bad D\u00fcrrenberg Apothekerberg F\u00e4hrstra\u00dfe Laterne Fotograf Streetview Kiosk\" height=\"250\" width=\"296\" class=\"skip-lazy fg-image\" data-src-fg=\"https:\/\/www.drphotgraph.de\/wp-content\/uploads\/cache\/2023\/03\/1066-gal-230218-200126-C8671-o03\/2032226429.webp\" src=\"data:image\/svg+xml,%3Csvg%20xmlns%3D%22http%3A%2F%2Fwww.w3.org%2F2000%2Fsvg%22%20width%3D%22296%22%20height%3D%22250%22%20viewBox%3D%220%200%20296%20250%22%3E%3C%2Fsvg%3E\" loading=\"eager\"><\/span><span class=\"fg-image-overlay\"><\/span><\/a><\/figure><div class=\"fg-loader\"><\/div><\/div><\/div>\n<\/div><\/div>\n\t\t\t\t\t\t<\/div>\n\t\t\t\t<\/div>\n\t\t\t\t\t<\/div>\n\t\t<\/div>\n\t\t\t\t\t<\/div>\n\t\t<\/section>\n\t\t\t\t<\/div>\n\t\t","protected":false},"excerpt":{"rendered":"<p>Portrait: Nachts in Paris Portrait: Nachts in Paris Ich bin recht sp\u00e4t in Paris angekommen und erreichte gerade noch die letzte Metro zu meinem Hotel am alten Bureau de Sel im 7. Arrondissement. Dann war auch noch die dortige Station&#8230;<\/p>\n","protected":false},"author":1,"featured_media":0,"parent":0,"menu_order":0,"comment_status":"closed","ping_status":"closed","template":"templates\/template-fullscreen.php","meta":{"footnotes":""},"class_list":["post-8981","page","type-page","status-publish","hentry"],"acf":[],"_links":{"self":[{"href":"https:\/\/www.drphotgraph.de\/index.php?rest_route=\/wp\/v2\/pages\/8981","targetHints":{"allow":["GET"]}}],"collection":[{"href":"https:\/\/www.drphotgraph.de\/index.php?rest_route=\/wp\/v2\/pages"}],"about":[{"href":"https:\/\/www.drphotgraph.de\/index.php?rest_route=\/wp\/v2\/types\/page"}],"author":[{"embeddable":true,"href":"https:\/\/www.drphotgraph.de\/index.php?rest_route=\/wp\/v2\/users\/1"}],"replies":[{"embeddable":true,"href":"https:\/\/www.drphotgraph.de\/index.php?rest_route=%2Fwp%2Fv2%2Fcomments&post=8981"}],"version-history":[{"count":0,"href":"https:\/\/www.drphotgraph.de\/index.php?rest_route=\/wp\/v2\/pages\/8981\/revisions"}],"wp:attachment":[{"href":"https:\/\/www.drphotgraph.de\/index.php?rest_route=%2Fwp%2Fv2%2Fmedia&parent=8981"}],"curies":[{"name":"wp","href":"https:\/\/api.w.org\/{rel}","templated":true}]}}