{"id":8471,"date":"2023-01-27T18:04:44","date_gmt":"2023-01-27T17:04:44","guid":{"rendered":"https:\/\/www.drphotgraph.de\/?page_id=8471"},"modified":"2023-03-14T02:17:58","modified_gmt":"2023-03-14T01:17:58","slug":"bearbeitung-grundsaetzliches","status":"publish","type":"page","link":"https:\/\/www.drphotgraph.de\/?page_id=8471","title":{"rendered":"Bearbeitung: Grunds\u00e4tzliches"},"content":{"rendered":"\t\t<div data-elementor-type=\"wp-page\" data-elementor-id=\"8471\" class=\"elementor elementor-8471\">\n\t\t\t\t\t\t<section class=\"elementor-section elementor-top-section elementor-element elementor-element-7ea482d9 elementor-section-full_width elementor-hidden-desktop elementor-section-height-default elementor-section-height-default\" data-id=\"7ea482d9\" data-element_type=\"section\" data-e-type=\"section\">\n\t\t\t\t\t\t<div class=\"elementor-container elementor-column-gap-default\">\n\t\t\t\t\t<div class=\"elementor-column elementor-col-50 elementor-top-column elementor-element elementor-element-555880f5\" data-id=\"555880f5\" data-element_type=\"column\" data-e-type=\"column\">\n\t\t\t<div class=\"elementor-widget-wrap elementor-element-populated\">\n\t\t\t\t\t\t<div class=\"elementor-element elementor-element-1cba3ccb elementor-widget elementor-widget-heading\" data-id=\"1cba3ccb\" data-element_type=\"widget\" data-e-type=\"widget\" data-widget_type=\"heading.default\">\n\t\t\t\t<div class=\"elementor-widget-container\">\n\t\t\t\t\t<h5 class=\"elementor-heading-title elementor-size-default\">Bearbeitung: Grunds\u00e4tzliches<\/h5>\t\t\t\t<\/div>\n\t\t\t\t<\/div>\n\t\t\t\t\t<\/div>\n\t\t<\/div>\n\t\t\t\t<div class=\"elementor-column elementor-col-50 elementor-top-column elementor-element elementor-element-3cf2a02d\" data-id=\"3cf2a02d\" data-element_type=\"column\" data-e-type=\"column\" data-settings=\"{&quot;background_background&quot;:&quot;classic&quot;}\">\n\t\t\t<div class=\"elementor-widget-wrap elementor-element-populated\">\n\t\t\t\t\t\t<div class=\"elementor-element elementor-element-7293f002 elementor-position-right elementor-vertical-align-top elementor-widget elementor-widget-image-box\" data-id=\"7293f002\" data-element_type=\"widget\" data-e-type=\"widget\" data-widget_type=\"image-box.default\">\n\t\t\t\t<div class=\"elementor-widget-container\">\n\t\t\t\t\t<div class=\"elementor-image-box-wrapper\"><figure class=\"elementor-image-box-img\"><a href=\"https:\/\/www.drphotgraph.de\/?page_id=5679\" tabindex=\"-1\"><img fetchpriority=\"high\" decoding=\"async\" width=\"720\" height=\"720\" src=\"https:\/\/www.drphotgraph.de\/wp-content\/uploads\/2022\/12\/pfi-221220-195036-D6450-o03pf.webp\" class=\"attachment-full size-full wp-image-5671\" alt=\"Dresden Fotograf Schraubstock Bildbearbeitung Frequenztrennung Frequenzseparierte Hautretusche 32bit\" srcset=\"https:\/\/www.drphotgraph.de\/wp-content\/uploads\/2022\/12\/pfi-221220-195036-D6450-o03pf.webp 720w, https:\/\/www.drphotgraph.de\/wp-content\/uploads\/2022\/12\/pfi-221220-195036-D6450-o03pf-300x300.webp 300w, https:\/\/www.drphotgraph.de\/wp-content\/uploads\/2022\/12\/pfi-221220-195036-D6450-o03pf-150x150.webp 150w\" sizes=\"(max-width: 720px) 100vw, 720px\" \/><\/a><\/figure><\/div>\t\t\t\t<\/div>\n\t\t\t\t<\/div>\n\t\t\t\t\t<\/div>\n\t\t<\/div>\n\t\t\t\t\t<\/div>\n\t\t<\/section>\n\t\t\t\t<section class=\"elementor-section elementor-top-section elementor-element elementor-element-7ca5b676 elementor-section-full_width elementor-hidden-tablet elementor-hidden-mobile elementor-section-height-default elementor-section-height-default\" data-id=\"7ca5b676\" data-element_type=\"section\" data-e-type=\"section\">\n\t\t\t\t\t\t<div class=\"elementor-container elementor-column-gap-default\">\n\t\t\t\t\t<div class=\"elementor-column elementor-col-33 elementor-top-column elementor-element elementor-element-6e15c2e4\" data-id=\"6e15c2e4\" data-element_type=\"column\" data-e-type=\"column\">\n\t\t\t<div class=\"elementor-widget-wrap\">\n\t\t\t\t\t\t\t<\/div>\n\t\t<\/div>\n\t\t\t\t<div class=\"elementor-column elementor-col-33 elementor-top-column elementor-element elementor-element-5e6e8c01\" data-id=\"5e6e8c01\" data-element_type=\"column\" data-e-type=\"column\">\n\t\t\t<div class=\"elementor-widget-wrap elementor-element-populated\">\n\t\t\t\t\t\t<div class=\"elementor-element elementor-element-4833b4f8 elementor-widget elementor-widget-heading\" data-id=\"4833b4f8\" data-element_type=\"widget\" data-e-type=\"widget\" data-widget_type=\"heading.default\">\n\t\t\t\t<div class=\"elementor-widget-container\">\n\t\t\t\t\t<h2 class=\"elementor-heading-title elementor-size-default\">Bearbeitung: Grunds\u00e4tzliches<\/h2>\t\t\t\t<\/div>\n\t\t\t\t<\/div>\n\t\t\t\t\t<\/div>\n\t\t<\/div>\n\t\t\t\t<div class=\"elementor-column elementor-col-33 elementor-top-column elementor-element elementor-element-47e8bce\" data-id=\"47e8bce\" data-element_type=\"column\" data-e-type=\"column\" data-settings=\"{&quot;background_background&quot;:&quot;classic&quot;}\">\n\t\t\t<div class=\"elementor-widget-wrap elementor-element-populated\">\n\t\t\t\t\t\t<div class=\"elementor-element elementor-element-5d953d59 elementor-position-right elementor-vertical-align-top elementor-widget elementor-widget-image-box\" data-id=\"5d953d59\" data-element_type=\"widget\" data-e-type=\"widget\" data-widget_type=\"image-box.default\">\n\t\t\t\t<div class=\"elementor-widget-container\">\n\t\t\t\t\t<div class=\"elementor-image-box-wrapper\"><figure class=\"elementor-image-box-img\"><a href=\"https:\/\/www.drphotgraph.de\/?page_id=5679\" tabindex=\"-1\"><img fetchpriority=\"high\" decoding=\"async\" width=\"720\" height=\"720\" src=\"https:\/\/www.drphotgraph.de\/wp-content\/uploads\/2022\/12\/pfi-221220-195036-D6450-o03pf.webp\" class=\"attachment-full size-full wp-image-5671\" alt=\"Dresden Fotograf Schraubstock Bildbearbeitung Frequenztrennung Frequenzseparierte Hautretusche 32bit\" srcset=\"https:\/\/www.drphotgraph.de\/wp-content\/uploads\/2022\/12\/pfi-221220-195036-D6450-o03pf.webp 720w, https:\/\/www.drphotgraph.de\/wp-content\/uploads\/2022\/12\/pfi-221220-195036-D6450-o03pf-300x300.webp 300w, https:\/\/www.drphotgraph.de\/wp-content\/uploads\/2022\/12\/pfi-221220-195036-D6450-o03pf-150x150.webp 150w\" sizes=\"(max-width: 720px) 100vw, 720px\" \/><\/a><\/figure><\/div>\t\t\t\t<\/div>\n\t\t\t\t<\/div>\n\t\t\t\t\t<\/div>\n\t\t<\/div>\n\t\t\t\t\t<\/div>\n\t\t<\/section>\n\t\t\t\t<section class=\"elementor-section elementor-top-section elementor-element elementor-element-9826066 elementor-section-boxed elementor-section-height-default elementor-section-height-default\" data-id=\"9826066\" data-element_type=\"section\" data-e-type=\"section\">\n\t\t\t\t\t\t<div class=\"elementor-container elementor-column-gap-default\">\n\t\t\t\t\t<div class=\"elementor-column elementor-col-100 elementor-top-column elementor-element elementor-element-7ec4571\" data-id=\"7ec4571\" data-element_type=\"column\" data-e-type=\"column\">\n\t\t\t<div class=\"elementor-widget-wrap elementor-element-populated\">\n\t\t\t\t\t\t<div class=\"elementor-element elementor-element-f3b83dd elementor-widget elementor-widget-spacer\" data-id=\"f3b83dd\" data-element_type=\"widget\" data-e-type=\"widget\" data-widget_type=\"spacer.default\">\n\t\t\t\t<div class=\"elementor-widget-container\">\n\t\t\t\t\t\t\t<div class=\"elementor-spacer\">\n\t\t\t<div class=\"elementor-spacer-inner\"><\/div>\n\t\t<\/div>\n\t\t\t\t\t\t<\/div>\n\t\t\t\t<\/div>\n\t\t\t\t\t<\/div>\n\t\t<\/div>\n\t\t\t\t\t<\/div>\n\t\t<\/section>\n\t\t\t\t<section class=\"elementor-section elementor-top-section elementor-element elementor-element-2e2da59a elementor-section-boxed elementor-section-height-default elementor-section-height-default\" data-id=\"2e2da59a\" data-element_type=\"section\" data-e-type=\"section\">\n\t\t\t\t\t\t<div class=\"elementor-container elementor-column-gap-default\">\n\t\t\t\t\t<div class=\"elementor-column elementor-col-33 elementor-top-column elementor-element elementor-element-713a3567\" data-id=\"713a3567\" data-element_type=\"column\" data-e-type=\"column\">\n\t\t\t<div class=\"elementor-widget-wrap elementor-element-populated\">\n\t\t\t\t\t\t<div class=\"elementor-element elementor-element-7dd8cf43 elementor-widget elementor-widget-text-editor\" data-id=\"7dd8cf43\" data-element_type=\"widget\" data-e-type=\"widget\" data-widget_type=\"text-editor.default\">\n\t\t\t\t<div class=\"elementor-widget-container\">\n\t\t\t\t\t\t\t\t\t<p>In der Fotografie sollte die Bildbearbeitung in etwa die Bedeutung haben, wie das Gew\u00fcrz beim Kochen.<br \/><br \/>Bildbearbeitung sollte nicht dazu dienen, schlechte Aufnahmen zu retten, sondern um sehr gute Aufnahmen zu veredeln.<\/p><p style=\"text-align: right;\"><em>Dr. Daniel Kirsten<\/em><\/p><p>&#8230; wird fortgesetzt &#8230;<\/p>\t\t\t\t\t\t\t\t<\/div>\n\t\t\t\t<\/div>\n\t\t\t\t\t<\/div>\n\t\t<\/div>\n\t\t\t\t<div class=\"elementor-column elementor-col-33 elementor-top-column elementor-element elementor-element-58d2a58 elementor-hidden-mobile\" data-id=\"58d2a58\" data-element_type=\"column\" data-e-type=\"column\">\n\t\t\t<div class=\"elementor-widget-wrap\">\n\t\t\t\t\t\t\t<\/div>\n\t\t<\/div>\n\t\t\t\t<div class=\"elementor-column elementor-col-33 elementor-top-column elementor-element elementor-element-54b24da1 elementor-hidden-mobile\" data-id=\"54b24da1\" data-element_type=\"column\" data-e-type=\"column\">\n\t\t\t<div class=\"elementor-widget-wrap elementor-element-populated\">\n\t\t\t\t\t\t<div class=\"elementor-element elementor-element-3e6867c animated-slow e-transform elementor-invisible elementor-widget elementor-widget-image\" data-id=\"3e6867c\" data-element_type=\"widget\" data-e-type=\"widget\" data-settings=\"{&quot;_animation&quot;:&quot;fadeIn&quot;,&quot;_animation_delay&quot;:1000,&quot;_transform_scale_effect_hover&quot;:{&quot;unit&quot;:&quot;px&quot;,&quot;size&quot;:3,&quot;sizes&quot;:[]},&quot;_transform_scale_effect_hover_tablet&quot;:{&quot;unit&quot;:&quot;px&quot;,&quot;size&quot;:&quot;&quot;,&quot;sizes&quot;:[]},&quot;_transform_scale_effect_hover_mobile&quot;:{&quot;unit&quot;:&quot;px&quot;,&quot;size&quot;:&quot;&quot;,&quot;sizes&quot;:[]}}\" data-widget_type=\"image.default\">\n\t\t\t\t<div class=\"elementor-widget-container\">\n\t\t\t\t\t\t\t\t\t\t\t\t\t\t\t<img decoding=\"async\" width=\"1024\" height=\"1024\" src=\"https:\/\/www.drphotgraph.de\/wp-content\/uploads\/2022\/02\/1008-gal-220204-195136-D3433-o04-1024x1024.jpg\" class=\"attachment-large size-large wp-image-3047\" alt=\"Dresden Portraitfotograf Stillleben Pfeffer M\u00f6rser Pfefferk\u00f6rner\" srcset=\"https:\/\/www.drphotgraph.de\/wp-content\/uploads\/2022\/02\/1008-gal-220204-195136-D3433-o04-1024x1024.jpg 1024w, https:\/\/www.drphotgraph.de\/wp-content\/uploads\/2022\/02\/1008-gal-220204-195136-D3433-o04-150x150.jpg 150w, https:\/\/www.drphotgraph.de\/wp-content\/uploads\/2022\/02\/1008-gal-220204-195136-D3433-o04-300x300.jpg 300w, https:\/\/www.drphotgraph.de\/wp-content\/uploads\/2022\/02\/1008-gal-220204-195136-D3433-o04-768x768.jpg 768w, https:\/\/www.drphotgraph.de\/wp-content\/uploads\/2022\/02\/1008-gal-220204-195136-D3433-o04.jpg 1620w\" sizes=\"(max-width: 1024px) 100vw, 1024px\" \/>\t\t\t\t\t\t\t\t\t\t\t\t\t\t\t<\/div>\n\t\t\t\t<\/div>\n\t\t\t\t\t<\/div>\n\t\t<\/div>\n\t\t\t\t\t<\/div>\n\t\t<\/section>\n\t\t\t\t<\/div>\n\t\t","protected":false},"excerpt":{"rendered":"<p>Bearbeitung: Grunds\u00e4tzliches Bearbeitung: Grunds\u00e4tzliches In der Fotografie sollte die Bildbearbeitung in etwa die Bedeutung haben, wie das Gew\u00fcrz beim Kochen. Bildbearbeitung sollte nicht dazu dienen, schlechte Aufnahmen zu retten, sondern um sehr gute Aufnahmen zu veredeln. Dr. Daniel Kirsten &#8230;&#8230;<\/p>\n","protected":false},"author":1,"featured_media":0,"parent":0,"menu_order":0,"comment_status":"closed","ping_status":"closed","template":"templates\/template-fullscreen.php","meta":{"footnotes":""},"class_list":["post-8471","page","type-page","status-publish","hentry"],"acf":[],"_links":{"self":[{"href":"https:\/\/www.drphotgraph.de\/index.php?rest_route=\/wp\/v2\/pages\/8471","targetHints":{"allow":["GET"]}}],"collection":[{"href":"https:\/\/www.drphotgraph.de\/index.php?rest_route=\/wp\/v2\/pages"}],"about":[{"href":"https:\/\/www.drphotgraph.de\/index.php?rest_route=\/wp\/v2\/types\/page"}],"author":[{"embeddable":true,"href":"https:\/\/www.drphotgraph.de\/index.php?rest_route=\/wp\/v2\/users\/1"}],"replies":[{"embeddable":true,"href":"https:\/\/www.drphotgraph.de\/index.php?rest_route=%2Fwp%2Fv2%2Fcomments&post=8471"}],"version-history":[{"count":0,"href":"https:\/\/www.drphotgraph.de\/index.php?rest_route=\/wp\/v2\/pages\/8471\/revisions"}],"wp:attachment":[{"href":"https:\/\/www.drphotgraph.de\/index.php?rest_route=%2Fwp%2Fv2%2Fmedia&parent=8471"}],"curies":[{"name":"wp","href":"https:\/\/api.w.org\/{rel}","templated":true}]}}