{"id":5849,"date":"2022-12-28T21:12:26","date_gmt":"2022-12-28T20:12:26","guid":{"rendered":"https:\/\/www.drphotgraph.de\/?page_id=5849"},"modified":"2023-01-27T20:41:35","modified_gmt":"2023-01-27T19:41:35","slug":"basis-und-beauty","status":"publish","type":"page","link":"https:\/\/www.drphotgraph.de\/?page_id=5849","title":{"rendered":"Bearbeitung: Basis und Beauty"},"content":{"rendered":"\t\t<div data-elementor-type=\"wp-page\" data-elementor-id=\"5849\" class=\"elementor elementor-5849\">\n\t\t\t\t\t\t<section class=\"elementor-section elementor-top-section elementor-element elementor-element-50c90059 elementor-section-full_width elementor-hidden-desktop elementor-section-height-default elementor-section-height-default\" data-id=\"50c90059\" data-element_type=\"section\" data-e-type=\"section\">\n\t\t\t\t\t\t<div class=\"elementor-container elementor-column-gap-default\">\n\t\t\t\t\t<div class=\"elementor-column elementor-col-50 elementor-top-column elementor-element elementor-element-35c8681c\" data-id=\"35c8681c\" data-element_type=\"column\" data-e-type=\"column\">\n\t\t\t<div class=\"elementor-widget-wrap elementor-element-populated\">\n\t\t\t\t\t\t<div class=\"elementor-element elementor-element-790126e8 elementor-widget elementor-widget-heading\" data-id=\"790126e8\" data-element_type=\"widget\" data-e-type=\"widget\" data-widget_type=\"heading.default\">\n\t\t\t\t<div class=\"elementor-widget-container\">\n\t\t\t\t\t<h5 class=\"elementor-heading-title elementor-size-default\">Basis, beauty, Bearbeitung<\/h5>\t\t\t\t<\/div>\n\t\t\t\t<\/div>\n\t\t\t\t\t<\/div>\n\t\t<\/div>\n\t\t\t\t<div class=\"elementor-column elementor-col-50 elementor-top-column elementor-element elementor-element-220ec933\" data-id=\"220ec933\" data-element_type=\"column\" data-e-type=\"column\" data-settings=\"{&quot;background_background&quot;:&quot;classic&quot;}\">\n\t\t\t<div class=\"elementor-widget-wrap elementor-element-populated\">\n\t\t\t\t\t\t<div class=\"elementor-element elementor-element-264e0333 elementor-position-right elementor-vertical-align-top elementor-widget elementor-widget-image-box\" data-id=\"264e0333\" data-element_type=\"widget\" data-e-type=\"widget\" data-widget_type=\"image-box.default\">\n\t\t\t\t<div class=\"elementor-widget-container\">\n\t\t\t\t\t<div class=\"elementor-image-box-wrapper\"><figure class=\"elementor-image-box-img\"><a href=\"https:\/\/www.drphotgraph.de\/?page_id=5679\" tabindex=\"-1\"><img fetchpriority=\"high\" decoding=\"async\" width=\"720\" height=\"720\" src=\"https:\/\/www.drphotgraph.de\/wp-content\/uploads\/2022\/12\/pfi-221220-195036-D6450-o03pf.webp\" class=\"attachment-full size-full wp-image-5671\" alt=\"Dresden Fotograf Schraubstock Bildbearbeitung Frequenztrennung Frequenzseparierte Hautretusche 32bit\" srcset=\"https:\/\/www.drphotgraph.de\/wp-content\/uploads\/2022\/12\/pfi-221220-195036-D6450-o03pf.webp 720w, https:\/\/www.drphotgraph.de\/wp-content\/uploads\/2022\/12\/pfi-221220-195036-D6450-o03pf-300x300.webp 300w, https:\/\/www.drphotgraph.de\/wp-content\/uploads\/2022\/12\/pfi-221220-195036-D6450-o03pf-150x150.webp 150w\" sizes=\"(max-width: 720px) 100vw, 720px\" \/><\/a><\/figure><\/div>\t\t\t\t<\/div>\n\t\t\t\t<\/div>\n\t\t\t\t\t<\/div>\n\t\t<\/div>\n\t\t\t\t\t<\/div>\n\t\t<\/section>\n\t\t\t\t<section class=\"elementor-section elementor-top-section elementor-element elementor-element-222e7e28 elementor-section-full_width elementor-hidden-tablet elementor-hidden-mobile elementor-section-height-default elementor-section-height-default\" data-id=\"222e7e28\" data-element_type=\"section\" data-e-type=\"section\">\n\t\t\t\t\t\t<div class=\"elementor-container elementor-column-gap-default\">\n\t\t\t\t\t<div class=\"elementor-column elementor-col-33 elementor-top-column elementor-element elementor-element-52182a9c\" data-id=\"52182a9c\" data-element_type=\"column\" data-e-type=\"column\">\n\t\t\t<div class=\"elementor-widget-wrap\">\n\t\t\t\t\t\t\t<\/div>\n\t\t<\/div>\n\t\t\t\t<div class=\"elementor-column elementor-col-33 elementor-top-column elementor-element elementor-element-5966deb8\" data-id=\"5966deb8\" data-element_type=\"column\" data-e-type=\"column\">\n\t\t\t<div class=\"elementor-widget-wrap elementor-element-populated\">\n\t\t\t\t\t\t<div class=\"elementor-element elementor-element-77268fa3 elementor-widget elementor-widget-heading\" data-id=\"77268fa3\" data-element_type=\"widget\" data-e-type=\"widget\" data-widget_type=\"heading.default\">\n\t\t\t\t<div class=\"elementor-widget-container\">\n\t\t\t\t\t<h2 class=\"elementor-heading-title elementor-size-default\">Basis, Beauty, Bearbeitung<\/h2>\t\t\t\t<\/div>\n\t\t\t\t<\/div>\n\t\t\t\t\t<\/div>\n\t\t<\/div>\n\t\t\t\t<div class=\"elementor-column elementor-col-33 elementor-top-column elementor-element elementor-element-9663089\" data-id=\"9663089\" data-element_type=\"column\" data-e-type=\"column\" data-settings=\"{&quot;background_background&quot;:&quot;classic&quot;}\">\n\t\t\t<div class=\"elementor-widget-wrap elementor-element-populated\">\n\t\t\t\t\t\t<div class=\"elementor-element elementor-element-29f9d60d elementor-position-right elementor-vertical-align-top elementor-widget elementor-widget-image-box\" data-id=\"29f9d60d\" data-element_type=\"widget\" data-e-type=\"widget\" data-widget_type=\"image-box.default\">\n\t\t\t\t<div class=\"elementor-widget-container\">\n\t\t\t\t\t<div class=\"elementor-image-box-wrapper\"><figure class=\"elementor-image-box-img\"><a href=\"https:\/\/www.drphotgraph.de\/?page_id=5679\" tabindex=\"-1\"><img fetchpriority=\"high\" decoding=\"async\" width=\"720\" height=\"720\" src=\"https:\/\/www.drphotgraph.de\/wp-content\/uploads\/2022\/12\/pfi-221220-195036-D6450-o03pf.webp\" class=\"attachment-full size-full wp-image-5671\" alt=\"Dresden Fotograf Schraubstock Bildbearbeitung Frequenztrennung Frequenzseparierte Hautretusche 32bit\" srcset=\"https:\/\/www.drphotgraph.de\/wp-content\/uploads\/2022\/12\/pfi-221220-195036-D6450-o03pf.webp 720w, https:\/\/www.drphotgraph.de\/wp-content\/uploads\/2022\/12\/pfi-221220-195036-D6450-o03pf-300x300.webp 300w, https:\/\/www.drphotgraph.de\/wp-content\/uploads\/2022\/12\/pfi-221220-195036-D6450-o03pf-150x150.webp 150w\" sizes=\"(max-width: 720px) 100vw, 720px\" \/><\/a><\/figure><\/div>\t\t\t\t<\/div>\n\t\t\t\t<\/div>\n\t\t\t\t\t<\/div>\n\t\t<\/div>\n\t\t\t\t\t<\/div>\n\t\t<\/section>\n\t\t\t\t<section class=\"elementor-section elementor-top-section elementor-element elementor-element-f910d24 elementor-section-boxed elementor-section-height-default elementor-section-height-default\" data-id=\"f910d24\" data-element_type=\"section\" data-e-type=\"section\">\n\t\t\t\t\t\t<div class=\"elementor-container elementor-column-gap-default\">\n\t\t\t\t\t<div class=\"elementor-column elementor-col-100 elementor-top-column elementor-element elementor-element-39b49a9\" data-id=\"39b49a9\" data-element_type=\"column\" data-e-type=\"column\">\n\t\t\t<div class=\"elementor-widget-wrap elementor-element-populated\">\n\t\t\t\t\t\t<div class=\"elementor-element elementor-element-f0f6759 elementor-hidden-mobile elementor-widget elementor-widget-spacer\" data-id=\"f0f6759\" data-element_type=\"widget\" data-e-type=\"widget\" data-widget_type=\"spacer.default\">\n\t\t\t\t<div class=\"elementor-widget-container\">\n\t\t\t\t\t\t\t<div class=\"elementor-spacer\">\n\t\t\t<div class=\"elementor-spacer-inner\"><\/div>\n\t\t<\/div>\n\t\t\t\t\t\t<\/div>\n\t\t\t\t<\/div>\n\t\t\t\t\t<\/div>\n\t\t<\/div>\n\t\t\t\t\t<\/div>\n\t\t<\/section>\n\t\t\t\t<section class=\"elementor-section elementor-top-section elementor-element elementor-element-23e17017 elementor-section-boxed elementor-section-height-default elementor-section-height-default\" data-id=\"23e17017\" data-element_type=\"section\" data-e-type=\"section\">\n\t\t\t\t\t\t<div class=\"elementor-container elementor-column-gap-default\">\n\t\t\t\t\t<div class=\"elementor-column elementor-col-50 elementor-top-column elementor-element elementor-element-d69f2db\" data-id=\"d69f2db\" data-element_type=\"column\" data-e-type=\"column\">\n\t\t\t<div class=\"elementor-widget-wrap elementor-element-populated\">\n\t\t\t\t\t\t<div class=\"elementor-element elementor-element-6a97abc elementor-widget elementor-widget-text-editor\" data-id=\"6a97abc\" data-element_type=\"widget\" data-e-type=\"widget\" data-widget_type=\"text-editor.default\">\n\t\t\t\t<div class=\"elementor-widget-container\">\n\t\t\t\t\t\t\t\t\t<p>Ich verwende \u00fcblicherweise die Formulierung &#8222;Sie bekommen alle verwertbaren Fotos in Basisbearbeitung&#8220;.<\/p><h5>Was sind &#8222;verwertbare Fotos&#8220;?<\/h5><p>Auch beim professionellen Fotografieren entstehen mi\u00dfratene Fotos, die ich als &#8222;nicht verwertbar&#8220; einstufe. Die Ursachen hierf\u00fcr sind vielf\u00e4ltig:<\/p><ul><li>Bei den Gratulationen nach der Trauung und auch in anderen chaotischen Situationen laufen Personen versehentlich ins Bild, ich werde angesto\u00dfen, angerempelt oder komme versehentlich an den Ausl\u00f6ser.<\/li><li>Der Blitz hat ausgesetzt oder war zu hell oder zu dunkel. Dies kann zwei Ursachen haben: Die Akkus im Blitz halten oft keine komplette Buchung durch. Nachlassende Akkus k\u00fcndigen sich durch vereinzelte Aussetzer beim Blitzen an. Ich f\u00fchre immer ausreichend Reserveakkus mit. Als professioneller Fotograf mit hohen Anspr\u00fcchen verwende ich grunds\u00e4tzlich keinen Blitz, der auf der Kamera aufgesteckt ist, sondern einen externen Blitz mit Lichtschirm, den ich meist in der linken Hand halte. Die Funkverbindung zwischen Blitz und Kamera versagt mitunter. Die Automatik der Kamera ist mit der Steuerung der externen Blitze \u00fcberfordert, u.a. weil die Kamera nicht wissen kann, wo genau sich der externe Blitz befindet. Ich muss die Blitzst\u00e4rke daher oft nachjustieren, weil Aufnahmen zu hell oder zu dunkel geworden sind.<\/li><li>Die Fokusentfernung stimmt nicht. Ich fotografiere gern mit weit ge\u00f6ffneter Blende, um weiche Hintergr\u00fcnde und eine klare Bildkomposition zu erhalten. Dadurch sind die Fotos nur in einem kleinen Entfernungsbereich scharf. Wenn sich Personen bei Schnappsch\u00fcssen unerwartet bewegen, oder wenn die Fokusberechnung der Kamera nur wenige Zentimeter abweicht, dann sind die Fotos nicht mehr verwertbar.<\/li><\/ul><p>Die Liste scheint recht lang zu sein, allerdings ist die Quote der &#8222;nicht verwertbaren&#8220; Fotos \u00fcber die Jahre hinweg best\u00e4ndig kleiner geworden und ich habe in jedem Fall mehr als die vertraglich vereinbarte Zahl an Fotos erreicht. Ich k\u00f6nnte die geschilderten Probleme nat\u00fcrlich verringern, z.B. durch den Verzicht auf externe Blitze oder das Fotografieren mit geschlossener Blende. Derartige Kompromisse an die k\u00fcnstlerische Gestaltung m\u00f6chte ich jedoch nicht eingehen.<\/p>\t\t\t\t\t\t\t\t<\/div>\n\t\t\t\t<\/div>\n\t\t\t\t<div class=\"elementor-element elementor-element-97ddb64 elementor-hidden-mobile elementor-widget elementor-widget-spacer\" data-id=\"97ddb64\" data-element_type=\"widget\" data-e-type=\"widget\" data-widget_type=\"spacer.default\">\n\t\t\t\t<div class=\"elementor-widget-container\">\n\t\t\t\t\t\t\t<div class=\"elementor-spacer\">\n\t\t\t<div class=\"elementor-spacer-inner\"><\/div>\n\t\t<\/div>\n\t\t\t\t\t\t<\/div>\n\t\t\t\t<\/div>\n\t\t\t\t<div class=\"elementor-element elementor-element-75692b4 elementor-widget elementor-widget-text-editor\" data-id=\"75692b4\" data-element_type=\"widget\" data-e-type=\"widget\" data-widget_type=\"text-editor.default\">\n\t\t\t\t<div class=\"elementor-widget-container\">\n\t\t\t\t\t\t\t\t\t<h5>Was bedeutet &#8222;Basisbearbeitung&#8220;?<\/h5><p>Die meisten Fotos erhalten Sie \u00fcblicherweise in Basisbearbeitung.\u00a0 Dies bedeutet:<\/p><ul><li>Reduzierung bzw. Beseitigung des Bildrauschens mit moderenen Algorithmen<\/li><li>pr\u00e4ziser Wei\u00dfabgleich, Dynamik<\/li><li>Beschnitt<\/li><li>Belichtungskorrektur, Helligkeit<\/li><li>Optimierung der Kontrast- bzw. Gradationskurven<\/li><li>ma\u00dfvolles Nachsch\u00e4rfen<\/li><li>ggf. kleinere Retuschen<\/li><\/ul>\t\t\t\t\t\t\t\t<\/div>\n\t\t\t\t<\/div>\n\t\t\t\t<div class=\"elementor-element elementor-element-45774c9 elementor-hidden-mobile elementor-widget elementor-widget-spacer\" data-id=\"45774c9\" data-element_type=\"widget\" data-e-type=\"widget\" data-widget_type=\"spacer.default\">\n\t\t\t\t<div class=\"elementor-widget-container\">\n\t\t\t\t\t\t\t<div class=\"elementor-spacer\">\n\t\t\t<div class=\"elementor-spacer-inner\"><\/div>\n\t\t<\/div>\n\t\t\t\t\t\t<\/div>\n\t\t\t\t<\/div>\n\t\t\t\t<div class=\"elementor-element elementor-element-ae5e229 elementor-widget elementor-widget-text-editor\" data-id=\"ae5e229\" data-element_type=\"widget\" data-e-type=\"widget\" data-widget_type=\"text-editor.default\">\n\t\t\t\t<div class=\"elementor-widget-container\">\n\t\t\t\t\t\t\t\t\t<h5>Was bedeutet &#8222;Beautyretusche&#8220;?<\/h5><p>Bei den meisten Vertr\u00e4gen sind einige Beautyretuschen im Preis inbegriffen, wobei Sie gegen Aufpreis weitere Beautyretuschen fertigen lassen k\u00f6nnen.\u00a0 Beautyretuschen sind aufw\u00e4ndige Einzelbearbeitungen, die folgendes beinhalten:<\/p><ul><li>Basisbearbeitung<\/li><li>frequenzseparierte Hautretusche, Verst\u00e4rken bzw. Abschw\u00e4chen von Strukturen z.B. bei Stoffmustern in Brautkleidern durch Berechnung und Bearbeitung von Wavelets mit 32bit-Gleitkommaarithmetik<\/li><li>Farbabstimmung<\/li><li>Entfernen von st\u00f6renden Gegenst\u00e4nden oder Personen<\/li><li>Abdunkeln oder Aufhellen einzelner Bereiche<\/li><li>Betonen von pers\u00f6nlichen Merkmalen wie z.B. Augen, Frisur, Bart, Tattoos, &#8230;<\/li><li>Hervorheben von Schmuck, Verst\u00e4rken von Glanzeffekten<\/li><li>Korrektur von Hautunreinheiten, Warzen, &#8230;<\/li><li>\u00dcberarbeitung von Hintergr\u00fcnden, einmontieren von Wolken<\/li><li>Vignettierung<\/li><\/ul>\t\t\t\t\t\t\t\t<\/div>\n\t\t\t\t<\/div>\n\t\t\t\t<div class=\"elementor-element elementor-element-a1469f4 elementor-hidden-mobile elementor-widget elementor-widget-spacer\" data-id=\"a1469f4\" data-element_type=\"widget\" data-e-type=\"widget\" data-widget_type=\"spacer.default\">\n\t\t\t\t<div class=\"elementor-widget-container\">\n\t\t\t\t\t\t\t<div class=\"elementor-spacer\">\n\t\t\t<div class=\"elementor-spacer-inner\"><\/div>\n\t\t<\/div>\n\t\t\t\t\t\t<\/div>\n\t\t\t\t<\/div>\n\t\t\t\t<div class=\"elementor-element elementor-element-58129b7 elementor-widget elementor-widget-text-editor\" data-id=\"58129b7\" data-element_type=\"widget\" data-e-type=\"widget\" data-widget_type=\"text-editor.default\">\n\t\t\t\t<div class=\"elementor-widget-container\">\n\t\t\t\t\t\t\t\t\t<h5>Weiteres:<\/h5><p>Auf Wunsch sind weitere Bearbeitungen m\u00f6glich:<\/p><ul><li>Schwarz-Wei\u00df Varianten<\/li><li>Sepia-Effekte oder andere Alterungserscheinungen<\/li><li>Teilcolorierungen<\/li><li>\u00dcbertragung von Objekten zwischen verschiedenen Fotos<\/li><\/ul>\t\t\t\t\t\t\t\t<\/div>\n\t\t\t\t<\/div>\n\t\t\t\t<div class=\"elementor-element elementor-element-5877569 elementor-hidden-mobile elementor-widget elementor-widget-spacer\" data-id=\"5877569\" data-element_type=\"widget\" data-e-type=\"widget\" data-widget_type=\"spacer.default\">\n\t\t\t\t<div class=\"elementor-widget-container\">\n\t\t\t\t\t\t\t<div class=\"elementor-spacer\">\n\t\t\t<div class=\"elementor-spacer-inner\"><\/div>\n\t\t<\/div>\n\t\t\t\t\t\t<\/div>\n\t\t\t\t<\/div>\n\t\t\t\t<div class=\"elementor-element elementor-element-5a8ad89 elementor-widget elementor-widget-text-editor\" data-id=\"5a8ad89\" data-element_type=\"widget\" data-e-type=\"widget\" data-widget_type=\"text-editor.default\">\n\t\t\t\t<div class=\"elementor-widget-container\">\n\t\t\t\t\t\t\t\t\t<h5>Software:<\/h5><p>In den letzten 10 Jahren habe ich meine Erfahrungen und F\u00e4higkeiten in der Bildbearbeitung kontinuierlich erweitert.\u00a0 Als ehemaliger Theoretischer Informatiker wurde ich sehr stark von der Linux-Welt und Open-Source-Software gepr\u00e4gt, was sich auch in meiner Arbeitsweise als Fotograf wiederfindet.\u00a0 Auch wenn heute bei vielen Aufgaben, wie bspw. leistungsstarker Rauschreduzierung, kommerzielle Programme unverzichtbar sind, nutze ich dar\u00fcberhinaus ein breites Spektrum an freien Programmen wie zum Beispiel [externe links, Werbung wegen Nennung]:<\/p><ul><li><a href=\"https:\/\/krita.org\/en\/\" target=\"_blank\" rel=\"noopener\">Krita<\/a>. Als sich GIMP vor einigen Jahren in einer gewissen\u00a0Stagnationsphase befand, habe ich f\u00fcr manche Aufgaben Krita verwendet.<\/li><li><a href=\"https:\/\/www.gimp.org\/\" target=\"_blank\" rel=\"noopener\">GIMP \u2013 GNU Image Manipulation Program<\/a>. F\u00fcr einige Spezialaufgaben wie die Bearbeitung von Wavelets setze ich GIMP ein.<\/li><li><a href=\"https:\/\/www.imagemagick.org\" target=\"_blank\" rel=\"noopener\">ImageMagick<\/a>. F\u00fcr die Automatisierung von Arbeitsabl\u00e4ufen ist ImageMagick, vor allem in Kombination mit Shell-Scripten, sehr produktiv.<\/li><li><a href=\"https:\/\/rawtherapee.com\/\" target=\"_blank\" rel=\"noopener\">RawTherapee<\/a>.\u00a0 Aufgrund der veralteten, leistungsschwachen Rauschreduzierung verwende ich RawTherapee nur noch f\u00fcr einige Spezialaufgaben.<\/li><li><a href=\"https:\/\/gmic.eu\/\" target=\"_blank\" rel=\"noopener\">GREYC\u2019s Magic for Image Computing (G\u2019MIC)<\/a>. Brachiale mathematische Operationen werden auf Ihre Fotos angewendet.\u00a0 G&#8217;MIC ist ein extrem starkes Werkzeug. Um den vollen Leistungsumfang zu nutzen, sind jedoch mathematisches Hintergrundwissen und Programmierkenntnisse notwendig.<\/li><\/ul>\t\t\t\t\t\t\t\t<\/div>\n\t\t\t\t<\/div>\n\t\t\t\t\t<\/div>\n\t\t<\/div>\n\t\t\t\t<div class=\"elementor-column elementor-col-50 elementor-top-column elementor-element elementor-element-544183a4 elementor-hidden-mobile\" data-id=\"544183a4\" data-element_type=\"column\" data-e-type=\"column\">\n\t\t\t<div class=\"elementor-widget-wrap elementor-element-populated\">\n\t\t\t\t\t\t<div class=\"elementor-element elementor-element-a83fd54 elementor-widget elementor-widget-spacer\" data-id=\"a83fd54\" data-element_type=\"widget\" data-e-type=\"widget\" data-widget_type=\"spacer.default\">\n\t\t\t\t<div class=\"elementor-widget-container\">\n\t\t\t\t\t\t\t<div class=\"elementor-spacer\">\n\t\t\t<div class=\"elementor-spacer-inner\"><\/div>\n\t\t<\/div>\n\t\t\t\t\t\t<\/div>\n\t\t\t\t<\/div>\n\t\t\t\t<div class=\"elementor-element elementor-element-a670a4f elementor-widget elementor-widget-image\" data-id=\"a670a4f\" data-element_type=\"widget\" data-e-type=\"widget\" data-widget_type=\"image.default\">\n\t\t\t\t<div class=\"elementor-widget-container\">\n\t\t\t\t\t\t\t\t\t\t\t\t\t\t\t<img decoding=\"async\" width=\"429\" height=\"1024\" src=\"https:\/\/www.drphotgraph.de\/wp-content\/uploads\/2022\/12\/gal-220815-181521-D2272-o03-429x1024.jpg\" class=\"attachment-large size-large wp-image-5899\" alt=\"Daniel Kirsten Fotograf Wespe Kaktus Ferocactus rectispinus\" srcset=\"https:\/\/www.drphotgraph.de\/wp-content\/uploads\/2022\/12\/gal-220815-181521-D2272-o03-429x1024.jpg 429w, https:\/\/www.drphotgraph.de\/wp-content\/uploads\/2022\/12\/gal-220815-181521-D2272-o03-126x300.jpg 126w, https:\/\/www.drphotgraph.de\/wp-content\/uploads\/2022\/12\/gal-220815-181521-D2272-o03-643x1536.jpg 643w, https:\/\/www.drphotgraph.de\/wp-content\/uploads\/2022\/12\/gal-220815-181521-D2272-o03.jpg 678w\" sizes=\"(max-width: 429px) 100vw, 429px\" \/>\t\t\t\t\t\t\t\t\t\t\t\t\t\t\t<\/div>\n\t\t\t\t<\/div>\n\t\t\t\t<div class=\"elementor-element elementor-element-cdd98bd elementor-hidden-mobile elementor-widget elementor-widget-spacer\" data-id=\"cdd98bd\" data-element_type=\"widget\" data-e-type=\"widget\" data-widget_type=\"spacer.default\">\n\t\t\t\t<div class=\"elementor-widget-container\">\n\t\t\t\t\t\t\t<div class=\"elementor-spacer\">\n\t\t\t<div class=\"elementor-spacer-inner\"><\/div>\n\t\t<\/div>\n\t\t\t\t\t\t<\/div>\n\t\t\t\t<\/div>\n\t\t\t\t\t<\/div>\n\t\t<\/div>\n\t\t\t\t\t<\/div>\n\t\t<\/section>\n\t\t\t\t<\/div>\n\t\t","protected":false},"excerpt":{"rendered":"<p>Basis, beauty, Bearbeitung Basis, Beauty, Bearbeitung Ich verwende \u00fcblicherweise die Formulierung &#8222;Sie bekommen alle verwertbaren Fotos in Basisbearbeitung&#8220;. Was sind &#8222;verwertbare Fotos&#8220;? Auch beim professionellen Fotografieren entstehen mi\u00dfratene Fotos, die ich als &#8222;nicht verwertbar&#8220; einstufe. Die Ursachen hierf\u00fcr sind vielf\u00e4ltig:&#8230;<\/p>\n","protected":false},"author":1,"featured_media":0,"parent":0,"menu_order":0,"comment_status":"closed","ping_status":"closed","template":"templates\/template-fullscreen.php","meta":{"footnotes":""},"class_list":["post-5849","page","type-page","status-publish","hentry"],"acf":[],"_links":{"self":[{"href":"https:\/\/www.drphotgraph.de\/index.php?rest_route=\/wp\/v2\/pages\/5849","targetHints":{"allow":["GET"]}}],"collection":[{"href":"https:\/\/www.drphotgraph.de\/index.php?rest_route=\/wp\/v2\/pages"}],"about":[{"href":"https:\/\/www.drphotgraph.de\/index.php?rest_route=\/wp\/v2\/types\/page"}],"author":[{"embeddable":true,"href":"https:\/\/www.drphotgraph.de\/index.php?rest_route=\/wp\/v2\/users\/1"}],"replies":[{"embeddable":true,"href":"https:\/\/www.drphotgraph.de\/index.php?rest_route=%2Fwp%2Fv2%2Fcomments&post=5849"}],"version-history":[{"count":0,"href":"https:\/\/www.drphotgraph.de\/index.php?rest_route=\/wp\/v2\/pages\/5849\/revisions"}],"wp:attachment":[{"href":"https:\/\/www.drphotgraph.de\/index.php?rest_route=%2Fwp%2Fv2%2Fmedia&parent=5849"}],"curies":[{"name":"wp","href":"https:\/\/api.w.org\/{rel}","templated":true}]}}