{"id":5382,"date":"2022-12-15T23:50:20","date_gmt":"2022-12-15T22:50:20","guid":{"rendered":"https:\/\/www.drphotgraph.de\/?page_id=5382"},"modified":"2023-12-08T18:07:09","modified_gmt":"2023-12-08T17:07:09","slug":"schwangerschaft-informationen","status":"publish","type":"page","link":"https:\/\/www.drphotgraph.de\/?page_id=5382","title":{"rendered":"Schwangerschaft: Informationen"},"content":{"rendered":"\t\t<div data-elementor-type=\"wp-page\" data-elementor-id=\"5382\" class=\"elementor elementor-5382\">\n\t\t\t\t\t\t<section class=\"elementor-section elementor-top-section elementor-element elementor-element-f0f4ee2 elementor-section-boxed elementor-section-height-default elementor-section-height-default\" data-id=\"f0f4ee2\" data-element_type=\"section\" data-e-type=\"section\">\n\t\t\t\t\t\t<div class=\"elementor-container elementor-column-gap-default\">\n\t\t\t\t\t<div class=\"elementor-column elementor-col-100 elementor-top-column elementor-element elementor-element-7e5bf3a\" data-id=\"7e5bf3a\" data-element_type=\"column\" data-e-type=\"column\">\n\t\t\t<div class=\"elementor-widget-wrap\">\n\t\t\t\t\t\t\t<\/div>\n\t\t<\/div>\n\t\t\t\t\t<\/div>\n\t\t<\/section>\n\t\t\t\t<section class=\"elementor-section elementor-top-section elementor-element elementor-element-620ea57 elementor-section-boxed elementor-section-height-default elementor-section-height-default\" data-id=\"620ea57\" data-element_type=\"section\" data-e-type=\"section\">\n\t\t\t\t\t\t<div class=\"elementor-container elementor-column-gap-default\">\n\t\t\t\t\t<div class=\"elementor-column elementor-col-100 elementor-top-column elementor-element elementor-element-378d47e\" data-id=\"378d47e\" data-element_type=\"column\" data-e-type=\"column\">\n\t\t\t<div class=\"elementor-widget-wrap elementor-element-populated\">\n\t\t\t\t\t\t<div class=\"elementor-element elementor-element-f96500e elementor-widget elementor-widget-text-editor\" data-id=\"f96500e\" data-element_type=\"widget\" data-e-type=\"widget\" data-widget_type=\"text-editor.default\">\n\t\t\t\t<div class=\"elementor-widget-container\">\n\t\t\t\t\t\t\t\t\t<h2><strong>Hinweis: <\/strong><\/h2><p>Diese Seite ist veraltet.\u00a0\u00a0 Die aktuelle Version finden Sie <a href=\"https:\/\/www.drphotgraph.de\/schwangerschaftsfotograf-dresden\/\">hier<\/a>.<\/p>\t\t\t\t\t\t\t\t<\/div>\n\t\t\t\t<\/div>\n\t\t\t\t<div class=\"elementor-element elementor-element-4551e12 elementor-widget elementor-widget-spacer\" data-id=\"4551e12\" data-element_type=\"widget\" data-e-type=\"widget\" data-widget_type=\"spacer.default\">\n\t\t\t\t<div class=\"elementor-widget-container\">\n\t\t\t\t\t\t\t<div class=\"elementor-spacer\">\n\t\t\t<div class=\"elementor-spacer-inner\"><\/div>\n\t\t<\/div>\n\t\t\t\t\t\t<\/div>\n\t\t\t\t<\/div>\n\t\t\t\t\t<\/div>\n\t\t<\/div>\n\t\t\t\t\t<\/div>\n\t\t<\/section>\n\t\t\t\t<section class=\"elementor-section elementor-top-section elementor-element elementor-element-3da9c2a0 elementor-hidden-mobile elementor-section-boxed elementor-section-height-default elementor-section-height-default\" data-id=\"3da9c2a0\" data-element_type=\"section\" data-e-type=\"section\">\n\t\t\t\t\t\t<div class=\"elementor-container elementor-column-gap-default\">\n\t\t\t\t\t<div class=\"elementor-column elementor-col-100 elementor-top-column elementor-element elementor-element-4875310e\" data-id=\"4875310e\" data-element_type=\"column\" data-e-type=\"column\">\n\t\t\t<div class=\"elementor-widget-wrap elementor-element-populated\">\n\t\t\t\t\t\t<div class=\"elementor-element elementor-element-61647a1d elementor-widget elementor-widget-spacer\" data-id=\"61647a1d\" data-element_type=\"widget\" data-e-type=\"widget\" data-widget_type=\"spacer.default\">\n\t\t\t\t<div class=\"elementor-widget-container\">\n\t\t\t\t\t\t\t<div class=\"elementor-spacer\">\n\t\t\t<div class=\"elementor-spacer-inner\"><\/div>\n\t\t<\/div>\n\t\t\t\t\t\t<\/div>\n\t\t\t\t<\/div>\n\t\t\t\t\t<\/div>\n\t\t<\/div>\n\t\t\t\t\t<\/div>\n\t\t<\/section>\n\t\t\t\t<section class=\"elementor-section elementor-top-section elementor-element elementor-element-f092874 elementor-section-boxed elementor-section-height-default elementor-section-height-default\" data-id=\"f092874\" data-element_type=\"section\" data-e-type=\"section\">\n\t\t\t\t\t\t<div class=\"elementor-container elementor-column-gap-default\">\n\t\t\t\t\t<div class=\"elementor-column elementor-col-50 elementor-top-column elementor-element elementor-element-b0db82b\" data-id=\"b0db82b\" data-element_type=\"column\" data-e-type=\"column\">\n\t\t\t<div class=\"elementor-widget-wrap elementor-element-populated\">\n\t\t\t\t\t\t<div class=\"elementor-element elementor-element-df69252 elementor-widget elementor-widget-text-editor\" data-id=\"df69252\" data-element_type=\"widget\" data-e-type=\"widget\" data-widget_type=\"text-editor.default\">\n\t\t\t\t<div class=\"elementor-widget-container\">\n\t\t\t\t\t\t\t\t\t<p>Eine Schwangerschaft ist f\u00fcr die werdenden Eltern immer eine emotional sehr bewegte besondere Zeit, die man gern auf Fotos festhalten m\u00f6chte.<\/p>\n<p>Ein g\u00fcnstiger Zeitpunkt f\u00fcr ein Shooting ist in etwa 4 Wochen vor dem berechneten Geburtstermin. Der Bauch ist dann deutlich ausgepr\u00e4gt, und das Risiko einer unerwarteten Geburt vor oder bei dem Shooting ist noch gering.<\/p>\n<p>Vor dem Shooting sollten Sie sich einige Gedanken machen, wobei ich Sie gern auch berate:<\/p>\n<ul>\n<li>M\u00f6chten Sie den werdenden Vater oder Geschwisterkinder mit in das Shooting einbeziehen? Auch wenn der werdende Vater nicht fotografiert wird, kann er das Shooting gern begleiten.<\/li>\n<li>Welche Requisiten m\u00f6chten Sie verwenden? Beliebt sind z.B. Babyschuhe, Kuscheltiere, ein Ultraschallbild oder \u00e4hnliche Dinge, die einen engen Bezug zum Baby haben.<\/li>\n<li>Welche Kleidung m\u00f6chten Sie tragen? In meiner Galerie finden Sie einige Anregungen. Wenn Sie Ihren Bauch nicht nackt fotografiert haben m\u00f6chten, dann k\u00f6nnen Sie gern ein enges, m\u00f6glichst einfarbiges, Kleid tragen. Sehr gut geeignet sind T\u00fccher und \u00e4hnliches\u2026<\/li>\n<\/ul>\n<p>Ich verf\u00fcge \u00fcber ein breites Repertoire an Bearbeitungstechniken, um Ihre Fotos optimal zu veredeln. Da ich \u00fcblicherweise versuche, den Bauch durch geeignete Lichtf\u00fchrung plastisch darzustellen, werden leider auch Druckstellen durch Kleidung stark betont. Im folgenden Beispiel habe ich derartige Druckstellen mit Hilfe von mathematischen Methoden entfernt, wobei auch selbst programmierte Filter zum Einsatz gekommen sind.<br><\/p>\n<p><\/p>\t\t\t\t\t\t\t\t<\/div>\n\t\t\t\t<\/div>\n\t\t\t\t\t<\/div>\n\t\t<\/div>\n\t\t\t\t<div class=\"elementor-column elementor-col-50 elementor-top-column elementor-element elementor-element-99c5024 elementor-hidden-tablet elementor-hidden-mobile\" data-id=\"99c5024\" data-element_type=\"column\" data-e-type=\"column\">\n\t\t\t<div class=\"elementor-widget-wrap elementor-element-populated\">\n\t\t\t\t\t\t<div class=\"elementor-element elementor-element-35cd786 elementor-widget elementor-widget-image\" data-id=\"35cd786\" data-element_type=\"widget\" data-e-type=\"widget\" data-widget_type=\"image.default\">\n\t\t\t\t<div class=\"elementor-widget-container\">\n\t\t\t\t\t\t\t\t\t\t\t\t\t\t\t<img fetchpriority=\"high\" decoding=\"async\" width=\"691\" height=\"1024\" src=\"https:\/\/www.drphotgraph.de\/wp-content\/uploads\/2021\/12\/1044-gal-211031-162730-D2503-o03-691x1024.jpg\" class=\"attachment-large size-large wp-image-2790\" alt=\"Babybauchfoto Fotograf Babybauchfotografie Schwangerenfoto Schwangerschaftsfotografie Babybauchportrait Kamenz Dresden\" srcset=\"https:\/\/www.drphotgraph.de\/wp-content\/uploads\/2021\/12\/1044-gal-211031-162730-D2503-o03-691x1024.jpg 691w, https:\/\/www.drphotgraph.de\/wp-content\/uploads\/2021\/12\/1044-gal-211031-162730-D2503-o03-202x300.jpg 202w, https:\/\/www.drphotgraph.de\/wp-content\/uploads\/2021\/12\/1044-gal-211031-162730-D2503-o03-768x1138.jpg 768w, https:\/\/www.drphotgraph.de\/wp-content\/uploads\/2021\/12\/1044-gal-211031-162730-D2503-o03.jpg 1093w\" sizes=\"(max-width: 691px) 100vw, 691px\" \/>\t\t\t\t\t\t\t\t\t\t\t\t\t\t\t<\/div>\n\t\t\t\t<\/div>\n\t\t\t\t\t<\/div>\n\t\t<\/div>\n\t\t\t\t\t<\/div>\n\t\t<\/section>\n\t\t\t\t<section class=\"elementor-section elementor-top-section elementor-element elementor-element-03c825e elementor-section-boxed elementor-section-height-default elementor-section-height-default\" data-id=\"03c825e\" data-element_type=\"section\" data-e-type=\"section\">\n\t\t\t\t\t\t<div class=\"elementor-container elementor-column-gap-default\">\n\t\t\t\t\t<div class=\"elementor-column elementor-col-33 elementor-top-column elementor-element elementor-element-3c13fea elementor-hidden-tablet elementor-hidden-mobile\" data-id=\"3c13fea\" data-element_type=\"column\" data-e-type=\"column\">\n\t\t\t<div class=\"elementor-widget-wrap\">\n\t\t\t\t\t\t\t<\/div>\n\t\t<\/div>\n\t\t\t\t<div class=\"elementor-column elementor-col-33 elementor-top-column elementor-element elementor-element-4dddd2e\" data-id=\"4dddd2e\" data-element_type=\"column\" data-e-type=\"column\">\n\t\t\t<div class=\"elementor-widget-wrap elementor-element-populated\">\n\t\t\t\t\t\t<div class=\"elementor-element elementor-element-f03a7aa elementor-widget elementor-widget-shortcode\" data-id=\"f03a7aa\" data-element_type=\"widget\" data-e-type=\"widget\" data-widget_type=\"shortcode.default\">\n\t\t\t\t<div class=\"elementor-widget-container\">\n\t\t\t\t\t\t\t<div class=\"elementor-shortcode\"><\/div>\n\t\t\t\t\t\t<\/div>\n\t\t\t\t<\/div>\n\t\t\t\t\t<\/div>\n\t\t<\/div>\n\t\t\t\t<div class=\"elementor-column elementor-col-33 elementor-top-column elementor-element elementor-element-df88656 elementor-hidden-tablet elementor-hidden-mobile\" data-id=\"df88656\" data-element_type=\"column\" data-e-type=\"column\">\n\t\t\t<div class=\"elementor-widget-wrap\">\n\t\t\t\t\t\t\t<\/div>\n\t\t<\/div>\n\t\t\t\t\t<\/div>\n\t\t<\/section>\n\t\t\t\t<\/div>\n\t\t","protected":false},"excerpt":{"rendered":"<p>Hinweis: Diese Seite ist veraltet.\u00a0\u00a0 Die aktuelle Version finden Sie hier. Eine Schwangerschaft ist f\u00fcr die werdenden Eltern immer eine emotional sehr bewegte besondere Zeit, die man gern auf Fotos festhalten m\u00f6chte. Ein g\u00fcnstiger Zeitpunkt f\u00fcr ein Shooting ist in&#8230;<\/p>\n","protected":false},"author":1,"featured_media":0,"parent":0,"menu_order":0,"comment_status":"closed","ping_status":"closed","template":"templates\/template-fullscreen.php","meta":{"footnotes":""},"class_list":["post-5382","page","type-page","status-publish","hentry"],"acf":[],"_links":{"self":[{"href":"https:\/\/www.drphotgraph.de\/index.php?rest_route=\/wp\/v2\/pages\/5382","targetHints":{"allow":["GET"]}}],"collection":[{"href":"https:\/\/www.drphotgraph.de\/index.php?rest_route=\/wp\/v2\/pages"}],"about":[{"href":"https:\/\/www.drphotgraph.de\/index.php?rest_route=\/wp\/v2\/types\/page"}],"author":[{"embeddable":true,"href":"https:\/\/www.drphotgraph.de\/index.php?rest_route=\/wp\/v2\/users\/1"}],"replies":[{"embeddable":true,"href":"https:\/\/www.drphotgraph.de\/index.php?rest_route=%2Fwp%2Fv2%2Fcomments&post=5382"}],"version-history":[{"count":0,"href":"https:\/\/www.drphotgraph.de\/index.php?rest_route=\/wp\/v2\/pages\/5382\/revisions"}],"wp:attachment":[{"href":"https:\/\/www.drphotgraph.de\/index.php?rest_route=%2Fwp%2Fv2%2Fmedia&parent=5382"}],"curies":[{"name":"wp","href":"https:\/\/api.w.org\/{rel}","templated":true}]}}