{"id":5222,"date":"2022-12-14T22:57:43","date_gmt":"2022-12-14T21:57:43","guid":{"rendered":"https:\/\/www.drphotgraph.de\/?page_id=5222"},"modified":"2024-02-24T22:21:09","modified_gmt":"2024-02-24T21:21:09","slug":"hochzeiten-nicole-hannes","status":"publish","type":"page","link":"https:\/\/www.drphotgraph.de\/?page_id=5222","title":{"rendered":"Hochzeiten: Nicole &#038; Hannes"},"content":{"rendered":"\t\t<div data-elementor-type=\"wp-page\" data-elementor-id=\"5222\" class=\"elementor elementor-5222\">\n\t\t\t\t\t\t<section class=\"elementor-section elementor-top-section elementor-element elementor-element-4bf17ccc elementor-section-boxed elementor-section-height-default elementor-section-height-default\" data-id=\"4bf17ccc\" data-element_type=\"section\" data-e-type=\"section\">\n\t\t\t\t\t\t<div class=\"elementor-container elementor-column-gap-default\">\n\t\t\t\t\t<div class=\"elementor-column elementor-col-100 elementor-top-column elementor-element elementor-element-5e95e036\" data-id=\"5e95e036\" data-element_type=\"column\" data-e-type=\"column\">\n\t\t\t<div class=\"elementor-widget-wrap elementor-element-populated\">\n\t\t\t\t\t\t<div class=\"elementor-element elementor-element-87c7c7d elementor-widget elementor-widget-html\" data-id=\"87c7c7d\" data-element_type=\"widget\" data-e-type=\"widget\" data-widget_type=\"html.default\">\n\t\t\t\t<div class=\"elementor-widget-container\">\n\t\t\t\t\t<H1 style=\"font-size:6vw;text-align:center\"><A href=\"https:\/\/www.drphotgraph.de\/hochzeitsfotograf-dresden\/\" style=\"color:#FFFFFF\">Hochzeit:<\/A> Nicole &amp; Hannes<\/H1>\t\t\t\t<\/div>\n\t\t\t\t<\/div>\n\t\t\t\t\t<\/div>\n\t\t<\/div>\n\t\t\t\t\t<\/div>\n\t\t<\/section>\n\t\t\t\t<section class=\"elementor-section elementor-top-section elementor-element elementor-element-20d6802 elementor-section-boxed elementor-section-height-default elementor-section-height-default\" data-id=\"20d6802\" data-element_type=\"section\" data-e-type=\"section\">\n\t\t\t\t\t\t<div class=\"elementor-container elementor-column-gap-default\">\n\t\t\t\t\t<div class=\"elementor-column elementor-col-100 elementor-top-column elementor-element elementor-element-9d34852\" data-id=\"9d34852\" data-element_type=\"column\" data-e-type=\"column\">\n\t\t\t<div class=\"elementor-widget-wrap elementor-element-populated\">\n\t\t\t\t\t\t<div class=\"elementor-element elementor-element-dcba024 elementor-hidden-mobile elementor-widget elementor-widget-spacer\" data-id=\"dcba024\" data-element_type=\"widget\" data-e-type=\"widget\" data-widget_type=\"spacer.default\">\n\t\t\t\t<div class=\"elementor-widget-container\">\n\t\t\t\t\t\t\t<div class=\"elementor-spacer\">\n\t\t\t<div class=\"elementor-spacer-inner\"><\/div>\n\t\t<\/div>\n\t\t\t\t\t\t<\/div>\n\t\t\t\t<\/div>\n\t\t\t\t\t<\/div>\n\t\t<\/div>\n\t\t\t\t\t<\/div>\n\t\t<\/section>\n\t\t\t\t<section class=\"elementor-section elementor-top-section elementor-element elementor-element-5ad1fc8e elementor-section-boxed elementor-section-height-default elementor-section-height-default\" data-id=\"5ad1fc8e\" data-element_type=\"section\" data-e-type=\"section\">\n\t\t\t\t\t\t<div class=\"elementor-container elementor-column-gap-default\">\n\t\t\t\t\t<div class=\"elementor-column elementor-col-100 elementor-top-column elementor-element elementor-element-d29ecf7\" data-id=\"d29ecf7\" data-element_type=\"column\" data-e-type=\"column\">\n\t\t\t<div class=\"elementor-widget-wrap elementor-element-populated\">\n\t\t\t\t\t\t<div class=\"elementor-element elementor-element-64187a4a elementor-widget elementor-widget-text-editor\" data-id=\"64187a4a\" data-element_type=\"widget\" data-e-type=\"widget\" data-widget_type=\"text-editor.default\">\n\t\t\t\t<div class=\"elementor-widget-container\">\n\t\t\t\t\t\t\t\t\t<p>Begleitung der Trauung von Nicole und Hannes bei regerischem Wetter.<\/p>\t\t\t\t\t\t\t\t<\/div>\n\t\t\t\t<\/div>\n\t\t\t\t\t<\/div>\n\t\t<\/div>\n\t\t\t\t\t<\/div>\n\t\t<\/section>\n\t\t\t\t<section class=\"elementor-section elementor-top-section elementor-element elementor-element-610d17bc elementor-section-boxed elementor-section-height-default elementor-section-height-default\" data-id=\"610d17bc\" data-element_type=\"section\" data-e-type=\"section\">\n\t\t\t\t\t\t<div class=\"elementor-container elementor-column-gap-default\">\n\t\t\t\t\t<div class=\"elementor-column elementor-col-100 elementor-top-column elementor-element elementor-element-12ad3b97\" data-id=\"12ad3b97\" data-element_type=\"column\" data-e-type=\"column\">\n\t\t\t<div class=\"elementor-widget-wrap elementor-element-populated\">\n\t\t\t\t\t\t<div class=\"elementor-element elementor-element-51e8571f elementor-widget elementor-widget-shortcode\" data-id=\"51e8571f\" data-element_type=\"widget\" data-e-type=\"widget\" data-widget_type=\"shortcode.default\">\n\t\t\t\t<div class=\"elementor-widget-container\">\n\t\t\t\t\t\t\t<div class=\"elementor-shortcode\"><div class=\"gallery-post\"><style type=\"text\/css\">\n#foogallery-gallery-3608.fg-masonry .fg-item { width: 250px; }\n#foogallery-gallery-3608.fg-masonry { --fg-gutter: 5px; }<\/style>\n\t\t\t<style type=\"text\/css\">\n#foogallery-gallery-3608_1.fg-masonry .fg-item { width: 250px; }\n#foogallery-gallery-3608_1.fg-masonry { --fg-gutter: 5px; }<\/style>\n\t\t\t<div class=\"foogallery foogallery-container foogallery-masonry foogallery-lightbox-none fg-center fg-masonry fg-ready fg-dark fg-loading-default fg-loaded-fade-in fg-caption-hover fg-hover-fade fg-hover-plus fg-fixed\" id=\"foogallery-gallery-3608_1\" data-foogallery=\"{&quot;item&quot;:{&quot;showCaptionTitle&quot;:true,&quot;showCaptionDescription&quot;:true},&quot;lazy&quot;:true,&quot;template&quot;:{&quot;columnWidth&quot;:250,&quot;gutter&quot;:5}}\" style=\"--fg-title-line-clamp: 0; --fg-description-line-clamp: 0;\" >\n\t\t<div class=\"fg-item fg-type-image fg-idle\"><figure class=\"fg-item-inner\"><a href=\"https:\/\/www.drphotgraph.de\/wp-content\/uploads\/2022\/10\/1057-gal-220917-125757-D4286-o02.jpg\" data-caption-title=\"Schnappschuss w\u00e4hrend der Trauung.\" data-caption-desc=\"Schnappschuss w\u00e4hrend der Trauung.\" data-attachment-id=\"3586\" data-e-disable-page-transition=\"true\" data-type=\"image\" class=\"fg-thumb\"><span class=\"fg-image-wrap\"><img fetchpriority=\"high\" decoding=\"async\" alt=\"Fotografie Bildbearbeitung Daniel Kirsten Portrait Dresden Hochzeit H\u00e4nde\" title=\"Schnappschuss w\u00e4hrend der Trauung.\" width=\"250\" height=\"302\" class=\"skip-lazy fg-image\" data-src-fg=\"https:\/\/www.drphotgraph.de\/wp-content\/uploads\/cache\/2022\/10\/1057-gal-220917-125757-D4286-o02\/3312426702.jpg\" src=\"data:image\/svg+xml,%3Csvg%20xmlns%3D%22http%3A%2F%2Fwww.w3.org%2F2000%2Fsvg%22%20width%3D%22250%22%20height%3D%22302%22%20viewBox%3D%220%200%20250%20302%22%3E%3C%2Fsvg%3E\" loading=\"eager\"><\/span><span class=\"fg-image-overlay\"><\/span><\/a><figcaption class=\"fg-caption\"><div class=\"fg-caption-inner\"><div class=\"fg-caption-desc\">Schnappschuss w\u00e4hrend der Trauung.<\/div><\/div><\/figcaption><\/figure><div class=\"fg-loader\"><\/div><\/div><div class=\"fg-item fg-type-image fg-idle\"><figure class=\"fg-item-inner\"><a href=\"https:\/\/www.drphotgraph.de\/wp-content\/uploads\/2022\/10\/1057-gal-220917-131620-D4364-o03.jpg\" data-attachment-id=\"3594\" data-e-disable-page-transition=\"true\" data-type=\"image\" class=\"fg-thumb\"><span class=\"fg-image-wrap\"><img decoding=\"async\" alt=\"Brautpaarshooting R\u00fccken Braut Hochzeotsfotograf Wedding Photographer Brautkleid\" width=\"250\" height=\"401\" class=\"skip-lazy fg-image\" data-src-fg=\"https:\/\/www.drphotgraph.de\/wp-content\/uploads\/cache\/2022\/10\/1057-gal-220917-131620-D4364-o03\/3512028010.jpg\" src=\"data:image\/svg+xml,%3Csvg%20xmlns%3D%22http%3A%2F%2Fwww.w3.org%2F2000%2Fsvg%22%20width%3D%22250%22%20height%3D%22401%22%20viewBox%3D%220%200%20250%20401%22%3E%3C%2Fsvg%3E\" loading=\"eager\"><\/span><span class=\"fg-image-overlay\"><\/span><\/a><\/figure><div class=\"fg-loader\"><\/div><\/div><div class=\"fg-item fg-type-image fg-idle\"><figure class=\"fg-item-inner\"><a href=\"https:\/\/www.drphotgraph.de\/wp-content\/uploads\/2022\/10\/1057-gal-220917-131620-D4364-o02.jpg\" data-caption-title=\"Das Foto reizte mich zu einer Schwarz-Wei\u00df-Entwicklung.\" data-caption-desc=\"Das Foto reizte mich zu einer Schwarz-Wei\u00df-Entwicklung.\" data-attachment-id=\"3593\" data-e-disable-page-transition=\"true\" data-type=\"image\" class=\"fg-thumb\"><span class=\"fg-image-wrap\"><img decoding=\"async\" alt=\"Fotografie Bildbearbeitung Daniel Kirsten Portrait Pirna Hochzeit Braut SchwarzWei\u00df Brautkleid Eheschlie\u00dfung\" title=\"Das Foto reizte mich zu einer Schwarz-Wei\u00df-Entwicklung.\" width=\"250\" height=\"401\" class=\"skip-lazy fg-image\" data-src-fg=\"https:\/\/www.drphotgraph.de\/wp-content\/uploads\/cache\/2022\/10\/1057-gal-220917-131620-D4364-o02\/3260810787.jpg\" src=\"data:image\/svg+xml,%3Csvg%20xmlns%3D%22http%3A%2F%2Fwww.w3.org%2F2000%2Fsvg%22%20width%3D%22250%22%20height%3D%22401%22%20viewBox%3D%220%200%20250%20401%22%3E%3C%2Fsvg%3E\" loading=\"eager\"><\/span><span class=\"fg-image-overlay\"><\/span><\/a><figcaption class=\"fg-caption\"><div class=\"fg-caption-inner\"><div class=\"fg-caption-desc\">Das Foto reizte mich zu einer Schwarz-Wei\u00df-Entwicklung.<\/div><\/div><\/figcaption><\/figure><div class=\"fg-loader\"><\/div><\/div><div class=\"fg-item fg-type-image fg-idle\"><figure class=\"fg-item-inner\"><a href=\"https:\/\/www.drphotgraph.de\/wp-content\/uploads\/2022\/10\/1057-gal-220917-130735-D4318-o04.jpg\" data-caption-title=\"Ich musste in dem recht dunklen Trausaal den ISO auf 12800 hochsetzen.  \n Dank moderner Algorithmen zur Rohdatenaufbereitung und professioneller \nTechnik entstand  dieses vollkommen rauschfreie Bild.\" data-caption-desc=\"Ich musste in dem recht dunklen Trausaal den ISO auf 12800 hochsetzen.  \n Dank moderner Algorithmen zur Rohdatenaufbereitung und professioneller \nTechnik entstand  dieses vollkommen rauschfreie Bild.\" data-attachment-id=\"3587\" data-e-disable-page-transition=\"true\" data-type=\"image\" class=\"fg-thumb\"><span class=\"fg-image-wrap\"><img decoding=\"async\" alt=\"Fotografie Bildbearbeitung Daniel Kirsten Portrait Pirna Hochzeit Kuss\" title=\"Ich musste in dem recht dunklen Trausaal den ISO auf 12800 hochsetzen.  \n Dank moderner Algorithmen zur Rohdatenaufbereitung und professioneller \nTechnik entstand  dieses vollkommen rauschfreie Bild.\" width=\"250\" height=\"396\" class=\"skip-lazy fg-image\" data-src-fg=\"https:\/\/www.drphotgraph.de\/wp-content\/uploads\/cache\/2022\/10\/1057-gal-220917-130735-D4318-o04\/346250080.jpg\" src=\"data:image\/svg+xml,%3Csvg%20xmlns%3D%22http%3A%2F%2Fwww.w3.org%2F2000%2Fsvg%22%20width%3D%22250%22%20height%3D%22396%22%20viewBox%3D%220%200%20250%20396%22%3E%3C%2Fsvg%3E\" loading=\"eager\"><\/span><span class=\"fg-image-overlay\"><\/span><\/a><figcaption class=\"fg-caption\"><div class=\"fg-caption-inner\"><div class=\"fg-caption-desc\">Ich musste in dem recht dunklen Trausaal den ISO auf 12800 hochsetzen.  \n Dank moderner Algorithmen zur Rohdatenaufbereitung und professioneller \nTechnik entstand  dieses vollkommen rauschfreie Bild.<\/div><\/div><\/figcaption><\/figure><div class=\"fg-loader\"><\/div><\/div><div class=\"fg-item fg-type-image fg-idle\"><figure class=\"fg-item-inner\"><a href=\"https:\/\/www.drphotgraph.de\/wp-content\/uploads\/2022\/10\/1057-gal-220917-140442-D4636-o09.jpg\" data-caption-title=\"Wir hatten nur eine sehr kurze Regenpause f\u00fcr das Brautpaarshooting.    Wenige Augenblicke sp\u00e4ter musste das Brautpaar ins Trockene fl\u00fcchten.\" data-caption-desc=\"Wir hatten nur eine sehr kurze Regenpause f\u00fcr das Brautpaarshooting.    Wenige Augenblicke sp\u00e4ter musste das Brautpaar ins Trockene fl\u00fcchten.\" data-attachment-id=\"3595\" data-e-disable-page-transition=\"true\" data-type=\"image\" class=\"fg-thumb\"><span class=\"fg-image-wrap\"><img decoding=\"async\" alt=\"Fotografie Brautpaarshooting Daniel Kirsten Fenster Hochzeit Braut Pirna Regen\" title=\"Wir hatten nur eine sehr kurze Regenpause f\u00fcr das Brautpaarshooting.    Wenige Augenblicke sp\u00e4ter musste das Brautpaar ins Trockene fl\u00fcchten.\" width=\"250\" height=\"461\" class=\"skip-lazy fg-image\" data-src-fg=\"https:\/\/www.drphotgraph.de\/wp-content\/uploads\/cache\/2022\/10\/1057-gal-220917-140442-D4636-o09\/2079115357.jpg\" src=\"data:image\/svg+xml,%3Csvg%20xmlns%3D%22http%3A%2F%2Fwww.w3.org%2F2000%2Fsvg%22%20width%3D%22250%22%20height%3D%22461%22%20viewBox%3D%220%200%20250%20461%22%3E%3C%2Fsvg%3E\" loading=\"eager\"><\/span><span class=\"fg-image-overlay\"><\/span><\/a><figcaption class=\"fg-caption\"><div class=\"fg-caption-inner\"><div class=\"fg-caption-desc\">Wir hatten nur eine sehr kurze Regenpause f\u00fcr das Brautpaarshooting.    Wenige Augenblicke sp\u00e4ter musste das Brautpaar ins Trockene fl\u00fcchten.<\/div><\/div><\/figcaption><\/figure><div class=\"fg-loader\"><\/div><\/div><div class=\"fg-item fg-type-image fg-idle\"><figure class=\"fg-item-inner\"><a href=\"https:\/\/www.drphotgraph.de\/wp-content\/uploads\/2022\/10\/1057-gal-220917-140609-D4643-o08.jpg\" data-caption-title=\"W\u00e4hrend das Brautpaar ins Trockene fl\u00fcchtete, hatte ich gl\u00fccklicherweise\n noch die Kamera mit den Einstellungen vom Brautpaarshooting in der \nHand.  Das Foto ist wie geschaffen f\u00fcr eine stimmungsvolle \nSchwarz-Wei\u00df-Entwicklung.\" data-caption-desc=\"W\u00e4hrend das Brautpaar ins Trockene fl\u00fcchtete, hatte ich gl\u00fccklicherweise\n noch die Kamera mit den Einstellungen vom Brautpaarshooting in der \nHand.  Das Foto ist wie geschaffen f\u00fcr eine stimmungsvolle \nSchwarz-Wei\u00df-Entwicklung.\" data-attachment-id=\"3591\" data-e-disable-page-transition=\"true\" data-type=\"image\" class=\"fg-thumb\"><span class=\"fg-image-wrap\"><img decoding=\"async\" alt=\"Fotografie Bildbearbeitung Daniel Kirsten Portrait Dresden Hochzeit Regen Schwarzwei\u00df\" title=\"W\u00e4hrend das Brautpaar ins Trockene fl\u00fcchtete, hatte ich gl\u00fccklicherweise\n noch die Kamera mit den Einstellungen vom Brautpaarshooting in der \nHand.  Das Foto ist wie geschaffen f\u00fcr eine stimmungsvolle \nSchwarz-Wei\u00df-Entwicklung.\" width=\"250\" height=\"372\" class=\"skip-lazy fg-image\" data-src-fg=\"https:\/\/www.drphotgraph.de\/wp-content\/uploads\/cache\/2022\/10\/1057-gal-220917-140609-D4643-o08\/2720555641.jpg\" src=\"data:image\/svg+xml,%3Csvg%20xmlns%3D%22http%3A%2F%2Fwww.w3.org%2F2000%2Fsvg%22%20width%3D%22250%22%20height%3D%22372%22%20viewBox%3D%220%200%20250%20372%22%3E%3C%2Fsvg%3E\" loading=\"eager\"><\/span><span class=\"fg-image-overlay\"><\/span><\/a><figcaption class=\"fg-caption\"><div class=\"fg-caption-inner\"><div class=\"fg-caption-desc\">W\u00e4hrend das Brautpaar ins Trockene fl\u00fcchtete, hatte ich gl\u00fccklicherweise\n noch die Kamera mit den Einstellungen vom Brautpaarshooting in der \nHand.  Das Foto ist wie geschaffen f\u00fcr eine stimmungsvolle \nSchwarz-Wei\u00df-Entwicklung.<\/div><\/div><\/figcaption><\/figure><div class=\"fg-loader\"><\/div><\/div><div class=\"fg-item fg-type-image fg-idle\"><figure class=\"fg-item-inner\"><a href=\"https:\/\/www.drphotgraph.de\/wp-content\/uploads\/2022\/10\/1057-gal-220917-140609-D4643-o09.jpg\" data-caption-title=\"Flucht ins Trockene.\" data-caption-desc=\"Flucht ins Trockene.\" data-attachment-id=\"3592\" data-e-disable-page-transition=\"true\" data-type=\"image\" class=\"fg-thumb\"><span class=\"fg-image-wrap\"><img decoding=\"async\" alt=\"Fotografie Brautpaarshoooting Daniel Kirsten Portrait Dresden Hochzeit Regen Schwarzwei\u00df\" title=\"Flucht ins Trockene.\" width=\"250\" height=\"372\" class=\"skip-lazy fg-image\" data-src-fg=\"https:\/\/www.drphotgraph.de\/wp-content\/uploads\/cache\/2022\/10\/1057-gal-220917-140609-D4643-o09\/2683239618.jpg\" src=\"data:image\/svg+xml,%3Csvg%20xmlns%3D%22http%3A%2F%2Fwww.w3.org%2F2000%2Fsvg%22%20width%3D%22250%22%20height%3D%22372%22%20viewBox%3D%220%200%20250%20372%22%3E%3C%2Fsvg%3E\" loading=\"eager\"><\/span><span class=\"fg-image-overlay\"><\/span><\/a><figcaption class=\"fg-caption\"><div class=\"fg-caption-inner\"><div class=\"fg-caption-desc\">Flucht ins Trockene.<\/div><\/div><\/figcaption><\/figure><div class=\"fg-loader\"><\/div><\/div><\/div><\/div><\/div>\n\t\t\t\t\t\t<\/div>\n\t\t\t\t<\/div>\n\t\t\t\t\t<\/div>\n\t\t<\/div>\n\t\t\t\t\t<\/div>\n\t\t<\/section>\n\t\t\t\t<\/div>\n\t\t","protected":false},"excerpt":{"rendered":"<p>Hochzeit: Nicole &amp; Hannes Begleitung der Trauung von Nicole und Hannes bei regerischem Wetter.<\/p>\n","protected":false},"author":1,"featured_media":0,"parent":0,"menu_order":0,"comment_status":"closed","ping_status":"closed","template":"templates\/template-fullscreen.php","meta":{"footnotes":""},"class_list":["post-5222","page","type-page","status-publish","hentry"],"acf":[],"_links":{"self":[{"href":"https:\/\/www.drphotgraph.de\/index.php?rest_route=\/wp\/v2\/pages\/5222","targetHints":{"allow":["GET"]}}],"collection":[{"href":"https:\/\/www.drphotgraph.de\/index.php?rest_route=\/wp\/v2\/pages"}],"about":[{"href":"https:\/\/www.drphotgraph.de\/index.php?rest_route=\/wp\/v2\/types\/page"}],"author":[{"embeddable":true,"href":"https:\/\/www.drphotgraph.de\/index.php?rest_route=\/wp\/v2\/users\/1"}],"replies":[{"embeddable":true,"href":"https:\/\/www.drphotgraph.de\/index.php?rest_route=%2Fwp%2Fv2%2Fcomments&post=5222"}],"version-history":[{"count":0,"href":"https:\/\/www.drphotgraph.de\/index.php?rest_route=\/wp\/v2\/pages\/5222\/revisions"}],"wp:attachment":[{"href":"https:\/\/www.drphotgraph.de\/index.php?rest_route=%2Fwp%2Fv2%2Fmedia&parent=5222"}],"curies":[{"name":"wp","href":"https:\/\/api.w.org\/{rel}","templated":true}]}}