{"id":4029,"date":"2022-12-06T23:40:59","date_gmt":"2022-12-06T22:40:59","guid":{"rendered":"https:\/\/www.drphotgraph.de\/?page_id=4029"},"modified":"2023-03-08T16:23:34","modified_gmt":"2023-03-08T15:23:34","slug":"haeufig-gestellte-fragen","status":"publish","type":"page","link":"https:\/\/www.drphotgraph.de\/?page_id=4029","title":{"rendered":"H\u00e4ufig gestellte Fragen"},"content":{"rendered":"\t\t<div data-elementor-type=\"wp-page\" data-elementor-id=\"4029\" class=\"elementor elementor-4029\">\n\t\t\t\t\t\t<section class=\"elementor-section elementor-top-section elementor-element elementor-element-6cbbe63 elementor-hidden-desktop elementor-section-boxed elementor-section-height-default elementor-section-height-default\" data-id=\"6cbbe63\" data-element_type=\"section\" data-e-type=\"section\">\n\t\t\t\t\t\t<div class=\"elementor-container elementor-column-gap-default\">\n\t\t\t\t\t<div class=\"elementor-column elementor-col-100 elementor-top-column elementor-element elementor-element-030f88a\" data-id=\"030f88a\" data-element_type=\"column\" data-e-type=\"column\">\n\t\t\t<div class=\"elementor-widget-wrap elementor-element-populated\">\n\t\t\t\t\t\t<div class=\"elementor-element elementor-element-ce5e184 elementor-widget__width-initial elementor-widget-tablet__width-initial elementor-widget-mobile__width-initial elementor-widget elementor-widget-heading\" data-id=\"ce5e184\" data-element_type=\"widget\" data-e-type=\"widget\" data-widget_type=\"heading.default\">\n\t\t\t\t<div class=\"elementor-widget-container\">\n\t\t\t\t\t<h3 class=\"elementor-heading-title elementor-size-default\">H\u00e4ufig gestellte Fragen<\/h3>\t\t\t\t<\/div>\n\t\t\t\t<\/div>\n\t\t\t\t<div class=\"elementor-element elementor-element-e439811 elementor-widget elementor-widget-spacer\" data-id=\"e439811\" data-element_type=\"widget\" data-e-type=\"widget\" data-widget_type=\"spacer.default\">\n\t\t\t\t<div class=\"elementor-widget-container\">\n\t\t\t\t\t\t\t<div class=\"elementor-spacer\">\n\t\t\t<div class=\"elementor-spacer-inner\"><\/div>\n\t\t<\/div>\n\t\t\t\t\t\t<\/div>\n\t\t\t\t<\/div>\n\t\t\t\t\t<\/div>\n\t\t<\/div>\n\t\t\t\t\t<\/div>\n\t\t<\/section>\n\t\t\t\t<section class=\"elementor-section elementor-top-section elementor-element elementor-element-18ec38d elementor-hidden-tablet elementor-hidden-mobile elementor-section-boxed elementor-section-height-default elementor-section-height-default\" data-id=\"18ec38d\" data-element_type=\"section\" data-e-type=\"section\">\n\t\t\t\t\t\t<div class=\"elementor-container elementor-column-gap-default\">\n\t\t\t\t\t<div class=\"elementor-column elementor-col-100 elementor-top-column elementor-element elementor-element-c1f00de\" data-id=\"c1f00de\" data-element_type=\"column\" data-e-type=\"column\">\n\t\t\t<div class=\"elementor-widget-wrap elementor-element-populated\">\n\t\t\t\t\t\t<div class=\"elementor-element elementor-element-4249e2d elementor-widget__width-initial elementor-widget elementor-widget-heading\" data-id=\"4249e2d\" data-element_type=\"widget\" data-e-type=\"widget\" data-widget_type=\"heading.default\">\n\t\t\t\t<div class=\"elementor-widget-container\">\n\t\t\t\t\t<h3 class=\"elementor-heading-title elementor-size-default\">H\u00e4ufig gestellte Fragen<\/h3>\t\t\t\t<\/div>\n\t\t\t\t<\/div>\n\t\t\t\t<div class=\"elementor-element elementor-element-897a42b elementor-widget elementor-widget-spacer\" data-id=\"897a42b\" data-element_type=\"widget\" data-e-type=\"widget\" data-widget_type=\"spacer.default\">\n\t\t\t\t<div class=\"elementor-widget-container\">\n\t\t\t\t\t\t\t<div class=\"elementor-spacer\">\n\t\t\t<div class=\"elementor-spacer-inner\"><\/div>\n\t\t<\/div>\n\t\t\t\t\t\t<\/div>\n\t\t\t\t<\/div>\n\t\t\t\t\t<\/div>\n\t\t<\/div>\n\t\t\t\t\t<\/div>\n\t\t<\/section>\n\t\t\t\t<section class=\"elementor-section elementor-top-section elementor-element elementor-element-36f7483 elementor-section-boxed elementor-section-height-default elementor-section-height-default\" data-id=\"36f7483\" data-element_type=\"section\" data-e-type=\"section\">\n\t\t\t\t\t\t<div class=\"elementor-container elementor-column-gap-default\">\n\t\t\t\t\t<div class=\"elementor-column elementor-col-100 elementor-top-column elementor-element elementor-element-bd74f7b\" data-id=\"bd74f7b\" data-element_type=\"column\" data-e-type=\"column\">\n\t\t\t<div class=\"elementor-widget-wrap elementor-element-populated\">\n\t\t\t\t\t\t<div class=\"elementor-element elementor-element-b8b9d39 elementor-widget__width-initial elementor-widget elementor-widget-text-editor\" data-id=\"b8b9d39\" data-element_type=\"widget\" data-e-type=\"widget\" data-widget_type=\"text-editor.default\">\n\t\t\t\t<div class=\"elementor-widget-container\">\n\t\t\t\t\t\t\t\t\t<p><span style=\"font-size: large;\">Was bedeutet die Formulierung &#8222;Sie bekommen alle verwertbaren Fotos in Basisbearbeitung&#8220;?<\/span><div class=\"bg-margin-for-link\"><input type='hidden' bg_collapse_expand='69f2db3a8d3bc5015201759' value='69f2db3a8d3bc5015201759'><input type='hidden' id='bg-show-more-text-69f2db3a8d3bc5015201759' value='Antwort anzeigen.'><input type='hidden' id='bg-show-less-text-69f2db3a8d3bc5015201759' value='Antwort ausblenden.'><a id='bg-showmore-action-69f2db3a8d3bc5015201759' class='bg-showmore-plg-link bg-eye '  style=\" color:LightBlue;;\" href='#'>Antwort anzeigen.<\/a><div id='bg-showmore-hidden-69f2db3a8d3bc5015201759' > Hierzu gibt es eine <a href=\"https:\/\/www.drphotgraph.de\/?page_id=5849\">ausf\u00fchrliche Seite<\/a>. <\/div><\/div><\/p>\t\t\t\t\t\t\t\t<\/div>\n\t\t\t\t<\/div>\n\t\t\t\t<div class=\"elementor-element elementor-element-fa745c0 elementor-widget__width-initial elementor-widget elementor-widget-spacer\" data-id=\"fa745c0\" data-element_type=\"widget\" data-e-type=\"widget\" data-widget_type=\"spacer.default\">\n\t\t\t\t<div class=\"elementor-widget-container\">\n\t\t\t\t\t\t\t<div class=\"elementor-spacer\">\n\t\t\t<div class=\"elementor-spacer-inner\"><\/div>\n\t\t<\/div>\n\t\t\t\t\t\t<\/div>\n\t\t\t\t<\/div>\n\t\t\t\t<div class=\"elementor-element elementor-element-36450af elementor-widget__width-initial elementor-widget elementor-widget-text-editor\" data-id=\"36450af\" data-element_type=\"widget\" data-e-type=\"widget\" data-widget_type=\"text-editor.default\">\n\t\t\t\t<div class=\"elementor-widget-container\">\n\t\t\t\t\t\t\t\t\t<p><span style=\"font-size: large;\">Neulich hatten Sie bei der Trauung einen Aufsteckblitz. Sie sagen doch aber, dass Sie keinen Aufsteckblitz verwenden und bei der Trauung ohne Blitz fotografieren.<\/span><div class=\"bg-margin-for-link\"><input type='hidden' bg_collapse_expand='69f2db3a8dea92052697323' value='69f2db3a8dea92052697323'><input type='hidden' id='bg-show-more-text-69f2db3a8dea92052697323' value='Antwort anzeigen.'><input type='hidden' id='bg-show-less-text-69f2db3a8dea92052697323' value='Antwort ausblenden.'><a id='bg-showmore-action-69f2db3a8dea92052697323' class='bg-showmore-plg-link bg-eye '  style=\" color:LightBlue;;\" href='#'>Antwort anzeigen.<\/a><div id='bg-showmore-hidden-69f2db3a8dea92052697323' > Obwohl der Aufsteckblitz selbst nicht blitzt, hat aber trotzdem zwei Funktionen:<\/p><ul><li>Er sendet dezentes rotes Licht aus, um die Messungen f\u00fcr die Fokusberechnung der Kamera zu unterst\u00fctzen. Das rote Licht wird nicht permanent, sondern nur kurz vor der Aufnahme eines Fotos, gesendet.<\/li><li>Wenn ich externe Blitze verwende, dann steuert der Aufsteckblitz den externen Blitz \u00fcber Funk an.<\/li><\/ul><p>Gelegentlich muss ich den Aufsteckblitz verwenden, wenn mich Kunden zur Eile dr\u00e4ngen und ich den Lichtschirm nicht griffbereit habe. <\/div><\/div><\/p>\t\t\t\t\t\t\t\t<\/div>\n\t\t\t\t<\/div>\n\t\t\t\t<div class=\"elementor-element elementor-element-e3e6101 elementor-widget__width-initial elementor-widget elementor-widget-spacer\" data-id=\"e3e6101\" data-element_type=\"widget\" data-e-type=\"widget\" data-widget_type=\"spacer.default\">\n\t\t\t\t<div class=\"elementor-widget-container\">\n\t\t\t\t\t\t\t<div class=\"elementor-spacer\">\n\t\t\t<div class=\"elementor-spacer-inner\"><\/div>\n\t\t<\/div>\n\t\t\t\t\t\t<\/div>\n\t\t\t\t<\/div>\n\t\t\t\t<div class=\"elementor-element elementor-element-f2d4928 elementor-widget__width-initial elementor-widget elementor-widget-text-editor\" data-id=\"f2d4928\" data-element_type=\"widget\" data-e-type=\"widget\" data-widget_type=\"text-editor.default\">\n\t\t\t\t<div class=\"elementor-widget-container\">\n\t\t\t\t\t\t\t\t\t<p><span style=\"font-size: large;\">Wie lange im Voraus sollten wir Sie buchen?<\/span><div class=\"bg-margin-for-link\"><input type='hidden' bg_collapse_expand='69f2db3a8e8463080799848' value='69f2db3a8e8463080799848'><input type='hidden' id='bg-show-more-text-69f2db3a8e8463080799848' value='Antwort anzeigen.'><input type='hidden' id='bg-show-less-text-69f2db3a8e8463080799848' value='Antwort ausblenden.'><a id='bg-showmore-action-69f2db3a8e8463080799848' class='bg-showmore-plg-link bg-eye '  style=\" color:LightBlue;;\" href='#'>Antwort anzeigen.<\/a><div id='bg-showmore-hidden-69f2db3a8e8463080799848' > Diese Frage kann ich nicht pauschal beantworten.\u00a0 Bei Hochzeiten, Einschulungen und \u00e4hnlichen Veranstaltungen sollten Sie Kontakt mit mir aufnehmen, sobald Sie den Termin kennen.\u00a0 Je l\u00e4nger Sie warten, desto gr\u00f6\u00dfer ist die Gefahr, dass der Termin bereits gebucht ist.\u00a0\u00a0 Mitunter bin ich bereits \u00fcber ein Jahr vorher gebucht.\u00a0 Andererseits bin ich auch f\u00fcr spontane und sehr kurzfristige Buchungen offen. Bei Schwangerschafts-, Neugeborenenshootings und \u00e4hnlichen sollten Sie mich einige Wochen vorher kontaktieren.<\/div><\/div><\/p>\t\t\t\t\t\t\t\t<\/div>\n\t\t\t\t<\/div>\n\t\t\t\t<div class=\"elementor-element elementor-element-3cde5b2 elementor-widget__width-initial elementor-widget elementor-widget-spacer\" data-id=\"3cde5b2\" data-element_type=\"widget\" data-e-type=\"widget\" data-widget_type=\"spacer.default\">\n\t\t\t\t<div class=\"elementor-widget-container\">\n\t\t\t\t\t\t\t<div class=\"elementor-spacer\">\n\t\t\t<div class=\"elementor-spacer-inner\"><\/div>\n\t\t<\/div>\n\t\t\t\t\t\t<\/div>\n\t\t\t\t<\/div>\n\t\t\t\t<div class=\"elementor-element elementor-element-80e7c19 elementor-widget__width-initial elementor-widget elementor-widget-text-editor\" data-id=\"80e7c19\" data-element_type=\"widget\" data-e-type=\"widget\" data-widget_type=\"text-editor.default\">\n\t\t\t\t<div class=\"elementor-widget-container\">\n\t\t\t\t\t\t\t\t\t<p><span style=\"font-size: large;\">Wie verfahren wir bei schlechtem Wetter zum Shooting?<\/span><div class=\"bg-margin-for-link\"><input type='hidden' bg_collapse_expand='69f2db3a8effb1030031980' value='69f2db3a8effb1030031980'><input type='hidden' id='bg-show-more-text-69f2db3a8effb1030031980' value='Antwort anzeigen.'><input type='hidden' id='bg-show-less-text-69f2db3a8effb1030031980' value='Antwort ausblenden.'><a id='bg-showmore-action-69f2db3a8effb1030031980' class='bg-showmore-plg-link bg-eye '  style=\" color:LightBlue;;\" href='#'>Antwort anzeigen.<\/a><div id='bg-showmore-hidden-69f2db3a8effb1030031980' > Meine Technik ist spritzwassergesch\u00fctzt und ich kann auch bei leichtem Regen Fotos aufnehmen. Bei Schwangerschaftsshootings und \u00e4hnlichen k\u00f6nnen wir den Termin kurzfristig verschieben oder in einen Innenraum verlegen. Bei Hochzeiten finden sich geeignete Pl\u00e4tze wie Vord\u00e4cher, eine Veranda, Pavillons, Toreinfahrten, Br\u00fccken, &#8230; Brautpaarshootings k\u00f6nnen auch im Innenraum stattfinden, gut geeignet sind gro\u00dfe R\u00e4ume mit gro\u00dfen Fenstern. Bei schlechter Wetterlage f\u00fchre ich gro\u00dfe, mobile Lichtformer mit, dann sind im Innenraum Brautpaarportraits in etwa wie im Studio m\u00f6glich.<\/div><\/div><\/p>\t\t\t\t\t\t\t\t<\/div>\n\t\t\t\t<\/div>\n\t\t\t\t<div class=\"elementor-element elementor-element-1a8a326 elementor-widget__width-initial elementor-widget elementor-widget-spacer\" data-id=\"1a8a326\" data-element_type=\"widget\" data-e-type=\"widget\" data-widget_type=\"spacer.default\">\n\t\t\t\t<div class=\"elementor-widget-container\">\n\t\t\t\t\t\t\t<div class=\"elementor-spacer\">\n\t\t\t<div class=\"elementor-spacer-inner\"><\/div>\n\t\t<\/div>\n\t\t\t\t\t\t<\/div>\n\t\t\t\t<\/div>\n\t\t\t\t<div class=\"elementor-element elementor-element-c5df0be elementor-widget__width-initial elementor-widget elementor-widget-text-editor\" data-id=\"c5df0be\" data-element_type=\"widget\" data-e-type=\"widget\" data-widget_type=\"text-editor.default\">\n\t\t\t\t<div class=\"elementor-widget-container\">\n\t\t\t\t\t\t\t\t\t<p><span style=\"font-size: large;\">In welchem Dateiformat bekommen wir unsere Fotos?<\/span><br \/><div class=\"bg-margin-for-link\"><input type='hidden' bg_collapse_expand='69f2db3a8f85b0080017006' value='69f2db3a8f85b0080017006'><input type='hidden' id='bg-show-more-text-69f2db3a8f85b0080017006' value='Antwort anzeigen.'><input type='hidden' id='bg-show-less-text-69f2db3a8f85b0080017006' value='Antwort ausblenden.'><a id='bg-showmore-action-69f2db3a8f85b0080017006' class='bg-showmore-plg-link bg-eye '  style=\" color:LightBlue;;\" href='#'>Antwort anzeigen.<\/a><div id='bg-showmore-hidden-69f2db3a8f85b0080017006' > Die folgenden Informationen gelten, wenn im Angebot nichts anderweitiges vereinbart wurde. Individuelle W\u00fcnsche k\u00f6nnen gern vereinbart werden.<\/p><p>Sie erhalten Ihre Fotos im JPG-Format. Die Aufl\u00f6sung wird nicht herunterskaliert. Die Fotos haben keinen sichtbaren Copyright-Vermerk. F\u00fcr die Erstellung der JPG-Dateien nutze ich selbst programmierte Shell-Skripte und die convert-Funktion von ImageMagick. Ich setze den Qualit\u00e4tsparameter auf 99 bei einer Skala von 1 und 100. Ich kann den Qualit\u00e4tsparameter auf Kundenwunsch auch auf 100 setzen. Der Qualit\u00e4tsunterschied ist auch in den Details nicht zu erkennen, allerdings erh\u00f6ht sich der Speicherplatzbedarf um 35 bis 40%. Weiterhin verwende ich einige fortgeschrittene verlustfreie Optimimierungen zur Datenkompression und berechne die diskrete Kosinustransformation in Gleitkommaarithmetik. Die JPG-Dateien sind nicht progressiv und enthalten kein Orientation-Flag.<\/p><p>Sie k\u00f6nnen ihre Fotos auch als TIF-Dateien mit verlustfreier ZIP-Kompression und einer Farbtiefe von 16bit (auf Wunsch ohne finales Nachsch\u00e4rfen) erhalten. Die Dateien haben eine Gr\u00f6\u00dfe von ca. 50Mb. Beim Betrachten, Drucken oder Verarbeiten meiner Dateien sind bislang keine Probleme aufgetreten.<\/p><p>Sie k\u00f6nnen Ihre Fotos auch im WEBP-Format erhalten, wobei das WEBP-Format jedoch vorrangig zur Darstellung von Fotos im Internet entwickelt wurde.<\/div><\/div><\/p>\t\t\t\t\t\t\t\t<\/div>\n\t\t\t\t<\/div>\n\t\t\t\t<div class=\"elementor-element elementor-element-543c487 elementor-widget__width-initial elementor-widget elementor-widget-spacer\" data-id=\"543c487\" data-element_type=\"widget\" data-e-type=\"widget\" data-widget_type=\"spacer.default\">\n\t\t\t\t<div class=\"elementor-widget-container\">\n\t\t\t\t\t\t\t<div class=\"elementor-spacer\">\n\t\t\t<div class=\"elementor-spacer-inner\"><\/div>\n\t\t<\/div>\n\t\t\t\t\t\t<\/div>\n\t\t\t\t<\/div>\n\t\t\t\t<div class=\"elementor-element elementor-element-748a83e elementor-widget__width-initial elementor-widget elementor-widget-text-editor\" data-id=\"748a83e\" data-element_type=\"widget\" data-e-type=\"widget\" data-widget_type=\"text-editor.default\">\n\t\t\t\t<div class=\"elementor-widget-container\">\n\t\t\t\t\t\t\t\t\t<p><span style=\"font-size: large;\">Ist der Gesamtpreis im Angebot wirklich gesamt oder gibt es versteckte Kosten? Kommt noch Mehrwertsteuer hinzu?<\/span><div class=\"bg-margin-for-link\"><input type='hidden' bg_collapse_expand='69f2db3a8fff50010889330' value='69f2db3a8fff50010889330'><input type='hidden' id='bg-show-more-text-69f2db3a8fff50010889330' value='Antwort anzeigen.'><input type='hidden' id='bg-show-less-text-69f2db3a8fff50010889330' value='Antwort ausblenden.'><a id='bg-showmore-action-69f2db3a8fff50010889330' class='bg-showmore-plg-link bg-eye '  style=\" color:LightBlue;;\" href='#'>Antwort anzeigen.<\/a><div id='bg-showmore-hidden-69f2db3a8fff50010889330' > Der Gesamtpreis enth\u00e4lt alle Kosten. Die Rechnung f\u00e4llt nur dann h\u00f6her als der Gesamtpreis im Angebot aus, wenn Sie nach Absprache zus\u00e4tzliche Leistungen in Anspruch nehmen. Zus\u00e4tzliche Leistungen sind z.B. eine zeitliche Verl\u00e4ngerung der Buchung oder weitere Beautyretuschen. Die Preise hierf\u00fcr werden im Angebot mit angegeben. Fahrtkosten und Parkgeb\u00fchren sind im Gesamtpreis mit enthalten, d.h. daf\u00fcr berechne ich nichts zus\u00e4tzlich. Verl\u00e4ngerungen der Anfahrt infolge von Stra\u00dfensperrungen und Umleitungen stelle ich nicht in Rechnung. Zus\u00e4tzliche Fahrtkosten, die durch nachtr\u00e4gliche \u00c4nderungsw\u00fcnsche des Kunden entstehen, stelle ich ggf. in Rechnung. Ich gehe davon aus, dass Kunden Eintrittspreise \u00fcbernehmen, z.B. wenn das Shooting in einem Park mit Eintrittsgeldern stattfinden soll. Aufgrund von \u00a719 Abs. 1 UStG wird auf den Rechnungsbetrag keine Mehrwertsteuer erhoben. <\/div><\/div><\/p>\t\t\t\t\t\t\t\t<\/div>\n\t\t\t\t<\/div>\n\t\t\t\t<div class=\"elementor-element elementor-element-578f63d elementor-widget__width-initial elementor-widget elementor-widget-spacer\" data-id=\"578f63d\" data-element_type=\"widget\" data-e-type=\"widget\" data-widget_type=\"spacer.default\">\n\t\t\t\t<div class=\"elementor-widget-container\">\n\t\t\t\t\t\t\t<div class=\"elementor-spacer\">\n\t\t\t<div class=\"elementor-spacer-inner\"><\/div>\n\t\t<\/div>\n\t\t\t\t\t\t<\/div>\n\t\t\t\t<\/div>\n\t\t\t\t<div class=\"elementor-element elementor-element-594f9f6 elementor-widget__width-initial elementor-widget elementor-widget-text-editor\" data-id=\"594f9f6\" data-element_type=\"widget\" data-e-type=\"widget\" data-widget_type=\"text-editor.default\">\n\t\t\t\t<div class=\"elementor-widget-container\">\n\t\t\t\t\t\t\t\t\t<p><span style=\"font-size: large;\">Kann die Umsatzsteuer auf der Rechnung ausgewiesen werden?<\/span><div class=\"bg-margin-for-link\"><input type='hidden' bg_collapse_expand='69f2db3a909081089074667' value='69f2db3a909081089074667'><input type='hidden' id='bg-show-more-text-69f2db3a909081089074667' value='Antwort anzeigen.'><input type='hidden' id='bg-show-less-text-69f2db3a909081089074667' value='Antwort ausblenden.'><a id='bg-showmore-action-69f2db3a909081089074667' class='bg-showmore-plg-link bg-eye '  style=\" color:LightBlue;;\" href='#'>Antwort anzeigen.<\/a><div id='bg-showmore-hidden-69f2db3a909081089074667' > Aufgrund von \u00a719 Abs. 1 UStG wird auf den Rechnungsbetrag keine Umsatzsteuer erhoben und kann demzufolge auch nicht ausgewiesen werden. <\/div><\/div><\/p>\t\t\t\t\t\t\t\t<\/div>\n\t\t\t\t<\/div>\n\t\t\t\t<div class=\"elementor-element elementor-element-67ab744 elementor-widget__width-initial elementor-widget elementor-widget-spacer\" data-id=\"67ab744\" data-element_type=\"widget\" data-e-type=\"widget\" data-widget_type=\"spacer.default\">\n\t\t\t\t<div class=\"elementor-widget-container\">\n\t\t\t\t\t\t\t<div class=\"elementor-spacer\">\n\t\t\t<div class=\"elementor-spacer-inner\"><\/div>\n\t\t<\/div>\n\t\t\t\t\t\t<\/div>\n\t\t\t\t<\/div>\n\t\t\t\t<div class=\"elementor-element elementor-element-5224e2f elementor-widget__width-initial elementor-widget elementor-widget-text-editor\" data-id=\"5224e2f\" data-element_type=\"widget\" data-e-type=\"widget\" data-widget_type=\"text-editor.default\">\n\t\t\t\t<div class=\"elementor-widget-container\">\n\t\t\t\t\t\t\t\t\t<p><span style=\"font-size: large;\">Wie l\u00e4uft das mit der Bezahlung?<\/span><div class=\"bg-margin-for-link\"><input type='hidden' bg_collapse_expand='69f2db3a911495022887309' value='69f2db3a911495022887309'><input type='hidden' id='bg-show-more-text-69f2db3a911495022887309' value='Antwort anzeigen.'><input type='hidden' id='bg-show-less-text-69f2db3a911495022887309' value='Antwort ausblenden.'><a id='bg-showmore-action-69f2db3a911495022887309' class='bg-showmore-plg-link bg-eye '  style=\" color:LightBlue;;\" href='#'>Antwort anzeigen.<\/a><div id='bg-showmore-hidden-69f2db3a911495022887309' > \u00dcblicherweise bekommen Sie zusammen mit den fertigen Fotos eine Rechnung mit einer Zahlungsfrist von 14 Tagen. Der Betrag ist ohne Abz\u00fcge auf mein Konto zu \u00fcberweisen. Die Zahlungsfrist kann verl\u00e4ngert werden, z.B. wenn Sie nach der Hochzeit verreist sind. Es ist m\u00f6glich, Anzahlungen vor Fertigstellung der Fotos zu vereinbaren, z.B. wenn Beh\u00f6rden oder gewerblichen Kunden unbedingt noch im alten Jahr Geld ausgeben wollen. Barzahlung kann vereinbart werden, z.B. wenn Sie die Fotos pers\u00f6nlich abholen. Andere Zahlungsmethoden kann ich nicht anbieten, weil sich der Verwaltungsaufwand in der Buchhaltung dadurch erheblich erh\u00f6hen w\u00fcrde. <\/div><\/div><\/p>\t\t\t\t\t\t\t\t<\/div>\n\t\t\t\t<\/div>\n\t\t\t\t\t<\/div>\n\t\t<\/div>\n\t\t\t\t\t<\/div>\n\t\t<\/section>\n\t\t\t\t<section class=\"elementor-section elementor-top-section elementor-element elementor-element-6529037 elementor-section-boxed elementor-section-height-default elementor-section-height-default\" data-id=\"6529037\" data-element_type=\"section\" data-e-type=\"section\">\n\t\t\t\t\t\t<div class=\"elementor-container elementor-column-gap-default\">\n\t\t\t\t\t<div class=\"elementor-column elementor-col-100 elementor-top-column elementor-element elementor-element-dec780f\" data-id=\"dec780f\" data-element_type=\"column\" data-e-type=\"column\">\n\t\t\t<div class=\"elementor-widget-wrap\">\n\t\t\t\t\t\t\t<\/div>\n\t\t<\/div>\n\t\t\t\t\t<\/div>\n\t\t<\/section>\n\t\t\t\t<\/div>\n\t\t","protected":false},"excerpt":{"rendered":"<p>H\u00e4ufig gestellte Fragen H\u00e4ufig gestellte Fragen Was bedeutet die Formulierung &#8222;Sie bekommen alle verwertbaren Fotos in Basisbearbeitung&#8220;? Neulich hatten Sie bei der Trauung einen Aufsteckblitz. Sie sagen doch aber, dass Sie keinen Aufsteckblitz verwenden und bei der Trauung ohne Blitz&#8230;<\/p>\n","protected":false},"author":1,"featured_media":0,"parent":0,"menu_order":0,"comment_status":"closed","ping_status":"closed","template":"templates\/template-fullscreen.php","meta":{"footnotes":""},"class_list":["post-4029","page","type-page","status-publish","hentry"],"acf":[],"_links":{"self":[{"href":"https:\/\/www.drphotgraph.de\/index.php?rest_route=\/wp\/v2\/pages\/4029","targetHints":{"allow":["GET"]}}],"collection":[{"href":"https:\/\/www.drphotgraph.de\/index.php?rest_route=\/wp\/v2\/pages"}],"about":[{"href":"https:\/\/www.drphotgraph.de\/index.php?rest_route=\/wp\/v2\/types\/page"}],"author":[{"embeddable":true,"href":"https:\/\/www.drphotgraph.de\/index.php?rest_route=\/wp\/v2\/users\/1"}],"replies":[{"embeddable":true,"href":"https:\/\/www.drphotgraph.de\/index.php?rest_route=%2Fwp%2Fv2%2Fcomments&post=4029"}],"version-history":[{"count":0,"href":"https:\/\/www.drphotgraph.de\/index.php?rest_route=\/wp\/v2\/pages\/4029\/revisions"}],"wp:attachment":[{"href":"https:\/\/www.drphotgraph.de\/index.php?rest_route=%2Fwp%2Fv2%2Fmedia&parent=4029"}],"curies":[{"name":"wp","href":"https:\/\/api.w.org\/{rel}","templated":true}]}}