{"id":2348,"date":"2020-06-28T22:37:19","date_gmt":"2020-06-28T20:37:19","guid":{"rendered":"https:\/\/www.drphotgraph.de\/?page_id=2348"},"modified":"2023-06-27T17:12:54","modified_gmt":"2023-06-27T15:12:54","slug":"datenschutzerklaerung","status":"publish","type":"page","link":"https:\/\/www.drphotgraph.de\/?page_id=2348","title":{"rendered":"Datenschutzerkl\u00e4rung"},"content":{"rendered":"\t\t<div data-elementor-type=\"wp-page\" data-elementor-id=\"2348\" class=\"elementor elementor-2348\">\n\t\t\t\t\t\t<section class=\"elementor-section elementor-top-section elementor-element elementor-element-60336648 elementor-section-boxed elementor-section-height-default elementor-section-height-default\" data-id=\"60336648\" data-element_type=\"section\" data-e-type=\"section\">\n\t\t\t\t\t\t<div class=\"elementor-container elementor-column-gap-default\">\n\t\t\t\t\t<div class=\"elementor-column elementor-col-100 elementor-top-column elementor-element elementor-element-4a8ce7ad\" data-id=\"4a8ce7ad\" data-element_type=\"column\" data-e-type=\"column\">\n\t\t\t<div class=\"elementor-widget-wrap elementor-element-populated\">\n\t\t\t\t\t\t<div class=\"elementor-element elementor-element-499f20cc elementor-widget elementor-widget-text-editor\" data-id=\"499f20cc\" data-element_type=\"widget\" data-e-type=\"widget\" data-widget_type=\"text-editor.default\">\n\t\t\t\t<div class=\"elementor-widget-container\">\n\t\t\t\t\t\t\t\t\t<h1>\u00a0<\/h1><h3>Datenschutzerkl\u00e4rung<\/h3><h5 class=\"bodytext\"><strong>Geltungsbereich<\/strong><\/h5><p class=\"bodytext\">Diese Datenschutzerkl\u00e4rung soll die Nutzer dieser Website gem\u00e4\u00df Bundesdatenschutzgesetz und Telemediengesetz \u00fcber die Art, den Umfang und den Zweck der Erhebung und Verwendung personenbezogener Daten durch den Websitebetreiber Dr. rer. nat. habil. Daniel Kirsten, Pfotenhauerstr. 13, 01307 Dresden, Tel. 0351 \/ 322 544 18, Handy 0175 \/ 68 18 023, daniel(at)drphotgraph.de informieren.<\/p><p>Der Websitebetreiber nimmt Ihren Datenschutz sehr ernst und behandelt Ihre personenbezogenen Daten vertraulich und entsprechend der gesetzlichen Vorschriften. Bedenken Sie, dass die Daten\u00fcbertragung im Internet grunds\u00e4tzlich mit Sicherheitsl\u00fccken bedacht sein kann. Ein vollumf\u00e4nglicher Schutz vor dem Zugriff durch Fremde ist nicht realisierbar.<\/p><h5 class=\"bodytext\"><strong>Zugriffsdaten<\/strong><\/h5><p class=\"bodytext\">Der Websitebetreiber bzw. Seitenprovider erhebt Daten \u00fcber Zugriffe auf die Seite und speichert diese als \u201eServer-Logfiles\u201c ab. Folgende Daten werden so protokolliert:<\/p><ul><li>Besuchte Website<\/li><li>Uhrzeit zum Zeitpunkt des Zugriffes<\/li><li>Menge der gesendeten Daten in Byte<\/li><li>Quelle\/Verweis, von welchem Sie auf die Seite gelangten<\/li><li>Verwendeter Browser<\/li><li>Verwendetes Betriebssystem<\/li><li>Verwendete IP-Adresse<\/li><\/ul><p>Die erhobenen Daten dienen lediglich statistischen Auswertungen und zur Verbesserung der Website. Der Websitebetreiber beh\u00e4lt sich allerdings vor, die Server-Logfiles nachtr\u00e4glich zu \u00fcberpr\u00fcfen, sollten konkrete Anhaltspunkte auf eine rechtswidrige Nutzung hinweisen.<\/p><h5 class=\"bodytext\"><strong>Cookies<\/strong><\/h5><p class=\"bodytext\">Dabei handelt es sich um kleine Textdateien, welche auf Ihrem Endger\u00e4t gespeichert werden. Ihr Browser greift auf diese Dateien zu. Durch den Einsatz von Cookies erh\u00f6ht sich die Benutzerfreundlichkeit und Sicherheit dieser Website.<\/p><p class=\"bodytext\">Diese Website verwendet ausschlie\u00dflich technisch notwendige Cookies.\u00a0 Derzeit wird nur ein Cookie gesetzt (cookie_notice_accepted), welcher speichert, ob der Besucher im Cookie-Banner den OK-Button bet\u00e4tigt hat.\u00a0 Ich kann nicht v\u00f6llig ausschlie\u00dfen, dass in seltenen Situation weitere technisch notwendige Cookies gesetzt werden.<\/p><p>G\u00e4ngige Browser bieten die Einstellungsoption, Cookies nicht zuzulassen. Hinweis: Es ist nicht gew\u00e4hrleistet, dass Sie auf alle Funktionen dieser Website ohne Einschr\u00e4nkungen zugreifen k\u00f6nnen, wenn Sie entsprechende Einstellungen vornehmen.<\/p><h5 class=\"bodytext\"><strong>Google<\/strong><\/h5><p class=\"bodytext\">Ich weise Sie der Vollst\u00e4ndigkeit halber darauf hin, dass die auf dieser Webseite verwendeten Fonts lokal gehostet sind.\u00a0 Diese werden somit nicht von externen Servern geladen.\u00a0 Google-analytics, google-maps und reCAPTCHA werden auf dieser Webseite nicht verwendet.<\/p><h5 class=\"bodytext\"><strong>Instagram<\/strong><\/h5><p>Auf der Website ist kein Instagram-Plugin installiert.\u00a0 Die Pr\u00e4sentation meines Auftritts bei Instagram auf der Titelseite besteht lediglich aus einem einzigen, lokal gehosteteten Bild mit einem externen link.<\/p><h5 class=\"bodytext\"><strong>Umgang mit personenbezogenen Daten<\/strong><\/h5><p class=\"bodytext\">Der Websitebetreiber erhebt, nutzt und gibt Ihre personenbezogenen Daten nur dann weiter, wenn dies im gesetzlichen Rahmen erlaubt ist oder Sie in die Datenerhebung einwilligen.<br \/>Als personenbezogene Daten gelten s\u00e4mtliche Informationen, welche dazu dienen, Ihre Person zu bestimmen und welche zu Ihnen zur\u00fcckverfolgt werden k\u00f6nnen \u2013 also beispielsweise Ihr Name, Ihre E-Mail-Adresse und Telefonnummer.<\/p><h5 class=\"bodytext\"><strong>Umgang mit Kontaktdaten<\/strong><\/h5><p class=\"bodytext\">Nehmen Sie mit dem Websitebetreiber durch die angebotenen Kontaktm\u00f6glichkeiten Verbindung auf, werden Ihre Angaben gespeichert, damit auf diese zur Bearbeitung und Beantwortung Ihrer Anfrage zur\u00fcckgegriffen werden kann. Ohne Ihre Einwilligung werden diese Daten nicht an Dritte weitergegeben.<\/p><h5 class=\"bodytext\"><strong>Rechte des Nutzers: Auskunft, Berichtigung und L\u00f6schung<\/strong><\/h5><p class=\"bodytext\">Sie als Nutzer erhalten auf Antrag Ihrerseits kostenlose Auskunft dar\u00fcber, welche personenbezogenen Daten \u00fcber Sie gespeichert wurden. Sofern Ihr Wunsch nicht mit einer gesetzlichen Pflicht zur Aufbewahrung von Daten (z. B. Vorratsdatenspeicherung) kollidiert, haben Sie ein Anrecht auf Berichtigung falscher Daten und auf die Sperrung oder L\u00f6schung Ihrer personenbezogenen Daten.<\/p>\t\t\t\t\t\t\t\t<\/div>\n\t\t\t\t<\/div>\n\t\t\t\t\t<\/div>\n\t\t<\/div>\n\t\t\t\t\t<\/div>\n\t\t<\/section>\n\t\t\t\t<\/div>\n\t\t","protected":false},"excerpt":{"rendered":"<p>\u00a0 Datenschutzerkl\u00e4rung Geltungsbereich Diese Datenschutzerkl\u00e4rung soll die Nutzer dieser Website gem\u00e4\u00df Bundesdatenschutzgesetz und Telemediengesetz \u00fcber die Art, den Umfang und den Zweck der Erhebung und Verwendung personenbezogener Daten durch den Websitebetreiber Dr. rer. nat. habil. Daniel Kirsten, Pfotenhauerstr. 13, 01307&#8230;<\/p>\n","protected":false},"author":1,"featured_media":0,"parent":0,"menu_order":0,"comment_status":"closed","ping_status":"closed","template":"elementor_header_footer","meta":{"footnotes":""},"class_list":["post-2348","page","type-page","status-publish","hentry"],"acf":[],"_links":{"self":[{"href":"https:\/\/www.drphotgraph.de\/index.php?rest_route=\/wp\/v2\/pages\/2348","targetHints":{"allow":["GET"]}}],"collection":[{"href":"https:\/\/www.drphotgraph.de\/index.php?rest_route=\/wp\/v2\/pages"}],"about":[{"href":"https:\/\/www.drphotgraph.de\/index.php?rest_route=\/wp\/v2\/types\/page"}],"author":[{"embeddable":true,"href":"https:\/\/www.drphotgraph.de\/index.php?rest_route=\/wp\/v2\/users\/1"}],"replies":[{"embeddable":true,"href":"https:\/\/www.drphotgraph.de\/index.php?rest_route=%2Fwp%2Fv2%2Fcomments&post=2348"}],"version-history":[{"count":0,"href":"https:\/\/www.drphotgraph.de\/index.php?rest_route=\/wp\/v2\/pages\/2348\/revisions"}],"wp:attachment":[{"href":"https:\/\/www.drphotgraph.de\/index.php?rest_route=%2Fwp%2Fv2%2Fmedia&parent=2348"}],"curies":[{"name":"wp","href":"https:\/\/api.w.org\/{rel}","templated":true}]}}