{"id":11715,"date":"2024-05-13T20:05:47","date_gmt":"2024-05-13T18:05:47","guid":{"rendered":"https:\/\/www.drphotgraph.de\/?page_id=11715"},"modified":"2024-11-08T23:55:11","modified_gmt":"2024-11-08T22:55:11","slug":"vermischtes-aurora-borealis-in-dresden","status":"publish","type":"page","link":"https:\/\/www.drphotgraph.de\/?page_id=11715","title":{"rendered":"Vermischtes: Aurora Borealis in Dresden"},"content":{"rendered":"\t\t<div data-elementor-type=\"wp-page\" data-elementor-id=\"11715\" class=\"elementor elementor-11715\">\n\t\t\t\t\t\t<section class=\"elementor-section elementor-top-section elementor-element elementor-element-933ca61 elementor-section-full_width elementor-hidden-desktop elementor-hidden-tablet elementor-section-height-default elementor-section-height-default\" data-id=\"933ca61\" data-element_type=\"section\" data-e-type=\"section\">\n\t\t\t\t\t\t<div class=\"elementor-container elementor-column-gap-default\">\n\t\t\t\t\t<div class=\"elementor-column elementor-col-50 elementor-top-column elementor-element elementor-element-6cf7b14\" data-id=\"6cf7b14\" data-element_type=\"column\" data-e-type=\"column\">\n\t\t\t<div class=\"elementor-widget-wrap elementor-element-populated\">\n\t\t\t\t\t\t<div class=\"elementor-element elementor-element-e60511b elementor-widget elementor-widget-heading\" data-id=\"e60511b\" data-element_type=\"widget\" data-e-type=\"widget\" data-widget_type=\"heading.default\">\n\t\t\t\t<div class=\"elementor-widget-container\">\n\t\t\t\t\t<h1 class=\"elementor-heading-title elementor-size-default\"><span style=\"font-size:25px\">Vermischtes: Aurora Borealis in Dresden<\/span><\/h1>\t\t\t\t<\/div>\n\t\t\t\t<\/div>\n\t\t\t\t\t<\/div>\n\t\t<\/div>\n\t\t\t\t<div class=\"elementor-column elementor-col-50 elementor-top-column elementor-element elementor-element-fb75451\" data-id=\"fb75451\" data-element_type=\"column\" data-e-type=\"column\" data-settings=\"{&quot;background_background&quot;:&quot;classic&quot;}\">\n\t\t\t<div class=\"elementor-widget-wrap elementor-element-populated\">\n\t\t\t\t\t\t<div class=\"elementor-element elementor-element-34f4335 elementor-position-right elementor-vertical-align-top elementor-widget elementor-widget-image-box\" data-id=\"34f4335\" data-element_type=\"widget\" data-e-type=\"widget\" data-widget_type=\"image-box.default\">\n\t\t\t\t<div class=\"elementor-widget-container\">\n\t\t\t\t\t<div class=\"elementor-image-box-wrapper\"><figure class=\"elementor-image-box-img\"><a href=\"https:\/\/www.drphotgraph.de\/?page_id=6165\" tabindex=\"-1\"><img fetchpriority=\"high\" decoding=\"async\" width=\"300\" height=\"168\" src=\"https:\/\/www.drphotgraph.de\/wp-content\/uploads\/2023\/01\/bbt-170219-125127-C1370-b01.webp\" class=\"attachment-full size-full wp-image-7974\" alt=\"Daniel Kirsten Fotograf Dresden Hochzeitsfotograf Brautpaarshooting Eheringe\" \/><\/a><\/figure><\/div>\t\t\t\t<\/div>\n\t\t\t\t<\/div>\n\t\t\t\t\t<\/div>\n\t\t<\/div>\n\t\t\t\t\t<\/div>\n\t\t<\/section>\n\t\t\t\t<section class=\"elementor-section elementor-top-section elementor-element elementor-element-b5cc6f9 elementor-section-full_width elementor-hidden-mobile elementor-section-height-default elementor-section-height-default\" data-id=\"b5cc6f9\" data-element_type=\"section\" data-e-type=\"section\">\n\t\t\t\t\t\t<div class=\"elementor-container elementor-column-gap-default\">\n\t\t\t\t\t<div class=\"elementor-column elementor-col-33 elementor-top-column elementor-element elementor-element-f25c685\" data-id=\"f25c685\" data-element_type=\"column\" data-e-type=\"column\">\n\t\t\t<div class=\"elementor-widget-wrap\">\n\t\t\t\t\t\t\t<\/div>\n\t\t<\/div>\n\t\t\t\t<div class=\"elementor-column elementor-col-33 elementor-top-column elementor-element elementor-element-efeb603\" data-id=\"efeb603\" data-element_type=\"column\" data-e-type=\"column\">\n\t\t\t<div class=\"elementor-widget-wrap elementor-element-populated\">\n\t\t\t\t\t\t<div class=\"elementor-element elementor-element-10fef4b elementor-widget elementor-widget-heading\" data-id=\"10fef4b\" data-element_type=\"widget\" data-e-type=\"widget\" data-widget_type=\"heading.default\">\n\t\t\t\t<div class=\"elementor-widget-container\">\n\t\t\t\t\t<h2 class=\"elementor-heading-title elementor-size-default\"><span style=\"font-size:45px\">Vermischtes: Aurora Borealis in Dresden<\/span><\/h2>\t\t\t\t<\/div>\n\t\t\t\t<\/div>\n\t\t\t\t\t<\/div>\n\t\t<\/div>\n\t\t\t\t<div class=\"elementor-column elementor-col-33 elementor-top-column elementor-element elementor-element-3d6a426\" data-id=\"3d6a426\" data-element_type=\"column\" data-e-type=\"column\" data-settings=\"{&quot;background_background&quot;:&quot;classic&quot;}\">\n\t\t\t<div class=\"elementor-widget-wrap elementor-element-populated\">\n\t\t\t\t\t\t<div class=\"elementor-element elementor-element-f4bc18d elementor-position-right elementor-vertical-align-top elementor-widget elementor-widget-image-box\" data-id=\"f4bc18d\" data-element_type=\"widget\" data-e-type=\"widget\" data-widget_type=\"image-box.default\">\n\t\t\t\t<div class=\"elementor-widget-container\">\n\t\t\t\t\t<div class=\"elementor-image-box-wrapper\"><figure class=\"elementor-image-box-img\"><a href=\"https:\/\/www.drphotgraph.de\/?page_id=6165\" tabindex=\"-1\"><img fetchpriority=\"high\" decoding=\"async\" width=\"300\" height=\"168\" src=\"https:\/\/www.drphotgraph.de\/wp-content\/uploads\/2023\/01\/bbt-170219-125127-C1370-b01.webp\" class=\"attachment-full size-full wp-image-7974\" alt=\"Daniel Kirsten Fotograf Dresden Hochzeitsfotograf Brautpaarshooting Eheringe\" \/><\/a><\/figure><\/div>\t\t\t\t<\/div>\n\t\t\t\t<\/div>\n\t\t\t\t\t<\/div>\n\t\t<\/div>\n\t\t\t\t\t<\/div>\n\t\t<\/section>\n\t\t\t\t<section class=\"elementor-section elementor-top-section elementor-element elementor-element-b296271 elementor-hidden-mobile elementor-section-boxed elementor-section-height-default elementor-section-height-default\" data-id=\"b296271\" data-element_type=\"section\" data-e-type=\"section\">\n\t\t\t\t\t\t<div class=\"elementor-container elementor-column-gap-default\">\n\t\t\t\t\t<div class=\"elementor-column elementor-col-100 elementor-top-column elementor-element elementor-element-53e106f\" data-id=\"53e106f\" data-element_type=\"column\" data-e-type=\"column\">\n\t\t\t<div class=\"elementor-widget-wrap\">\n\t\t\t\t\t\t\t<\/div>\n\t\t<\/div>\n\t\t\t\t\t<\/div>\n\t\t<\/section>\n\t\t\t\t<section class=\"elementor-section elementor-top-section elementor-element elementor-element-a4a6d67 elementor-section-boxed elementor-section-height-default elementor-section-height-default\" data-id=\"a4a6d67\" data-element_type=\"section\" data-e-type=\"section\">\n\t\t\t\t\t\t<div class=\"elementor-container elementor-column-gap-default\">\n\t\t\t\t\t<div class=\"elementor-column elementor-col-50 elementor-top-column elementor-element elementor-element-5f56f5f\" data-id=\"5f56f5f\" data-element_type=\"column\" data-e-type=\"column\">\n\t\t\t<div class=\"elementor-widget-wrap elementor-element-populated\">\n\t\t\t\t\t\t<div class=\"elementor-element elementor-element-1d93943 elementor-widget elementor-widget-text-editor\" data-id=\"1d93943\" data-element_type=\"widget\" data-e-type=\"widget\" data-widget_type=\"text-editor.default\">\n\t\t\t\t<div class=\"elementor-widget-container\">\n\t\t\t\t\t\t\t\t\t<p>In der Nacht vom 10. zum 11. Mai 2024 waren in Mitteleuropa ungew\u00f6hnlich starke Polarlichter zu sehen.\u00a0 Ich bin zusammen mit meinem Sohn zur Elbe gegangen, um st\u00f6rende Lichtquellen einigerma\u00dfen zu meiden.\u00a0 Die Fotos entstanden zwischen 0:44 und 0:59.\u00a0 Es kamen nat\u00fcrlich nur das Sigma Arts 14mm f\/1.8 (Ultraweitwinkelobjetiv) [Werbung wegen Nennung] und die Vollformatkamera in Frage.\u00a0 Ich entschied mich f\u00fcr f\/4, Fokus auf unendlich und ISO 2000.\u00a0 Die Technik f\u00fchrte bei diesen Einstellungen zusammen mit der Rohdatenverarbeitung zu rauschfreien Fotos mit scharfen Konturen, was insbesondere an der Darstellung der Sterne deutlich wird.<\/p><p>In der Bearbeitung habe ich entrauscht und die Konstraste erh\u00f6ht.\u00a0 Ich habe aber ganz bewusst darauf verzichtet, die Polarlichter durch Wavelets oder Erh\u00f6hung der Farbs\u00e4ttigung zu verst\u00e4rken.\u00a0 Um die feinen Farbverl\u00e4ufe besser darzustellen, habe ich den Qualit\u00e4tsparamter auf 100% gesetzt, wodurch die Dateien recht gro\u00df geworden sind.<\/p>\t\t\t\t\t\t\t\t<\/div>\n\t\t\t\t<\/div>\n\t\t\t\t\t<\/div>\n\t\t<\/div>\n\t\t\t\t<div class=\"elementor-column elementor-col-50 elementor-top-column elementor-element elementor-element-c0b7d75 elementor-hidden-tablet elementor-hidden-mobile\" data-id=\"c0b7d75\" data-element_type=\"column\" data-e-type=\"column\">\n\t\t\t<div class=\"elementor-widget-wrap\">\n\t\t\t\t\t\t\t<\/div>\n\t\t<\/div>\n\t\t\t\t\t<\/div>\n\t\t<\/section>\n\t\t\t\t<section class=\"elementor-section elementor-top-section elementor-element elementor-element-a0a0dc9 elementor-section-boxed elementor-section-height-default elementor-section-height-default\" data-id=\"a0a0dc9\" data-element_type=\"section\" data-e-type=\"section\">\n\t\t\t\t\t\t<div class=\"elementor-container elementor-column-gap-default\">\n\t\t\t\t\t<div class=\"elementor-column elementor-col-100 elementor-top-column elementor-element elementor-element-4a8b822\" data-id=\"4a8b822\" data-element_type=\"column\" data-e-type=\"column\">\n\t\t\t<div class=\"elementor-widget-wrap elementor-element-populated\">\n\t\t\t\t\t\t<div class=\"elementor-element elementor-element-4c0c9c4 elementor-widget elementor-widget-shortcode\" data-id=\"4c0c9c4\" data-element_type=\"widget\" data-e-type=\"widget\" data-widget_type=\"shortcode.default\">\n\t\t\t\t<div class=\"elementor-widget-container\">\n\t\t\t\t\t\t\t<div class=\"elementor-shortcode\"><div class=\"gallery-post\"><style type=\"text\/css\">\n#foogallery-gallery-11713.fg-masonry .fg-item { width: 200px; }\n#foogallery-gallery-11713.fg-masonry { --fg-gutter: 3px; }<\/style>\n\t\t\t<style type=\"text\/css\">\n#foogallery-gallery-11713_1.fg-masonry .fg-item { width: 200px; }\n#foogallery-gallery-11713_1.fg-masonry { --fg-gutter: 3px; }<\/style>\n\t\t\t<div class=\"foogallery foogallery-container foogallery-masonry foogallery-lightbox-none fg-center fg-masonry fg-ready fg-dark fg-loading-default fg-loaded-fade-in fg-caption-hover fg-hover-fade fg-hover-plus fg-fixed\" id=\"foogallery-gallery-11713_1\" data-foogallery=\"{&quot;item&quot;:{&quot;showCaptionTitle&quot;:true,&quot;showCaptionDescription&quot;:true},&quot;lazy&quot;:true,&quot;template&quot;:{&quot;columnWidth&quot;:200,&quot;gutter&quot;:3}}\" style=\"--fg-title-line-clamp: 0; --fg-description-line-clamp: 0;\" >\n\t\t<div class=\"fg-item fg-type-image fg-idle\"><figure class=\"fg-item-inner\"><a href=\"https:\/\/www.drphotgraph.de\/wp-content\/uploads\/2024\/05\/1085-gal-240511-004404-D6010-o01.webp\" data-caption-title=\"Zu Beginn eine etwas schw\u00e4cher belichtete Version (1s).  Im unteren Bereich ist Cassiopeia deutlich zu erkennen.\" data-caption-desc=\"Zu Beginn eine etwas schw\u00e4cher belichtete Version (1s).  Im unteren Bereich ist Cassiopeia deutlich zu erkennen.\" data-attachment-id=\"11700\" data-e-disable-page-transition=\"true\" data-type=\"image\" class=\"fg-thumb\"><span class=\"fg-image-wrap\"><img decoding=\"async\" alt=\"Polarlicht Nordlicht Aurora borealis Dresden Mai 2024 Elbwiesen\" title=\"Zu Beginn eine etwas schw\u00e4cher belichtete Version (1s).  Im unteren Bereich ist Cassiopeia deutlich zu erkennen.\" width=\"200\" height=\"131\" class=\"skip-lazy fg-image\" data-src-fg=\"https:\/\/www.drphotgraph.de\/wp-content\/uploads\/cache\/2024\/05\/1085-gal-240511-004404-D6010-o01\/3333529065.webp\" src=\"data:image\/svg+xml,%3Csvg%20xmlns%3D%22http%3A%2F%2Fwww.w3.org%2F2000%2Fsvg%22%20width%3D%22200%22%20height%3D%22131%22%20viewBox%3D%220%200%20200%20131%22%3E%3C%2Fsvg%3E\" loading=\"eager\"><\/span><span class=\"fg-image-overlay\"><\/span><\/a><figcaption class=\"fg-caption\"><div class=\"fg-caption-inner\"><div class=\"fg-caption-desc\">Zu Beginn eine etwas schw\u00e4cher belichtete Version (1s).  Im unteren Bereich ist Cassiopeia deutlich zu erkennen.<\/div><\/div><\/figcaption><\/figure><div class=\"fg-loader\"><\/div><\/div><div class=\"fg-item fg-type-image fg-idle\"><figure class=\"fg-item-inner\"><a href=\"https:\/\/www.drphotgraph.de\/wp-content\/uploads\/2024\/05\/1085-gal-240511-004442-D6011-o01.webp\" data-caption-title=\"Die gleiche Szene mit einer Belichtungszeit von 5 Sekunden.\" data-caption-desc=\"Die gleiche Szene mit einer Belichtungszeit von 5 Sekunden.\" data-attachment-id=\"11701\" data-e-disable-page-transition=\"true\" data-type=\"image\" class=\"fg-thumb\"><span class=\"fg-image-wrap\"><img decoding=\"async\" alt=\"Polarlicht Nordlicht Aurora borealis Dresden Mai 2024 Elbwiesen Sigma 14mm Arts f\/1,8\" title=\"Die gleiche Szene mit einer Belichtungszeit von 5 Sekunden.\" width=\"200\" height=\"135\" class=\"skip-lazy fg-image\" data-src-fg=\"https:\/\/www.drphotgraph.de\/wp-content\/uploads\/cache\/2024\/05\/1085-gal-240511-004442-D6011-o01\/737815713.webp\" src=\"data:image\/svg+xml,%3Csvg%20xmlns%3D%22http%3A%2F%2Fwww.w3.org%2F2000%2Fsvg%22%20width%3D%22200%22%20height%3D%22135%22%20viewBox%3D%220%200%20200%20135%22%3E%3C%2Fsvg%3E\" loading=\"eager\"><\/span><span class=\"fg-image-overlay\"><\/span><\/a><figcaption class=\"fg-caption\"><div class=\"fg-caption-inner\"><div class=\"fg-caption-desc\">Die gleiche Szene mit einer Belichtungszeit von 5 Sekunden.<\/div><\/div><\/figcaption><\/figure><div class=\"fg-loader\"><\/div><\/div><div class=\"fg-item fg-type-image fg-idle\"><figure class=\"fg-item-inner\"><a href=\"https:\/\/www.drphotgraph.de\/wp-content\/uploads\/2024\/05\/1085-gal-240511-004632-D6013-o01.webp\" data-attachment-id=\"11702\" data-e-disable-page-transition=\"true\" data-type=\"image\" class=\"fg-thumb\"><span class=\"fg-image-wrap\"><img decoding=\"async\" alt=\"Polarlicht Nordlicht Aurora borealis Dresden Mai 2024 Elbwiesen Daniel Kirsten\" width=\"200\" height=\"130\" class=\"skip-lazy fg-image\" data-src-fg=\"https:\/\/www.drphotgraph.de\/wp-content\/uploads\/cache\/2024\/05\/1085-gal-240511-004632-D6013-o01\/2976031180.webp\" src=\"data:image\/svg+xml,%3Csvg%20xmlns%3D%22http%3A%2F%2Fwww.w3.org%2F2000%2Fsvg%22%20width%3D%22200%22%20height%3D%22130%22%20viewBox%3D%220%200%20200%20130%22%3E%3C%2Fsvg%3E\" loading=\"eager\"><\/span><span class=\"fg-image-overlay\"><\/span><\/a><\/figure><div class=\"fg-loader\"><\/div><\/div><div class=\"fg-item fg-type-image fg-idle\"><figure class=\"fg-item-inner\"><a href=\"https:\/\/www.drphotgraph.de\/wp-content\/uploads\/2024\/05\/1085-gal-240511-004808-D6015-o01.webp\" data-caption-title=\"Belichtungszeit 3 Sekunden.\" data-caption-desc=\"Belichtungszeit 3 Sekunden.\" data-attachment-id=\"11703\" data-e-disable-page-transition=\"true\" data-type=\"image\" class=\"fg-thumb\"><span class=\"fg-image-wrap\"><img decoding=\"async\" alt=\"Polarlicht Nordlicht Aurora borealis Dresden Mai 2024 Elbwiesen\" title=\"Belichtungszeit 3 Sekunden.\" width=\"200\" height=\"127\" class=\"skip-lazy fg-image\" data-src-fg=\"https:\/\/www.drphotgraph.de\/wp-content\/uploads\/cache\/2024\/05\/1085-gal-240511-004808-D6015-o01\/4078480536.webp\" src=\"data:image\/svg+xml,%3Csvg%20xmlns%3D%22http%3A%2F%2Fwww.w3.org%2F2000%2Fsvg%22%20width%3D%22200%22%20height%3D%22127%22%20viewBox%3D%220%200%20200%20127%22%3E%3C%2Fsvg%3E\" loading=\"eager\"><\/span><span class=\"fg-image-overlay\"><\/span><\/a><figcaption class=\"fg-caption\"><div class=\"fg-caption-inner\"><div class=\"fg-caption-desc\">Belichtungszeit 3 Sekunden.<\/div><\/div><\/figcaption><\/figure><div class=\"fg-loader\"><\/div><\/div><div class=\"fg-item fg-type-image fg-idle\"><figure class=\"fg-item-inner\"><a href=\"https:\/\/www.drphotgraph.de\/wp-content\/uploads\/2024\/05\/1085-gal-240511-004842-D6016-o01.webp\" data-attachment-id=\"11704\" data-e-disable-page-transition=\"true\" data-type=\"image\" class=\"fg-thumb\"><span class=\"fg-image-wrap\"><img decoding=\"async\" alt=\"Polarlicht Nordlicht Aurora borealis Dresden Mai 2024 Elbwiesen Sigma 14mm Arts f\/1.8\" width=\"200\" height=\"127\" class=\"skip-lazy fg-image\" data-src-fg=\"https:\/\/www.drphotgraph.de\/wp-content\/uploads\/cache\/2024\/05\/1085-gal-240511-004842-D6016-o01\/3141435693.webp\" src=\"data:image\/svg+xml,%3Csvg%20xmlns%3D%22http%3A%2F%2Fwww.w3.org%2F2000%2Fsvg%22%20width%3D%22200%22%20height%3D%22127%22%20viewBox%3D%220%200%20200%20127%22%3E%3C%2Fsvg%3E\" loading=\"eager\"><\/span><span class=\"fg-image-overlay\"><\/span><\/a><\/figure><div class=\"fg-loader\"><\/div><\/div><div class=\"fg-item fg-type-image fg-idle\"><figure class=\"fg-item-inner\"><a href=\"https:\/\/www.drphotgraph.de\/wp-content\/uploads\/2024\/05\/1085-gal-240511-004951-D6017-o01.webp\" data-caption-title=\"Blick \u00fcber die Elbe in Richtung Norden.  Der Turm der Martin-Luther-Kirche ist gut zu erkennen.  Oben in der Mitte sind einige Sterne des gro\u00dfen Wagens zu sehen.\" data-caption-desc=\"Blick \u00fcber die Elbe in Richtung Norden.  Der Turm der Martin-Luther-Kirche ist gut zu erkennen.  Oben in der Mitte sind einige Sterne des gro\u00dfen Wagens zu sehen.\" data-attachment-id=\"11705\" data-e-disable-page-transition=\"true\" data-type=\"image\" class=\"fg-thumb\"><span class=\"fg-image-wrap\"><img decoding=\"async\" alt=\"Polarlicht Nordlicht Aurora borealis Dresden Mai 2024 Elbwiesen\" title=\"Blick \u00fcber die Elbe in Richtung Norden.  Der Turm der Martin-Luther-Kirche ist gut zu erkennen.  Oben in der Mitte sind einige Sterne des gro\u00dfen Wagens zu sehen.\" width=\"200\" height=\"124\" class=\"skip-lazy fg-image\" data-src-fg=\"https:\/\/www.drphotgraph.de\/wp-content\/uploads\/cache\/2024\/05\/1085-gal-240511-004951-D6017-o01\/3702517342.webp\" src=\"data:image\/svg+xml,%3Csvg%20xmlns%3D%22http%3A%2F%2Fwww.w3.org%2F2000%2Fsvg%22%20width%3D%22200%22%20height%3D%22124%22%20viewBox%3D%220%200%20200%20124%22%3E%3C%2Fsvg%3E\" loading=\"eager\"><\/span><span class=\"fg-image-overlay\"><\/span><\/a><figcaption class=\"fg-caption\"><div class=\"fg-caption-inner\"><div class=\"fg-caption-desc\">Blick \u00fcber die Elbe in Richtung Norden.  Der Turm der Martin-Luther-Kirche ist gut zu erkennen.  Oben in der Mitte sind einige Sterne des gro\u00dfen Wagens zu sehen.<\/div><\/div><\/figcaption><\/figure><div class=\"fg-loader\"><\/div><\/div><div class=\"fg-item fg-type-image fg-idle\"><figure class=\"fg-item-inner\"><a href=\"https:\/\/www.drphotgraph.de\/wp-content\/uploads\/2024\/05\/1085-gal-240511-005101-D6018-o01.webp\" data-attachment-id=\"11706\" data-e-disable-page-transition=\"true\" data-type=\"image\" class=\"fg-thumb\"><span class=\"fg-image-wrap\"><img decoding=\"async\" alt=\"Polarlicht Nordlicht Aurora borealis Dresden Mai 2024 Elbwiesen\" width=\"200\" height=\"125\" class=\"skip-lazy fg-image\" data-src-fg=\"https:\/\/www.drphotgraph.de\/wp-content\/uploads\/cache\/2024\/05\/1085-gal-240511-005101-D6018-o01\/499849482.webp\" src=\"data:image\/svg+xml,%3Csvg%20xmlns%3D%22http%3A%2F%2Fwww.w3.org%2F2000%2Fsvg%22%20width%3D%22200%22%20height%3D%22125%22%20viewBox%3D%220%200%20200%20125%22%3E%3C%2Fsvg%3E\" loading=\"eager\"><\/span><span class=\"fg-image-overlay\"><\/span><\/a><\/figure><div class=\"fg-loader\"><\/div><\/div><div class=\"fg-item fg-type-image fg-idle\"><figure class=\"fg-item-inner\"><a href=\"https:\/\/www.drphotgraph.de\/wp-content\/uploads\/2024\/05\/1085-gal-240511-005202-D6019-o01.webp\" data-attachment-id=\"11707\" data-e-disable-page-transition=\"true\" data-type=\"image\" class=\"fg-thumb\"><span class=\"fg-image-wrap\"><img decoding=\"async\" alt=\"Polarlicht Nordlicht Aurora borealis Dresden Mai 2024 Elbwiesen\" width=\"200\" height=\"132\" class=\"skip-lazy fg-image\" data-src-fg=\"https:\/\/www.drphotgraph.de\/wp-content\/uploads\/cache\/2024\/05\/1085-gal-240511-005202-D6019-o01\/4227419202.webp\" src=\"data:image\/svg+xml,%3Csvg%20xmlns%3D%22http%3A%2F%2Fwww.w3.org%2F2000%2Fsvg%22%20width%3D%22200%22%20height%3D%22132%22%20viewBox%3D%220%200%20200%20132%22%3E%3C%2Fsvg%3E\" loading=\"eager\"><\/span><span class=\"fg-image-overlay\"><\/span><\/a><\/figure><div class=\"fg-loader\"><\/div><\/div><div class=\"fg-item fg-type-image fg-idle\"><figure class=\"fg-item-inner\"><a href=\"https:\/\/www.drphotgraph.de\/wp-content\/uploads\/2024\/05\/1085-gal-240511-005248-D6020-o01.webp\" data-attachment-id=\"11708\" data-e-disable-page-transition=\"true\" data-type=\"image\" class=\"fg-thumb\"><span class=\"fg-image-wrap\"><img decoding=\"async\" alt=\"Polarlicht Nordlicht Aurora borealis Dresden Mai 2024 Elbwiesen\" width=\"200\" height=\"132\" class=\"skip-lazy fg-image\" data-src-fg=\"https:\/\/www.drphotgraph.de\/wp-content\/uploads\/cache\/2024\/05\/1085-gal-240511-005248-D6020-o01\/2269216566.webp\" src=\"data:image\/svg+xml,%3Csvg%20xmlns%3D%22http%3A%2F%2Fwww.w3.org%2F2000%2Fsvg%22%20width%3D%22200%22%20height%3D%22132%22%20viewBox%3D%220%200%20200%20132%22%3E%3C%2Fsvg%3E\" loading=\"eager\"><\/span><span class=\"fg-image-overlay\"><\/span><\/a><\/figure><div class=\"fg-loader\"><\/div><\/div><div class=\"fg-item fg-type-image fg-idle\"><figure class=\"fg-item-inner\"><a href=\"https:\/\/www.drphotgraph.de\/wp-content\/uploads\/2024\/05\/1085-gal-240511-005435-D6021-o01.webp\" data-caption-title=\"Der blaue Bereich oben rechts von der Mitte ist durch Leuchtreklame entstanden.\" data-caption-desc=\"Der blaue Bereich oben rechts von der Mitte ist durch Leuchtreklame entstanden.\" data-attachment-id=\"11709\" data-e-disable-page-transition=\"true\" data-type=\"image\" class=\"fg-thumb\"><span class=\"fg-image-wrap\"><img decoding=\"async\" alt=\"Polarlicht Nordlicht Aurora borealis Dresden Mai 2024 Elbwiesen Sigma 14mm Arts f\/1,8\" title=\"Der blaue Bereich oben rechts von der Mitte ist durch Leuchtreklame entstanden.\" width=\"200\" height=\"303\" class=\"skip-lazy fg-image\" data-src-fg=\"https:\/\/www.drphotgraph.de\/wp-content\/uploads\/cache\/2024\/05\/1085-gal-240511-005435-D6021-o01\/2573802846.webp\" src=\"data:image\/svg+xml,%3Csvg%20xmlns%3D%22http%3A%2F%2Fwww.w3.org%2F2000%2Fsvg%22%20width%3D%22200%22%20height%3D%22303%22%20viewBox%3D%220%200%20200%20303%22%3E%3C%2Fsvg%3E\" loading=\"eager\"><\/span><span class=\"fg-image-overlay\"><\/span><\/a><figcaption class=\"fg-caption\"><div class=\"fg-caption-inner\"><div class=\"fg-caption-desc\">Der blaue Bereich oben rechts von der Mitte ist durch Leuchtreklame entstanden.<\/div><\/div><\/figcaption><\/figure><div class=\"fg-loader\"><\/div><\/div><div class=\"fg-item fg-type-image fg-idle\"><figure class=\"fg-item-inner\"><a href=\"https:\/\/www.drphotgraph.de\/wp-content\/uploads\/2024\/05\/1085-gal-240511-005534-D6022-o01.webp\" data-attachment-id=\"11710\" data-e-disable-page-transition=\"true\" data-type=\"image\" class=\"fg-thumb\"><span class=\"fg-image-wrap\"><img decoding=\"async\" alt=\"Polarlicht Nordlicht Aurora borealis Dresden Mai 2024 Elbwiesen\" width=\"200\" height=\"303\" class=\"skip-lazy fg-image\" data-src-fg=\"https:\/\/www.drphotgraph.de\/wp-content\/uploads\/cache\/2024\/05\/1085-gal-240511-005534-D6022-o01\/2397593062.webp\" src=\"data:image\/svg+xml,%3Csvg%20xmlns%3D%22http%3A%2F%2Fwww.w3.org%2F2000%2Fsvg%22%20width%3D%22200%22%20height%3D%22303%22%20viewBox%3D%220%200%20200%20303%22%3E%3C%2Fsvg%3E\" loading=\"eager\"><\/span><span class=\"fg-image-overlay\"><\/span><\/a><\/figure><div class=\"fg-loader\"><\/div><\/div><div class=\"fg-item fg-type-image fg-idle\"><figure class=\"fg-item-inner\"><a href=\"https:\/\/www.drphotgraph.de\/wp-content\/uploads\/2024\/05\/1085-gal-240511-005657-D6023-o01.webp\" data-caption-title=\"Sogar in Richtung S\u00fcden sind r\u00f6tliche Polarlichter zu erkennen.  Die blauen Linien sind allerdings Leuchtreklame.\" data-caption-desc=\"Sogar in Richtung S\u00fcden sind r\u00f6tliche Polarlichter zu erkennen.  Die blauen Linien sind allerdings Leuchtreklame.\" data-attachment-id=\"11711\" data-e-disable-page-transition=\"true\" data-type=\"image\" class=\"fg-thumb\"><span class=\"fg-image-wrap\"><img decoding=\"async\" alt=\"Polarlicht Nordlicht Aurora borealis Dresden Mai 2024 Elbwiesen\" title=\"Sogar in Richtung S\u00fcden sind r\u00f6tliche Polarlichter zu erkennen.  Die blauen Linien sind allerdings Leuchtreklame.\" width=\"200\" height=\"303\" class=\"skip-lazy fg-image\" data-src-fg=\"https:\/\/www.drphotgraph.de\/wp-content\/uploads\/cache\/2024\/05\/1085-gal-240511-005657-D6023-o01\/3975779707.webp\" src=\"data:image\/svg+xml,%3Csvg%20xmlns%3D%22http%3A%2F%2Fwww.w3.org%2F2000%2Fsvg%22%20width%3D%22200%22%20height%3D%22303%22%20viewBox%3D%220%200%20200%20303%22%3E%3C%2Fsvg%3E\" loading=\"eager\"><\/span><span class=\"fg-image-overlay\"><\/span><\/a><figcaption class=\"fg-caption\"><div class=\"fg-caption-inner\"><div class=\"fg-caption-desc\">Sogar in Richtung S\u00fcden sind r\u00f6tliche Polarlichter zu erkennen.  Die blauen Linien sind allerdings Leuchtreklame.<\/div><\/div><\/figcaption><\/figure><div class=\"fg-loader\"><\/div><\/div><div class=\"fg-item fg-type-image fg-idle\"><figure class=\"fg-item-inner\"><a href=\"https:\/\/www.drphotgraph.de\/wp-content\/uploads\/2024\/05\/1085-gal-240511-005840-D6024-o01.webp\" data-attachment-id=\"11712\" data-e-disable-page-transition=\"true\" data-type=\"image\" class=\"fg-thumb\"><span class=\"fg-image-wrap\"><img decoding=\"async\" alt=\"Polarlicht Nordlicht Aurora borealis Dresden Mai 2024 Elbwiesen\" width=\"200\" height=\"303\" class=\"skip-lazy fg-image\" data-src-fg=\"https:\/\/www.drphotgraph.de\/wp-content\/uploads\/cache\/2024\/05\/1085-gal-240511-005840-D6024-o01\/2455285846.webp\" src=\"data:image\/svg+xml,%3Csvg%20xmlns%3D%22http%3A%2F%2Fwww.w3.org%2F2000%2Fsvg%22%20width%3D%22200%22%20height%3D%22303%22%20viewBox%3D%220%200%20200%20303%22%3E%3C%2Fsvg%3E\" loading=\"eager\"><\/span><span class=\"fg-image-overlay\"><\/span><\/a><\/figure><div class=\"fg-loader\"><\/div><\/div><\/div><\/div><\/div>\n\t\t\t\t\t\t<\/div>\n\t\t\t\t<\/div>\n\t\t\t\t\t<\/div>\n\t\t<\/div>\n\t\t\t\t\t<\/div>\n\t\t<\/section>\n\t\t\t\t<\/div>\n\t\t","protected":false},"excerpt":{"rendered":"<p>Vermischtes: Aurora Borealis in Dresden Vermischtes: Aurora Borealis in Dresden In der Nacht vom 10. zum 11. Mai 2024 waren in Mitteleuropa ungew\u00f6hnlich starke Polarlichter zu sehen.\u00a0 Ich bin zusammen mit meinem Sohn zur Elbe gegangen, um st\u00f6rende Lichtquellen einigerma\u00dfen&#8230;<\/p>\n","protected":false},"author":1,"featured_media":0,"parent":0,"menu_order":0,"comment_status":"closed","ping_status":"closed","template":"templates\/template-fullscreen.php","meta":{"footnotes":""},"class_list":["post-11715","page","type-page","status-publish","hentry"],"acf":[],"_links":{"self":[{"href":"https:\/\/www.drphotgraph.de\/index.php?rest_route=\/wp\/v2\/pages\/11715","targetHints":{"allow":["GET"]}}],"collection":[{"href":"https:\/\/www.drphotgraph.de\/index.php?rest_route=\/wp\/v2\/pages"}],"about":[{"href":"https:\/\/www.drphotgraph.de\/index.php?rest_route=\/wp\/v2\/types\/page"}],"author":[{"embeddable":true,"href":"https:\/\/www.drphotgraph.de\/index.php?rest_route=\/wp\/v2\/users\/1"}],"replies":[{"embeddable":true,"href":"https:\/\/www.drphotgraph.de\/index.php?rest_route=%2Fwp%2Fv2%2Fcomments&post=11715"}],"version-history":[{"count":0,"href":"https:\/\/www.drphotgraph.de\/index.php?rest_route=\/wp\/v2\/pages\/11715\/revisions"}],"wp:attachment":[{"href":"https:\/\/www.drphotgraph.de\/index.php?rest_route=%2Fwp%2Fv2%2Fmedia&parent=11715"}],"curies":[{"name":"wp","href":"https:\/\/api.w.org\/{rel}","templated":true}]}}