{"id":757,"date":"2023-12-04T20:27:15","date_gmt":"2023-12-04T19:27:15","guid":{"rendered":"https:\/\/www.drphotgraph.de\/hochzeitsfotograf-dresden\/?page_id=757"},"modified":"2025-02-16T19:32:34","modified_gmt":"2025-02-16T18:32:34","slug":"schwangerschaftsfotograf-dresden","status":"publish","type":"page","link":"https:\/\/www.drphotgraph.de\/fotograf-dresden\/schwangerschaftsfotograf-dresden\/","title":{"rendered":"Babybauchfotos Dresden"},"content":{"rendered":"\n<div class=\"wp-block-group DK_schw_titel is-vertical is-content-justification-stretch is-layout-flex wp-container-core-group-is-layout-b16ad781 wp-block-group-is-layout-flex\">\n<div class=\"wp-block-columns is-not-stacked-on-mobile is-layout-flex wp-container-core-columns-is-layout-9d6595d7 wp-block-columns-is-layout-flex\">\n<div class=\"wp-block-column DK_desktop DK_preg_height is-layout-flow wp-block-column-is-layout-flow\" style=\"flex-basis:2%\"><\/div>\n\n\n\n<div class=\"wp-block-column DK_desktop is-layout-flow wp-block-column-is-layout-flow\" style=\"flex-basis:32%\">\n<div style=\"height:1em\" aria-hidden=\"true\" class=\"wp-block-spacer\"><\/div>\n\n\n\n<figure class=\"wp-block-image alignleft size-full is-resized\"><a href=\"https:\/\/www.drphotgraph.de\/\" alt=\"testtext\"><img loading=\"lazy\" decoding=\"async\" width=\"246\" height=\"54\" src=\"https:\/\/www.drphotgraph.de\/fotograf-dresden\/wp-content\/uploads\/2023\/12\/Webseite-logo03.png\" alt=\"Babybauchshooting Dresden Babybauchfotos Schwangerschaftsfotografie\" class=\"wp-image-767\" style=\"width:302px;height:auto\"\/><\/a><\/figure>\n<\/div>\n\n\n\n<div class=\"wp-block-column DK_desktop is-layout-flow wp-block-column-is-layout-flow\" style=\"flex-basis:32%\">\n<div style=\"height:1.6em\" aria-hidden=\"true\" class=\"wp-block-spacer\"><\/div>\n\n\n\n<div style=\"font-size:1vw; text-align:center; \"><A href=\"https:\/\/www.drphotgraph.de\/\" alt=\"Bilder Schwangerschaft Dresden\" style=\"color:#ffffff\">STARTSEITE<\/A>&emsp;&emsp;&emsp;<a href=\"#RechtlichesAnchor\" style=\"color:#ffffff\">RECHTLICHES<\/A><\/div>\n<\/div>\n\n\n\n<div class=\"wp-block-column DK_desktop is-layout-flow wp-block-column-is-layout-flow\" style=\"flex-basis:32%\">\n<div style=\"height:1em\" aria-hidden=\"true\" class=\"wp-block-spacer\"><\/div>\n\n\n\n<div style=\"font-size:2.6vw; text-align:right;text-transform:none\"><A href=\"https:\/\/www.drphotgraph.de\/?page_id=6496\" style=\"color:#ffffff\">Kontakt &#038; Buchung<\/A><\/div>\n<\/div>\n\n\n\n<div class=\"wp-block-column DK_desktop is-layout-flow wp-block-column-is-layout-flow\" style=\"flex-basis:2%\"><\/div>\n<\/div>\n\n\n\n<div class=\"wp-block-columns is-not-stacked-on-mobile DK_mobile is-layout-flex wp-container-core-columns-is-layout-9d6595d7 wp-block-columns-is-layout-flex\">\n<div class=\"wp-block-column DK_mobile is-layout-flow wp-block-column-is-layout-flow\" style=\"flex-basis:49%\">\n<figure class=\"wp-block-image size-full is-resized\"><a href=\"https:\/\/www.drphotgraph.de\/fotograf-dresden\/\"><img loading=\"lazy\" decoding=\"async\" width=\"246\" height=\"54\" src=\"https:\/\/www.drphotgraph.de\/fotograf-dresden\/wp-content\/uploads\/2023\/12\/Webseite-logo03.png\" alt=\"Dresden Schwangerschaftsfotografie Neugeborenenfotografie Portraitfotografie\" class=\"wp-image-767\" style=\"width:371px;height:auto\"\/><\/a><\/figure>\n<\/div>\n\n\n\n<div class=\"wp-block-column DK_mobile DK_preg_height is-layout-flow wp-block-column-is-layout-flow\" style=\"flex-basis:2%\"><\/div>\n\n\n\n<div class=\"wp-block-column DK_mobile is-layout-flow wp-block-column-is-layout-flow\" style=\"flex-basis:49%\">\n<div style=\"font-size:4vw; text-align:right;text-transform:none\"><A href=\"https:\/\/www.drphotgraph.de\/?page_id=6496\" style=\"color:#ffffff\">Kontakt &#038; Buchung<\/A><\/div>\n<\/div>\n<\/div>\n\n\n\n<div class=\"DK_preg_height preg-diashow-font\" style=\"position: relative;\n   animation-duration: 12s;\n   animation-name: DK_int_konbuc;\n   animation-timing-function: linear;\n   animation-delay: 0s;\"><a style=\"color:#ffffff\" href=\"https:\/\/www.drphotgraph.de\/\">Diashow starten&#8230;<\/a><\/div>\n\n\n\n<H1>Babybauchfotos in Dresden<\/H1>\n<\/div>\n\n\n\n<div class=\"DK_desktop\" style=\"height:1vw\"><\/div>\n\n\n\n<div class=\"DK_mobile\" style=\"height:2vw\"><\/div>\n\n\n\n<div class=\"wp-block-columns is-layout-flex wp-container-core-columns-is-layout-9d6595d7 wp-block-columns-is-layout-flex\">\n<div class=\"wp-block-column DK_desktop is-layout-flow wp-block-column-is-layout-flow\" style=\"flex-basis:8%\"><\/div>\n\n\n\n<div class=\"wp-block-column is-layout-flow wp-block-column-is-layout-flow\" style=\"flex-basis:56%\">\n<p>Eine Schwangerschaft ist f\u00fcr die werdenden Eltern immer eine emotional sehr bewegte besondere Zeit, die man gern auf Fotos festhalten m\u00f6chte.<\/p>\n\n\n\n<p>Ein g\u00fcnstiger Zeitpunkt f\u00fcr ein Babybauchshooting ist in etwa 4 Wochen vor dem berechneten Geburtstermin. Der Bauch ist dann deutlich ausgepr\u00e4gt, und das Risiko einer unerwarteten Geburt vor oder bei dem Shooting ist noch gering.<\/p>\n\n\n\n<p>Vor dem Babybauchshooting sollten Sie sich einige Gedanken machen, wobei ich Sie gern auch berate:<\/p>\n\n\n\n<ul class=\"wp-block-list\">\n<li>M\u00f6chten Sie den werdenden Vater oder Geschwisterkinder mit in die Babybauchfotos einbeziehen? Auch wenn der werdende Vater nicht fotografiert wird, kann er das Shooting gern begleiten.<\/li>\n\n\n\n<li>Welche Requisiten m\u00f6chten Sie verwenden? Beliebt sind z.B. Babyschuhe, Kuscheltiere, ein Ultraschallbild oder \u00e4hnliche Dinge, die einen engen Bezug zum Baby haben.<\/li>\n\n\n\n<li>Welche Kleidung m\u00f6chten Sie tragen? In meiner Galerie finden Sie einige Anregungen. Wenn Sie Ihren Bauch nicht nackt fotografiert haben m\u00f6chten, dann k\u00f6nnen Sie gern ein enges, m\u00f6glichst einfarbiges, Kleid tragen. Sehr gut geeignet sind T\u00fccher und \u00e4hnliches\u2026<\/li>\n<\/ul>\n\n\n\n<p>Geschenkgutscheine \u00fcber Babybauchfotos sind nat\u00fcrlich auch m\u00f6glich.<\/p>\n<\/div>\n\n\n\n<div class=\"wp-block-column DK_desktop is-layout-flow wp-block-column-is-layout-flow\" style=\"flex-basis:6%\"><\/div>\n\n\n\n<div class=\"wp-block-column DK_desktop is-layout-flow wp-block-column-is-layout-flow\" style=\"flex-basis:24%\">\n<figure class=\"wp-block-image size-full\"><img loading=\"lazy\" decoding=\"async\" width=\"511\" height=\"900\" src=\"https:\/\/www.drphotgraph.de\/fotograf-dresden\/wp-content\/uploads\/2023\/12\/pfj-220112-184637-D3185-o03.webp\" alt=\"Schwangerschaftsfotos Babybauchfotos Dresden Bilder Schwangerschaft Fotograf Bischofswerda\" class=\"wp-image-824\" srcset=\"https:\/\/www.drphotgraph.de\/fotograf-dresden\/wp-content\/uploads\/2023\/12\/pfj-220112-184637-D3185-o03.webp 511w, https:\/\/www.drphotgraph.de\/fotograf-dresden\/wp-content\/uploads\/2023\/12\/pfj-220112-184637-D3185-o03-170x300.webp 170w\" sizes=\"auto, (max-width: 511px) 100vw, 511px\" \/><\/figure>\n<\/div>\n\n\n\n<div class=\"wp-block-column DK_desktop is-layout-flow wp-block-column-is-layout-flow\" style=\"flex-basis:8%\"><\/div>\n<\/div>\n\n\n\n<div style=\"height:1em\" aria-hidden=\"true\" class=\"wp-block-spacer DK_desktop\"><\/div>\n\n\n\n<div class=\"wp-block-columns alignfull are-vertically-aligned-top is-not-stacked-on-mobile DK_four_columns is-layout-flex wp-container-core-columns-is-layout-9d6595d7 wp-block-columns-is-layout-flex\">\n<div class=\"wp-block-column is-vertically-aligned-top DK_desktop is-layout-flow wp-block-column-is-layout-flow\" style=\"flex-basis:20%\">\n<figure class=\"wp-block-image size-full hoverzoom10 DK_fadleft_slow\"><a href=\"https:\/\/www.drphotgraph.de\/?page_id=5353\"><img loading=\"lazy\" decoding=\"async\" width=\"494\" height=\"750\" src=\"https:\/\/www.drphotgraph.de\/fotograf-dresden\/wp-content\/uploads\/2023\/12\/pfi-220910-183243-D4162-o03pf.webp\" alt=\"Babybauchfotos Dresden Babybauchfotograf\u00a0 Fotograf Freital Wilsdruff Elbwiesen\" class=\"wp-image-866\" srcset=\"https:\/\/www.drphotgraph.de\/fotograf-dresden\/wp-content\/uploads\/2023\/12\/pfi-220910-183243-D4162-o03pf.webp 494w, https:\/\/www.drphotgraph.de\/fotograf-dresden\/wp-content\/uploads\/2023\/12\/pfi-220910-183243-D4162-o03pf-198x300.webp 198w\" sizes=\"auto, (max-width: 494px) 100vw, 494px\" \/><\/a><figcaption class=\"wp-element-caption\"><a style=\"color:#FFFFFF\" href=\"https:\/\/www.drphotgraph.de\/?page_id=5353\"><div class=\"my_H2_font\">Galerie<\/div><\/a><\/figcaption><\/figure>\n<\/div>\n\n\n\n<div class=\"wp-block-column is-vertically-aligned-top DK_desktop is-layout-flow wp-block-column-is-layout-flow\" style=\"flex-basis:20%\">\n<figure class=\"wp-block-image size-full hoverzoom10 DK_fadup_fast\"><a href=\"https:\/\/www.drphotgraph.de\/?page_id=5365\"><img loading=\"lazy\" decoding=\"async\" width=\"687\" height=\"750\" src=\"https:\/\/www.drphotgraph.de\/fotograf-dresden\/wp-content\/uploads\/2023\/12\/pfi-220112-201533-D3255-o04.webp\" alt=\"Babybauchfotos Dresden Schwangerenfotografie schwanger Foto Babybauch Pirna Moritzburg\" class=\"wp-image-870\" srcset=\"https:\/\/www.drphotgraph.de\/fotograf-dresden\/wp-content\/uploads\/2023\/12\/pfi-220112-201533-D3255-o04.webp 687w, https:\/\/www.drphotgraph.de\/fotograf-dresden\/wp-content\/uploads\/2023\/12\/pfi-220112-201533-D3255-o04-275x300.webp 275w\" sizes=\"auto, (max-width: 687px) 100vw, 687px\" \/><\/a><figcaption class=\"wp-element-caption\"><a style=\"color:#FFFFFF\" href=\"https:\/\/www.drphotgraph.de\/?page_id=5365\"><div class=\"my_H2_font\">Raquel<\/div><\/a><\/figcaption><\/figure>\n<\/div>\n\n\n\n<div class=\"wp-block-column is-vertically-aligned-top DK_desktop is-layout-flow wp-block-column-is-layout-flow\" style=\"flex-basis:20%\">\n<figure class=\"wp-block-image size-full hoverzoom10 DK_fadup_slow\"><a href=\"https:\/\/www.drphotgraph.de\/?page_id=5375\"><img loading=\"lazy\" decoding=\"async\" width=\"750\" height=\"685\" src=\"https:\/\/www.drphotgraph.de\/fotograf-dresden\/wp-content\/uploads\/2023\/12\/pfi-160725-120014-D0932-r03.webp\" alt=\"Babybauch Fotos Babybauch Fotograf Dresden Bilder Foto Schwangerschaft Radebeul\" class=\"wp-image-871\" srcset=\"https:\/\/www.drphotgraph.de\/fotograf-dresden\/wp-content\/uploads\/2023\/12\/pfi-160725-120014-D0932-r03.webp 750w, https:\/\/www.drphotgraph.de\/fotograf-dresden\/wp-content\/uploads\/2023\/12\/pfi-160725-120014-D0932-r03-300x274.webp 300w\" sizes=\"auto, (max-width: 750px) 100vw, 750px\" \/><\/a><figcaption class=\"wp-element-caption\"><a href=\"https:\/\/www.drphotgraph.de\/?page_id=5375\" style=\"color:#FFFFFF\"><div class=\"my_H2_font\">Elisabeth<\/div><\/a><\/figcaption><\/figure>\n<\/div>\n\n\n\n<div class=\"wp-block-column is-vertically-aligned-top DK_desktop is-layout-flow wp-block-column-is-layout-flow\" style=\"flex-basis:20%\">\n<figure class=\"wp-block-image size-full hoverzoom10 DK_fadright_fast\"><a href=\"https:\/\/www.drphotgraph.de\/?page_id=5338\"><img loading=\"lazy\" decoding=\"async\" width=\"486\" height=\"720\" src=\"https:\/\/www.drphotgraph.de\/fotograf-dresden\/wp-content\/uploads\/2023\/12\/pfi-211031-162730-D2503-o03.webp\" alt=\"Babybauchfotos Dresden Schwangerschaftsfotograf Bilder Schwangerschaft Dresden Heidenau Radeberg\" class=\"wp-image-873\" srcset=\"https:\/\/www.drphotgraph.de\/fotograf-dresden\/wp-content\/uploads\/2023\/12\/pfi-211031-162730-D2503-o03.webp 486w, https:\/\/www.drphotgraph.de\/fotograf-dresden\/wp-content\/uploads\/2023\/12\/pfi-211031-162730-D2503-o03-203x300.webp 203w\" sizes=\"auto, (max-width: 486px) 100vw, 486px\" \/><\/a><figcaption class=\"wp-element-caption\"><a href=\"https:\/\/www.drphotgraph.de\/?page_id=5338\" style=\"color:#FFFFFF\"><div class=\"my_H2_font\">Anke<\/div><\/a><\/figcaption><\/figure>\n<\/div>\n<\/div>\n\n\n\n<div class=\"wp-block-columns is-not-stacked-on-mobile DK_four_columns is-layout-flex wp-container-core-columns-is-layout-9d6595d7 wp-block-columns-is-layout-flex\">\n<div class=\"wp-block-column DK_mobile is-layout-flow wp-block-column-is-layout-flow\" style=\"flex-basis:50%\">\n<figure class=\"wp-block-image size-full hoverflip\"><a href=\"https:\/\/www.drphotgraph.de\/?page_id=5365\"><img loading=\"lazy\" decoding=\"async\" width=\"366\" height=\"400\" src=\"https:\/\/www.drphotgraph.de\/fotograf-dresden\/wp-content\/uploads\/2023\/12\/pfj-220112-201533-D3255-o04.webp\" alt=\"Babybauchfotos Dresden Schwangerenfotografie schwanger Foto Babybauch Pirna Moritzburg\" class=\"wp-image-868\" srcset=\"https:\/\/www.drphotgraph.de\/fotograf-dresden\/wp-content\/uploads\/2023\/12\/pfj-220112-201533-D3255-o04.webp 366w, https:\/\/www.drphotgraph.de\/fotograf-dresden\/wp-content\/uploads\/2023\/12\/pfj-220112-201533-D3255-o04-275x300.webp 275w\" sizes=\"auto, (max-width: 366px) 100vw, 366px\" \/><\/a><figcaption class=\"wp-element-caption\"><a style=\"color:#FFFFFF\" href=\"https:\/\/www.drphotgraph.de\/?page_id=5365\"><div class=\"my_H2_font\">Raquel<\/div><\/a><\/figcaption><\/figure>\n\n\n\n<figure class=\"wp-block-image size-full hoverflip\"><a href=\"https:\/\/www.drphotgraph.de\/?page_id=5353\"><img loading=\"lazy\" decoding=\"async\" width=\"263\" height=\"400\" src=\"https:\/\/www.drphotgraph.de\/fotograf-dresden\/wp-content\/uploads\/2023\/12\/pfj-220910-183243-D4162-o03pf.webp\" alt=\"Babybauchfotos Dresden Babybauchfotograf Fotograf Freital Wilsdruff Elbwiesen\" class=\"wp-image-867\" srcset=\"https:\/\/www.drphotgraph.de\/fotograf-dresden\/wp-content\/uploads\/2023\/12\/pfj-220910-183243-D4162-o03pf.webp 263w, https:\/\/www.drphotgraph.de\/fotograf-dresden\/wp-content\/uploads\/2023\/12\/pfj-220910-183243-D4162-o03pf-197x300.webp 197w\" sizes=\"auto, (max-width: 263px) 100vw, 263px\" \/><\/a><figcaption class=\"wp-element-caption\"><a href=\"https:\/\/www.drphotgraph.de\/?page_id=5353\" style=\"color:#FFFFFF\"><div class=\"my_H2_font\">Galerie<\/div><\/a><\/figcaption><\/figure>\n<\/div>\n\n\n\n<div class=\"wp-block-column DK_mobile is-layout-flow wp-block-column-is-layout-flow\" style=\"flex-basis:50%\">\n<figure class=\"wp-block-image size-full hoverflip\"><a href=\"https:\/\/www.drphotgraph.de\/?page_id=5338\"><img loading=\"lazy\" decoding=\"async\" width=\"270\" height=\"400\" src=\"https:\/\/www.drphotgraph.de\/fotograf-dresden\/wp-content\/uploads\/2023\/12\/pfj-211031-162730-D2503-o03.webp\" alt=\"Babybauchfotos Dresden Schwangerschaftsfotograf Bilder Schwangerschaft Dresden Heidenau Radeberg\" class=\"wp-image-874\" srcset=\"https:\/\/www.drphotgraph.de\/fotograf-dresden\/wp-content\/uploads\/2023\/12\/pfj-211031-162730-D2503-o03.webp 270w, https:\/\/www.drphotgraph.de\/fotograf-dresden\/wp-content\/uploads\/2023\/12\/pfj-211031-162730-D2503-o03-203x300.webp 203w\" sizes=\"auto, (max-width: 270px) 100vw, 270px\" \/><\/a><figcaption class=\"wp-element-caption\"><a href=\"https:\/\/www.drphotgraph.de\/?page_id=5338\" style=\"color:#FFFFFF\"><div class=\"my_H2_font\">Anke<\/div><\/a><\/figcaption><\/figure>\n\n\n\n<figure class=\"wp-block-image size-full hoverflip\"><a href=\"https:\/\/www.drphotgraph.de\/?page_id=5375\"><img loading=\"lazy\" decoding=\"async\" width=\"350\" height=\"320\" src=\"https:\/\/www.drphotgraph.de\/fotograf-dresden\/wp-content\/uploads\/2023\/12\/pfj-160725-120014-D0932-r03.webp\" alt=\"Babybauch Fotos Babybauch Fotograf Dresden Bilder Foto Schwangerschaft Radebeul\" class=\"wp-image-872\" srcset=\"https:\/\/www.drphotgraph.de\/fotograf-dresden\/wp-content\/uploads\/2023\/12\/pfj-160725-120014-D0932-r03.webp 350w, https:\/\/www.drphotgraph.de\/fotograf-dresden\/wp-content\/uploads\/2023\/12\/pfj-160725-120014-D0932-r03-300x274.webp 300w\" sizes=\"auto, (max-width: 350px) 100vw, 350px\" \/><\/a><figcaption class=\"wp-element-caption\"><a href=\"https:\/\/www.drphotgraph.de\/?page_id=5375\" style=\"color:#FFFFFF\"><div class=\"my_H2_font\">Elisabeth<\/div><\/a><\/figcaption><\/figure>\n<\/div>\n<\/div>\n\n\n\n<div style=\"height:1em\" aria-hidden=\"true\" class=\"wp-block-spacer\"><\/div>\n\n\n\n<div class=\"wp-block-columns is-layout-flex wp-container-core-columns-is-layout-9d6595d7 wp-block-columns-is-layout-flex\">\n<div class=\"wp-block-column DK_desktop is-layout-flow wp-block-column-is-layout-flow\" style=\"flex-basis:8%\"><\/div>\n\n\n\n<div class=\"wp-block-column DK_desktop is-layout-flow wp-block-column-is-layout-flow\" style=\"flex-basis:24%\">\n<figure class=\"wp-block-image size-full\"><img loading=\"lazy\" decoding=\"async\" width=\"500\" height=\"268\" src=\"https:\/\/www.drphotgraph.de\/fotograf-dresden\/wp-content\/uploads\/2024\/01\/pfi-211031-170414-D2539-o03.webp\" alt=\"Schwangerschaftsfotograf Dresden Babybauchfotos Fotograf Schwangerschaft\" class=\"wp-image-1083\" srcset=\"https:\/\/www.drphotgraph.de\/fotograf-dresden\/wp-content\/uploads\/2024\/01\/pfi-211031-170414-D2539-o03.webp 500w, https:\/\/www.drphotgraph.de\/fotograf-dresden\/wp-content\/uploads\/2024\/01\/pfi-211031-170414-D2539-o03-300x161.webp 300w\" sizes=\"auto, (max-width: 500px) 100vw, 500px\" \/><\/figure>\n<\/div>\n\n\n\n<div class=\"wp-block-column DK_desktop is-layout-flow wp-block-column-is-layout-flow\" style=\"flex-basis:6%\"><\/div>\n\n\n\n<div class=\"wp-block-column is-layout-flow wp-block-column-is-layout-flow\" style=\"flex-basis:56%\">\n<p>F\u00fcr eine optimale Gestaltung Ihrer Babybauchfotos stehen ferngesteuerte Blitze, gro\u00dfe mobile Lichtformer und hochwertige, lichtstarke Festbrennweiten wie das Canon EF 85mm f\/1.2 L oder das Sigma Arts 50mm f\/1.4 zur Verf\u00fcgung. Historische Objektive aus meiner beachtlichen Sammlung, wie z.B. sehr fr\u00fche Takumare von Pentax, sowjetische Helios oder Tessare von Carl Zeiss aus den Jahren 1932 und 1955, kann ich auf Wunsch gern einsetzen.<\/p>\n<\/div>\n\n\n\n<div class=\"wp-block-column DK_desktop is-layout-flow wp-block-column-is-layout-flow\" style=\"flex-basis:8%\"><\/div>\n<\/div>\n\n\n\n<div style=\"height:1em\" aria-hidden=\"true\" class=\"wp-block-spacer\"><\/div>\n\n\n\n<div class=\"wp-block-columns is-layout-flex wp-container-core-columns-is-layout-9d6595d7 wp-block-columns-is-layout-flex\">\n<div class=\"wp-block-column DK-desktop is-layout-flow wp-block-column-is-layout-flow\" style=\"flex-basis:8%\"><\/div>\n\n\n\n<div class=\"wp-block-column is-layout-flow wp-block-column-is-layout-flow\" style=\"flex-basis:56%\">\n<p>Als Schwangerschaftsfotograf verf\u00fcge \u00fcber ein breites Repertoire an Bearbeitungstechniken, um Ihre Fotos optimal zu veredeln. Da ich \u00fcblicherweise versuche, den Bauch durch geeignete Lichtf\u00fchrung plastisch darzustellen, werden leider auch Druckstellen von der Kleidung stark betont. Im folgenden Beispiel habe ich derartige Druckstellen mit Hilfe von 32-bit Wavelets und frequenzseparierter Hautretusche entfernt, wobei auch selbst programmierte Filter zum Einsatz gekommen sind.<\/p>\n<\/div>\n\n\n\n<div class=\"wp-block-column is-layout-flow wp-block-column-is-layout-flow\" style=\"flex-basis:6%\"><\/div>\n\n\n\n<div class=\"wp-block-column DK_desktop is-layout-flow wp-block-column-is-layout-flow\" style=\"flex-basis:24%\">\n<figure class=\"wp-block-image size-full\"><img loading=\"lazy\" decoding=\"async\" width=\"500\" height=\"226\" src=\"https:\/\/www.drphotgraph.de\/fotograf-dresden\/wp-content\/uploads\/2023\/12\/pfi-220112-193116-D3215-o03.webp\" alt=\"Babybauchfotos Bilder Schwangerschaft Dresden Schwangerschaftsfotos Blasewitz\" class=\"wp-image-900\" srcset=\"https:\/\/www.drphotgraph.de\/fotograf-dresden\/wp-content\/uploads\/2023\/12\/pfi-220112-193116-D3215-o03.webp 500w, https:\/\/www.drphotgraph.de\/fotograf-dresden\/wp-content\/uploads\/2023\/12\/pfi-220112-193116-D3215-o03-300x136.webp 300w\" sizes=\"auto, (max-width: 500px) 100vw, 500px\" \/><\/figure>\n<\/div>\n\n\n\n<div class=\"wp-block-column DK-desktop is-layout-flow wp-block-column-is-layout-flow\" style=\"flex-basis:8%\"><\/div>\n<\/div>\n\n\n\n<div class=\"wp-block-columns is-layout-flex wp-container-core-columns-is-layout-9d6595d7 wp-block-columns-is-layout-flex\">\n<div class=\"wp-block-column DK_desktop is-layout-flow wp-block-column-is-layout-flow\" style=\"flex-basis:20%\"><\/div>\n\n\n\n<div class=\"wp-block-column is-layout-flow wp-block-column-is-layout-flow\" style=\"flex-basis:60%\">\n\t\t\t\n\t<style type=\"text\/css\">\n\t\t.slider-info-909.bafg-slider-info .bafg-slider-title {\n\t\t\t\t\t\t\tfont-size:\n\t\t\t\t\t22px\t\t\t\t;\n\t\t\t\n\t\t\t\n\t\t\t\t\t}\n\n\t\t.slider-info-909.bafg-slider-info .bafg-slider-description {\n\t\t\t\n\t\t\t\n\t\t\t\t\t}\n\t\t\n\t\t\n\t\t.slider-info-909.bafg-slider-info .bafg_slider_readmore_button {\n\t\t\t\n\t\t\t\n\t\t\t\n\t\t\t\n\t\t\t\n\t\t\ttext-align: center;\n\n\t\t\t\n\t\t\t\n\t\t\t\n\t\t\t\n\t\t\t\t\t}\n\n\t\t.slider-info-909.bafg-slider-info .bafg_slider_readmore_button:hover {\n\n\t\t\t\n\t\t\t\n\t\t\t\t\t}\n\t<\/style>\n\t\n\t\t\t<div class=\"bafg-twentytwenty-container slider-909  \"\n\t\t\t\tbafg-orientation=\"horizontal\" bafg-default-offset=\"0.5\"\n\t\t\t\tbafg-before-label=\"Ohne Hautretusche\"\n\t\t\t\tbafg-after-label=\"Hautretusche mit 32bit-Wavelets\" bafg-overlay=\"1\"\n\t\t\t\tbafg-move-slider-on-hover=\"\"\n\t\t\t\tbafg-click-to-move=\"\">\n\n\t\t\t\t\t\t\t\t<img class=\"\" \t\t\t\t\tsrc=\"https:\/\/www.drphotgraph.de\/fotograf-dresden\/wp-content\/uploads\/2024\/03\/1044-bf-211031-161649-D2484-v02.webp\" alt=\"Schwangerschaftsshooting Retusche Beautyretusche Babybauch Frequenzseparierte Hautretusche\">\n\t\t\t\t<img class=\"\" \t\t\t\t\tsrc=\"https:\/\/www.drphotgraph.de\/fotograf-dresden\/wp-content\/uploads\/2024\/03\/1044-bf-211031-161649-D2484-v04.webp\" alt=\"Schwangerschaftsshooting Retusche Beautyretusche Babybauch Frequenztrennung wavelet\">\n\n\t\t\t<\/div>\n\n\t\t\t\t<div class=\"bafg-slider-info-wraper\">\n\t\t<div style=\"\" class=\"slider-info-909 bafg-slider-info\">\n\t\t\t\t\t<\/div>\n\t<\/div>\n\t\n\t\t\t<style type=\"text\/css\">\n\t\t\t\t\t\t\t\t\t\t\t<\/style>\n\t\t\t\n<\/div>\n\n\n\n<div class=\"wp-block-column DK_desktop is-layout-flow wp-block-column-is-layout-flow\" style=\"flex-basis:20%\"><\/div>\n<\/div>\n\n\n\n<div style=\"height:1em\" aria-hidden=\"true\" class=\"wp-block-spacer DK_desktop\"><\/div>\n\n\n\n<div class=\"wp-block-columns is-layout-flex wp-container-core-columns-is-layout-9d6595d7 wp-block-columns-is-layout-flex\">\n<div class=\"wp-block-column is-layout-flow wp-block-column-is-layout-flow\"><\/div>\n\n\n\n<div class=\"wp-block-column is-layout-flow wp-block-column-is-layout-flow\">\n<div class=\"wp-block-columns is-layout-flex wp-container-core-columns-is-layout-9d6595d7 wp-block-columns-is-layout-flex\">\n<div class=\"wp-block-column is-layout-flow wp-block-column-is-layout-flow\" style=\"flex-basis:25%\"><\/div>\n\n\n\n<div class=\"wp-block-column is-layout-flow wp-block-column-is-layout-flow\" style=\"flex-basis:25%\"><\/div>\n<\/div>\n\n\n\n<p class=\"has-text-align-center\" id=\"RechtlichesAnchor\"><kbd>RECHTLICHES<\/kbd><\/p>\n\n\n\n<p class=\"has-text-align-center\"><a href=\"https:\/\/www.drphotgraph.de\/?page_id=41\">Impressum<\/a><\/p>\n\n\n\n<p class=\"has-text-align-center\"><a href=\"https:\/\/www.drphotgraph.de\/?page_id=2348\">Datenschutzerkl\u00e4rung<\/a><\/p>\n\n\n\n<p class=\"has-text-align-center\"><a href=\"https:\/\/www.drphotgraph.de\/?page_id=2347\">Haftungsausschluss<\/a><\/p>\n\n\n\n<p class=\"has-text-align-center\">2025 \u00a9 Dr. Daniel Kirsten<\/p>\n<\/div>\n\n\n\n<div class=\"wp-block-column is-layout-flow wp-block-column-is-layout-flow\"><\/div>\n<\/div>\n\n\n\n<p><\/p>\n","protected":false},"excerpt":{"rendered":"<p>STARTSEITE&emsp;&emsp;&emsp;RECHTLICHES Kontakt &#038; Buchung Kontakt &#038; Buchung Diashow starten&#8230; Babybauchfotos in Dresden Eine Schwangerschaft ist f\u00fcr die werdenden Eltern immer eine emotional sehr bewegte besondere Zeit, die man gern auf Fotos festhalten m\u00f6chte. Ein g\u00fcnstiger Zeitpunkt f\u00fcr ein Babybauchshooting ist in etwa 4 Wochen vor dem berechneten Geburtstermin. Der Bauch ist dann deutlich ausgepr\u00e4gt, und &#8230; <a title=\"Babybauchfotos Dresden\" class=\"read-more\" href=\"https:\/\/www.drphotgraph.de\/fotograf-dresden\/schwangerschaftsfotograf-dresden\/\" aria-label=\"Mehr Informationen \u00fcber Babybauchfotos Dresden\">Weiterlesen<\/a><\/p>\n","protected":false},"author":1,"featured_media":0,"parent":0,"menu_order":0,"comment_status":"closed","ping_status":"closed","template":"","meta":{"footnotes":""},"class_list":["post-757","page","type-page","status-publish"],"_links":{"self":[{"href":"https:\/\/www.drphotgraph.de\/fotograf-dresden\/wp-json\/wp\/v2\/pages\/757","targetHints":{"allow":["GET"]}}],"collection":[{"href":"https:\/\/www.drphotgraph.de\/fotograf-dresden\/wp-json\/wp\/v2\/pages"}],"about":[{"href":"https:\/\/www.drphotgraph.de\/fotograf-dresden\/wp-json\/wp\/v2\/types\/page"}],"author":[{"embeddable":true,"href":"https:\/\/www.drphotgraph.de\/fotograf-dresden\/wp-json\/wp\/v2\/users\/1"}],"replies":[{"embeddable":true,"href":"https:\/\/www.drphotgraph.de\/fotograf-dresden\/wp-json\/wp\/v2\/comments?post=757"}],"version-history":[{"count":0,"href":"https:\/\/www.drphotgraph.de\/fotograf-dresden\/wp-json\/wp\/v2\/pages\/757\/revisions"}],"wp:attachment":[{"href":"https:\/\/www.drphotgraph.de\/fotograf-dresden\/wp-json\/wp\/v2\/media?parent=757"}],"curies":[{"name":"wp","href":"https:\/\/api.w.org\/{rel}","templated":true}]}}